{"id":3243,"date":"2020-06-23T09:45:21","date_gmt":"2020-06-23T08:45:21","guid":{"rendered":"http:\/\/nortycod.com\/presupuesto\/"},"modified":"2020-09-17T11:31:46","modified_gmt":"2020-09-17T10:31:46","slug":"presupuesto-reformas-tenerife","status":"publish","type":"page","link":"https:\/\/nortycod.com\/es\/presupuesto-reformas-tenerife\/","title":{"rendered":"Presupuesto"},"content":{"rendered":"<div class=\"wpb-content-wrapper\"><p>[vc_row full_width=\u00bbstretch_row_content_no_spaces\u00bb css=\u00bb.vc_custom_1593442594793{padding-bottom: 250px !important;background-image: url(http:\/\/nortycod.com\/wp-content\/uploads\/2020\/06\/pag-presupuesto-portada.jpg?id=2369) !important;background-position: center !important;background-repeat: no-repeat !important;background-size: cover !important;}\u00bb][vc_column][vc_row_inner css=\u00bb.vc_custom_1593442409362{margin-top: -40px !important;padding-bottom: 50px !important;background-color: rgba(0,0,0,0.26) !important;*background-color: rgb(0,0,0) !important;}\u00bb][vc_column_inner][vc_custom_heading text=\u00bbPRESUPUESTO SIN COMPROMISO\u00bb font_container=\u00bbtag:h1|text_align:center|color:%23ffffff\u00bb use_theme_fonts=\u00bbyes\u00bb][vc_column_text]<\/p>\n<div class=\"styled-subtitle subheading\" style=\"text-align: center;\"><span style=\"color: #ffffff;\">\u00bfQuieres saber cu\u00e1nto cuesta y que te demos un precio<br \/>\naproximado? Solo tienes que rellenar el siguiente formulario<\/span><\/div>\n<p>[\/vc_column_text][\/vc_column_inner][\/vc_row_inner][\/vc_column][\/vc_row][vc_row css=\u00bb.vc_custom_1592830992099{margin-top: 100px !important;margin-bottom: 100px !important;}\u00bb][vc_column width=\u00bb1\/6&#8243;][\/vc_column][vc_column width=\u00bb2\/3&#8243; css=\u00bb.vc_custom_1593420852609{background-color: #fff474 !important;}\u00bb el_class=\u00bbform-box\u00bb][vc_custom_heading text=\u00bbFORMULARIO DE PRESUPUESTO\u00bb font_container=\u00bbtag:h3|text_align:center|color:%23000000&#8243; use_theme_fonts=\u00bbyes\u00bb css=\u00bb.vc_custom_1593420884326{margin-bottom: 80px !important;padding-top: 50px !important;}\u00bb]\n<div class=\"wpcf7 no-js\" id=\"wpcf7-f2373-o1\" lang=\"es-ES\" dir=\"ltr\" data-wpcf7-id=\"2373\">\n<div class=\"screen-reader-response\"><p role=\"status\" aria-live=\"polite\" aria-atomic=\"true\"><\/p> <ul><\/ul><\/div>\n<form action=\"\/es\/wp-json\/wp\/v2\/pages\/3243#wpcf7-f2373-o1\" method=\"post\" class=\"wpcf7-form init gem-contact-form-white\" aria-label=\"Formulario de contacto\" enctype=\"multipart\/form-data\" novalidate=\"novalidate\" data-status=\"init\">\n<fieldset class=\"hidden-fields-container\"><input type=\"hidden\" name=\"_wpcf7\" value=\"2373\" \/><input type=\"hidden\" name=\"_wpcf7_version\" value=\"6.1.5\" \/><input type=\"hidden\" name=\"_wpcf7_locale\" value=\"es_ES\" \/><input type=\"hidden\" name=\"_wpcf7_unit_tag\" value=\"wpcf7-f2373-o1\" \/><input type=\"hidden\" name=\"_wpcf7_container_post\" value=\"0\" \/><input type=\"hidden\" name=\"_wpcf7_posted_data_hash\" value=\"\" \/>\n<\/fieldset>\n<div id=\"responsive-form\" class=\"clearfix\">\n  <div class=\"form-row\">\n     <div class=\"column-full\">NOMBRE Y APELLIDOS*:<span class=\"wpcf7-form-control-wrap\" data-name=\"first-name\"><input size=\"40\" maxlength=\"400\" class=\"wpcf7-form-control wpcf7-text wpcf7-validates-as-required\" aria-required=\"true\" aria-invalid=\"false\" value=\"\" type=\"text\" name=\"first-name\" \/><\/span><\/div>\n  <\/div>\n \n  <div class=\"form-row\">\n     <div class=\"column-full\">EMAIL*:<span class=\"wpcf7-form-control-wrap\" data-name=\"email\"><input size=\"40\" maxlength=\"400\" class=\"wpcf7-form-control wpcf7-email wpcf7-validates-as-required wpcf7-text wpcf7-validates-as-email\" aria-required=\"true\" aria-invalid=\"false\" value=\"\" type=\"email\" name=\"email\" \/><\/span><\/div>\n  <\/div>\n\n <div class=\"form-row\">\n     <div class=\"column-half\">TEL\u00c9FONO*:<span class=\"wpcf7-form-control-wrap\" data-name=\"telefono\"><input size=\"40\" maxlength=\"400\" class=\"wpcf7-form-control wpcf7-tel wpcf7-text wpcf7-validates-as-tel\" aria-invalid=\"false\" value=\"\" type=\"tel\" name=\"telefono\" \/><\/span><\/div>\n     <div class=\"column-half\">PROYECTO:*<span class=\"wpcf7-form-control-wrap\" data-name=\"proyecto\"><select class=\"wpcf7-form-control wpcf7-select wpcf7-validates-as-required\" aria-required=\"true\" aria-invalid=\"false\" name=\"proyecto\"><option value=\"cocina\">cocina<\/option><option value=\"reforma\">reforma<\/option><option value=\"ba\u00f1o\">ba\u00f1o<\/option><option value=\"mueble\">mueble<\/option><option value=\"parquet\">parquet<\/option><\/select><\/span><\/div>\n <\/div>\n\n<div class=\"form-row\">\n     <div class=\"column-half\">MEDIDAS (m):<span class=\"wpcf7-form-control-wrap\" data-name=\"medidaancho\"><input class=\"wpcf7-form-control wpcf7-number wpcf7-validates-as-number\" aria-invalid=\"false\" placeholder=\"(ancho)\" value=\"\" type=\"number\" name=\"medidaancho\" \/><\/span><\/div>\n <\/div>\n\n<div class=\"form-row\"> \n     <div class=\"column-half\"><span class=\"wpcf7-form-control-wrap\" data-name=\"medidaalto\"><input class=\"wpcf7-form-control wpcf7-number wpcf7-validates-as-number\" aria-invalid=\"false\" placeholder=\"(alto)\" value=\"\" type=\"number\" name=\"medidaalto\" \/><\/span><\/div>\n     <div class=\"column-half\"><span class=\"wpcf7-form-control-wrap\" data-name=\"medidalargo\"><input class=\"wpcf7-form-control wpcf7-number wpcf7-validates-as-number\" aria-invalid=\"false\" placeholder=\"(largo)\" value=\"\" type=\"number\" name=\"medidalargo\" \/><\/span><\/div>\n <\/div>\n\n<div class=\"form-row\">\n     <div class=\"column-half\">MEDIDAS (m2)<span class=\"wpcf7-form-control-wrap\" data-name=\"medidas\"><input class=\"wpcf7-form-control wpcf7-number wpcf7-validates-as-number\" aria-invalid=\"false\" value=\"\" type=\"number\" name=\"medidas\" \/><\/span><\/div>\n <\/div>\n\n \n <div class=\"form-row\">\n     <div class=\"column-half\">C\u00d3DIGO POSTAL*:<span class=\"wpcf7-form-control-wrap\" data-name=\"codigopostal\"><input class=\"wpcf7-form-control wpcf7-number wpcf7-validates-as-number\" aria-invalid=\"false\" value=\"\" type=\"number\" name=\"codigopostal\" \/><\/span><\/div>\n <\/div>\n\n\n <div class=\"form-row\">\n <div class=\"column-full\">ALCARACIONES QUE NOS QUIERAS HACER SABER:  <span class=\"wpcf7-form-control-wrap\" data-name=\"your-message\"><textarea cols=\"40\" rows=\"10\" maxlength=\"2000\" class=\"wpcf7-form-control wpcf7-textarea\" aria-invalid=\"false\" name=\"your-message\"><\/textarea><\/span> \n <\/div>\n <\/div>\n\n<div class=\"form-row\">\n<div class=\"column-full\">\nENV\u00cdANOS TU IDEA, FOTOS, EL PROYECTO:\n<span class=\"wpcf7-form-control-wrap\" data-name=\"file-136\"><input size=\"40\" class=\"wpcf7-form-control wpcf7-file\" accept=\".jpg\" aria-invalid=\"false\" type=\"file\" name=\"file-136\" \/><\/span>\n<span class=\"wpcf7-form-control-wrap\" data-name=\"file-380\"><input size=\"40\" class=\"wpcf7-form-control wpcf7-file\" accept=\".jpg\" aria-invalid=\"false\" type=\"file\" name=\"file-380\" \/><\/span>\n<span class=\"wpcf7-form-control-wrap\" data-name=\"file-388\"><input size=\"40\" class=\"wpcf7-form-control wpcf7-file\" accept=\".jpg\" aria-invalid=\"false\" type=\"file\" name=\"file-388\" \/><\/span>\n<small>Tipos de archivo permitidos: JPG<br \/>\nTama\u00f1o m\u00e1ximo de archivo: 2MB<\/small>\n<\/div>\n<\/div>\n\n<div class=\"form-row\">\n\n\n<p><span class=\"wpcf7-form-control-wrap\" data-name=\"terminoslegales\"><span class=\"wpcf7-form-control wpcf7-acceptance\"><span class=\"wpcf7-list-item\"><label><input type=\"checkbox\" name=\"terminoslegales\" value=\"1\" aria-invalid=\"false\" \/><span class=\"wpcf7-list-item-label\">He le\u00eddo y acepto la <a href=\"https:\/\/nortycod.com\/es\/politica-privacidad\/\" target\"_blank\">pol\u00edtica de privacidad, <\/a><a href=\"https:\/\/nortycod.com\/es\/politica-de-cookies\/\" target\"_blank\">pol\u00edtica de cookies<\/a> y <a href=\"https:\/\/nortycod.com\/es\/aviso-legal\/\" target\"_blank\">aviso legal<\/a><\/span><\/label><\/span><\/span><\/span><p>\n<p class=\"rgdptxt\">LEY PROTECCI\u00d3N DE DATOS: Mediante el presente Aviso Legal y de acuerdo con lo establecido en la Ley Org\u00e1nica 15\/1999, de Protecci\u00f3n de Datos de Car\u00e1cter Personal, la empresa informa a los usuarios de su pol\u00edtica de protecci\u00f3n de datos, en la que ellos pueden determinar libremente y de forma voluntaria si quieren ceder sus datos personales a la compa\u00f1\u00eda en caso de darse de alta o suscribirse en algunos de los servicios ofrecidos. Salvo en los campos en que se indique lo contrario, las respuestas a las preguntas sobre datos personales son voluntarias. Los datos personales recogidos ser\u00e1n tratados de forma secreta y confidencial y su recogida tiene como finalidad la gesti\u00f3n y prestaci\u00f3n de los servicios ofrecidos por la Empresa en el Portal en cada momento. Los usuarios aceptan que los datos personales facilitados puedan ser objeto de tratamiento en ficheros automatizados titularidad y responsabilidad de la empresa. Los usuarios pueden ejercer su derecho de acceso, rectificaci\u00f3n, cancelaci\u00f3n y oposici\u00f3n a: ESVIRCO SL, info@nortycod.com, incluyendo copia de su DNI o documento identificativo equivalente.<\/p>\n\n<\/div>\n\n<div class=\"column-full\"><div class=\"gem-button-container gem-button-position-fullwidth thegem-button-69f5d15529b194807\"  ><input class=\"gem-button gem-button-size-small gem-button-style-flat gem-button-text-weight-normal wpcf7-form-control wpcf7-submit has-spinner gem-button-wpcf-custom\" data-ll-effect=\"drop-right-without-wrap\" style=\"border-radius: 3px;\" onmouseleave=\"\" onmouseenter=\"\" id=\"\" tabindex=\"\" type=\"submit\" value=\"Enviar\" \/><\/div> <\/div>\n<\/div>\n\n<!--end responsive-form--><div class=\"wpcf7-response-output\" aria-hidden=\"true\"><\/div>\n<\/form>\n<\/div>\n[\/vc_column][vc_column width=\u00bb1\/6&#8243;][\/vc_column][\/vc_row]<\/p>\n<\/div>","protected":false},"excerpt":{"rendered":"<p>[vc_row full_width=\u00bbstretch_row_content_no_spaces\u00bb css=\u00bb.vc_custom_1593442594793{padding-bottom: 250px !important;background-image: url(http:\/\/nortycod.com\/wp-content\/uploads\/2020\/06\/pag-presupuesto-portada.jpg?id=2369) !important;background-position: center !important;background-repeat: no-repeat !important;background-size: cover !important;}\u00bb][vc_column][vc_row_inner css=\u00bb.vc_custom_1593442409362{margin-top: -40px !important;padding-bottom: 50px !important;background-color: rgba(0,0,0,0.26) !important;*background-color:&#8230;<\/p>\n","protected":false},"author":1,"featured_media":0,"parent":0,"menu_order":0,"comment_status":"closed","ping_status":"closed","template":"","meta":{"footnotes":""},"class_list":["post-3243","page","type-page","status-publish"],"yoast_head":"<!-- This site is optimized with the Yoast SEO plugin v27.5 - https:\/\/yoast.com\/product\/yoast-seo-wordpress\/ -->\n<title>Presupuesto - Nortycod - Dise&ntilde;o de muebles y reformas en Tenerife<\/title>\n<meta name=\"description\" content=\"Pide presupuesto sin compromiso para la reforma de tu cocina, ba\u00f1o o vivienda. Trabajamos para toda Canarias.\" \/>\n<meta name=\"robots\" content=\"index, follow, max-snippet:-1, max-image-preview:large, max-video-preview:-1\" \/>\n<link rel=\"canonical\" href=\"https:\/\/nortycod.com\/es\/presupuesto-reformas-tenerife\/\" \/>\n<meta property=\"og:locale\" content=\"es_ES\" \/>\n<meta property=\"og:type\" content=\"article\" \/>\n<meta property=\"og:title\" content=\"Presupuesto - Nortycod - Dise&ntilde;o de muebles y reformas en Tenerife\" \/>\n<meta property=\"og:description\" content=\"Pide presupuesto sin compromiso para la reforma de tu cocina, ba\u00f1o o vivienda. Trabajamos para toda Canarias.\" \/>\n<meta property=\"og:url\" content=\"https:\/\/nortycod.com\/es\/presupuesto-reformas-tenerife\/\" \/>\n<meta property=\"og:site_name\" content=\"Nortycod - Dise&ntilde;o de muebles y reformas en Tenerife\" \/>\n<meta property=\"article:modified_time\" content=\"2020-09-17T10:31:46+00:00\" \/>\n<meta name=\"twitter:card\" content=\"summary_large_image\" \/>\n<meta name=\"twitter:label1\" content=\"Tiempo de lectura\" \/>\n\t<meta name=\"twitter:data1\" content=\"1 minuto\" \/>\n<script type=\"application\/ld+json\" class=\"yoast-schema-graph\">{\"@context\":\"https:\\\/\\\/schema.org\",\"@graph\":[{\"@type\":\"WebPage\",\"@id\":\"https:\\\/\\\/nortycod.com\\\/es\\\/presupuesto-reformas-tenerife\\\/\",\"url\":\"https:\\\/\\\/nortycod.com\\\/es\\\/presupuesto-reformas-tenerife\\\/\",\"name\":\"Presupuesto - Nortycod - Dise&ntilde;o de muebles y reformas en Tenerife\",\"isPartOf\":{\"@id\":\"https:\\\/\\\/nortycod.com\\\/es\\\/#website\"},\"datePublished\":\"2020-06-23T08:45:21+00:00\",\"dateModified\":\"2020-09-17T10:31:46+00:00\",\"description\":\"Pide presupuesto sin compromiso para la reforma de tu cocina, ba\u00f1o o vivienda. Trabajamos para toda Canarias.\",\"breadcrumb\":{\"@id\":\"https:\\\/\\\/nortycod.com\\\/es\\\/presupuesto-reformas-tenerife\\\/#breadcrumb\"},\"inLanguage\":\"es\",\"potentialAction\":[{\"@type\":\"ReadAction\",\"target\":[\"https:\\\/\\\/nortycod.com\\\/es\\\/presupuesto-reformas-tenerife\\\/\"]}]},{\"@type\":\"BreadcrumbList\",\"@id\":\"https:\\\/\\\/nortycod.com\\\/es\\\/presupuesto-reformas-tenerife\\\/#breadcrumb\",\"itemListElement\":[{\"@type\":\"ListItem\",\"position\":1,\"name\":\"Portada\",\"item\":\"https:\\\/\\\/nortycod.com\\\/es\\\/\"},{\"@type\":\"ListItem\",\"position\":2,\"name\":\"Presupuesto\"}]},{\"@type\":\"WebSite\",\"@id\":\"https:\\\/\\\/nortycod.com\\\/es\\\/#website\",\"url\":\"https:\\\/\\\/nortycod.com\\\/es\\\/\",\"name\":\"Nortycod - Dise&ntilde;o de muebles y reformas en Tenerife\",\"description\":\"Empresa especializada en reformas de hogares, ba&ntilde;os, cocinas en Tenerife\",\"potentialAction\":[{\"@type\":\"SearchAction\",\"target\":{\"@type\":\"EntryPoint\",\"urlTemplate\":\"https:\\\/\\\/nortycod.com\\\/es\\\/?s={search_term_string}\"},\"query-input\":{\"@type\":\"PropertyValueSpecification\",\"valueRequired\":true,\"valueName\":\"search_term_string\"}}],\"inLanguage\":\"es\"}]}<\/script>\n<!-- \/ Yoast SEO plugin. -->","yoast_head_json":{"title":"Presupuesto - Nortycod - Dise&ntilde;o de muebles y reformas en Tenerife","description":"Pide presupuesto sin compromiso para la reforma de tu cocina, ba\u00f1o o vivienda. Trabajamos para toda Canarias.","robots":{"index":"index","follow":"follow","max-snippet":"max-snippet:-1","max-image-preview":"max-image-preview:large","max-video-preview":"max-video-preview:-1"},"canonical":"https:\/\/nortycod.com\/es\/presupuesto-reformas-tenerife\/","og_locale":"es_ES","og_type":"article","og_title":"Presupuesto - Nortycod - Dise&ntilde;o de muebles y reformas en Tenerife","og_description":"Pide presupuesto sin compromiso para la reforma de tu cocina, ba\u00f1o o vivienda. Trabajamos para toda Canarias.","og_url":"https:\/\/nortycod.com\/es\/presupuesto-reformas-tenerife\/","og_site_name":"Nortycod - Dise&ntilde;o de muebles y reformas en Tenerife","article_modified_time":"2020-09-17T10:31:46+00:00","twitter_card":"summary_large_image","twitter_misc":{"Tiempo de lectura":"1 minuto"},"schema":{"@context":"https:\/\/schema.org","@graph":[{"@type":"WebPage","@id":"https:\/\/nortycod.com\/es\/presupuesto-reformas-tenerife\/","url":"https:\/\/nortycod.com\/es\/presupuesto-reformas-tenerife\/","name":"Presupuesto - Nortycod - Dise&ntilde;o de muebles y reformas en Tenerife","isPartOf":{"@id":"https:\/\/nortycod.com\/es\/#website"},"datePublished":"2020-06-23T08:45:21+00:00","dateModified":"2020-09-17T10:31:46+00:00","description":"Pide presupuesto sin compromiso para la reforma de tu cocina, ba\u00f1o o vivienda. Trabajamos para toda Canarias.","breadcrumb":{"@id":"https:\/\/nortycod.com\/es\/presupuesto-reformas-tenerife\/#breadcrumb"},"inLanguage":"es","potentialAction":[{"@type":"ReadAction","target":["https:\/\/nortycod.com\/es\/presupuesto-reformas-tenerife\/"]}]},{"@type":"BreadcrumbList","@id":"https:\/\/nortycod.com\/es\/presupuesto-reformas-tenerife\/#breadcrumb","itemListElement":[{"@type":"ListItem","position":1,"name":"Portada","item":"https:\/\/nortycod.com\/es\/"},{"@type":"ListItem","position":2,"name":"Presupuesto"}]},{"@type":"WebSite","@id":"https:\/\/nortycod.com\/es\/#website","url":"https:\/\/nortycod.com\/es\/","name":"Nortycod - Dise&ntilde;o de muebles y reformas en Tenerife","description":"Empresa especializada en reformas de hogares, ba&ntilde;os, cocinas en Tenerife","potentialAction":[{"@type":"SearchAction","target":{"@type":"EntryPoint","urlTemplate":"https:\/\/nortycod.com\/es\/?s={search_term_string}"},"query-input":{"@type":"PropertyValueSpecification","valueRequired":true,"valueName":"search_term_string"}}],"inLanguage":"es"}]}},"_links":{"self":[{"href":"https:\/\/nortycod.com\/es\/wp-json\/wp\/v2\/pages\/3243","targetHints":{"allow":["GET"]}}],"collection":[{"href":"https:\/\/nortycod.com\/es\/wp-json\/wp\/v2\/pages"}],"about":[{"href":"https:\/\/nortycod.com\/es\/wp-json\/wp\/v2\/types\/page"}],"author":[{"embeddable":true,"href":"https:\/\/nortycod.com\/es\/wp-json\/wp\/v2\/users\/1"}],"replies":[{"embeddable":true,"href":"https:\/\/nortycod.com\/es\/wp-json\/wp\/v2\/comments?post=3243"}],"version-history":[{"count":1,"href":"https:\/\/nortycod.com\/es\/wp-json\/wp\/v2\/pages\/3243\/revisions"}],"predecessor-version":[{"id":3244,"href":"https:\/\/nortycod.com\/es\/wp-json\/wp\/v2\/pages\/3243\/revisions\/3244"}],"wp:attachment":[{"href":"https:\/\/nortycod.com\/es\/wp-json\/wp\/v2\/media?parent=3243"}],"curies":[{"name":"wp","href":"https:\/\/api.w.org\/{rel}","templated":true}]}}