{"id":2347,"date":"2020-06-22T13:47:28","date_gmt":"2020-06-22T12:47:28","guid":{"rendered":"http:\/\/nortycod.com\/?page_id=2347"},"modified":"2020-10-07T00:46:53","modified_gmt":"2020-10-06T23:46:53","slug":"contactar-empresa-reformas-tenerife","status":"publish","type":"page","link":"https:\/\/nortycod.com\/es\/contactar-empresa-reformas-tenerife\/","title":{"rendered":"Contacto"},"content":{"rendered":"<div class=\"wpb-content-wrapper\"><p>[vc_row full_width=\u00bbstretch_row_content_no_spaces\u00bb css=\u00bb.vc_custom_1598615171009{padding-bottom: 350px !important;background-image: url(http:\/\/nortycod.com\/wp-content\/uploads\/2020\/06\/pag-contacto-portada.jpg?id=2348) !important;background-position: center !important;background-repeat: no-repeat !important;background-size: cover !important;}\u00bb][vc_column][vc_row_inner css=\u00bb.vc_custom_1591784735861{margin-top: -40px !important;padding-bottom: 50px !important;background-color: rgba(0,0,0,0.26) !important;*background-color: rgb(0,0,0) !important;}\u00bb][vc_column_inner][vc_custom_heading text=\u00bbContacto\u00bb font_container=\u00bbtag:h1|text_align:center|color:%23ffffff\u00bb use_theme_fonts=\u00bbyes\u00bb css=\u00bb.vc_custom_1598615181785{padding-top: 40px !important;padding-bottom: 30px !important;}\u00bb][vc_column_text el_class=\u00bbsubheading\u00bb]<\/p>\n<div class=\"subheading intro\" style=\"text-align: center;\"><span style=\"color: #ffffff;\">Cualquier duda que tengas, no dudes en ponerte en contacto con nosotros.<br \/>\nTe ponemos a continuaci\u00f3n diferentes modos de contacto<\/span><\/div>\n<p>[\/vc_column_text][\/vc_column_inner][\/vc_row_inner][\/vc_column][\/vc_row][vc_row el_class=\u00bbform-block\u00bb css=\u00bb.vc_custom_1598659356335{margin-bottom: 100px !important;}\u00bb][vc_column width=\u00bb1\/6&#8243;][\/vc_column][vc_column width=\u00bb2\/3&#8243; css=\u00bb.vc_custom_1598658793581{background-color: #e9d3f6 !important;}\u00bb][vc_custom_heading text=\u00bbFORMULARIO DE CONTACTO\u00bb font_container=\u00bbtag:h3|text_align:center|color:%23000000&#8243; use_theme_fonts=\u00bbyes\u00bb css=\u00bb.vc_custom_1592830690087{margin-bottom: 80px !important;}\u00bb]\n<div class=\"wpcf7 no-js\" id=\"wpcf7-f1536-o1\" lang=\"es-ES\" dir=\"ltr\" data-wpcf7-id=\"1536\">\n<div class=\"screen-reader-response\"><p role=\"status\" aria-live=\"polite\" aria-atomic=\"true\"><\/p> <ul><\/ul><\/div>\n<form action=\"\/es\/wp-json\/wp\/v2\/pages\/2347#wpcf7-f1536-o1\" method=\"post\" class=\"wpcf7-form init gem-contact-form-white\" aria-label=\"Formulario de contacto\" novalidate=\"novalidate\" data-status=\"init\">\n<fieldset class=\"hidden-fields-container\"><input type=\"hidden\" name=\"_wpcf7\" value=\"1536\" \/><input type=\"hidden\" name=\"_wpcf7_version\" value=\"6.1.5\" \/><input type=\"hidden\" name=\"_wpcf7_locale\" value=\"es_ES\" \/><input type=\"hidden\" name=\"_wpcf7_unit_tag\" value=\"wpcf7-f1536-o1\" \/><input type=\"hidden\" name=\"_wpcf7_container_post\" value=\"0\" \/><input type=\"hidden\" name=\"_wpcf7_posted_data_hash\" value=\"\" \/>\n<\/fieldset>\n<label> NOMBRE Y APELLIDOS:\n    <span class=\"wpcf7-form-control-wrap\" data-name=\"your-name\"><input size=\"40\" maxlength=\"400\" class=\"wpcf7-form-control wpcf7-text wpcf7-validates-as-required\" aria-required=\"true\" aria-invalid=\"false\" value=\"\" type=\"text\" name=\"your-name\" \/><\/span> <\/label>\n\n<label> EMAIL:\n    <span class=\"wpcf7-form-control-wrap\" data-name=\"your-email\"><input size=\"40\" maxlength=\"400\" class=\"wpcf7-form-control wpcf7-email wpcf7-validates-as-required wpcf7-text wpcf7-validates-as-email\" aria-required=\"true\" aria-invalid=\"false\" value=\"\" type=\"email\" name=\"your-email\" \/><\/span> <\/label>\n\n<label> TEL\u00c9FONO:\n    <span class=\"wpcf7-form-control-wrap\" data-name=\"tel-967\"><input size=\"40\" maxlength=\"400\" class=\"wpcf7-form-control wpcf7-tel wpcf7-validates-as-required wpcf7-text wpcf7-validates-as-tel\" aria-required=\"true\" aria-invalid=\"false\" value=\"\" type=\"tel\" name=\"tel-967\" \/><\/span> <\/label>\n\n<label> MENSAJE:\n    <span class=\"wpcf7-form-control-wrap\" data-name=\"your-message\"><textarea cols=\"40\" rows=\"10\" maxlength=\"2000\" class=\"wpcf7-form-control wpcf7-textarea\" aria-invalid=\"false\" name=\"your-message\"><\/textarea><\/span> <\/label>\n\n<p><span class=\"wpcf7-form-control-wrap\" data-name=\"terminoslegales\"><span class=\"wpcf7-form-control wpcf7-acceptance\"><span class=\"wpcf7-list-item\"><label><input type=\"checkbox\" name=\"terminoslegales\" value=\"1\" aria-invalid=\"false\" \/><span class=\"wpcf7-list-item-label\">He le\u00eddo y acepto la <a href=\"https:\/\/nortycod.com\/es\/politica-privacidad\/\" target\"_blank\">pol\u00edtica de privacidad, <\/a><a href=\"https:\/\/nortycod.com\/es\/politica-de-cookies\/\" target\"_blank\">pol\u00edtica de cookies<\/a> y <a href=\"https:\/\/nortycod.com\/es\/aviso-legal\/\" target\"_blank\">aviso legal<\/a><\/span><\/label><\/span><\/span><\/span><p>\n<p class=\"rgdptxt\">LEY PROTECCI\u00d3N DE DATOS: Mediante el presente Aviso Legal y de acuerdo con lo establecido en la Ley Org\u00e1nica 15\/1999, de Protecci\u00f3n de Datos de Car\u00e1cter Personal, la empresa informa a los usuarios de su pol\u00edtica de protecci\u00f3n de datos, en la que ellos pueden determinar libremente y de forma voluntaria si quieren ceder sus datos personales a la compa\u00f1\u00eda en caso de darse de alta o suscribirse en algunos de los servicios ofrecidos. Salvo en los campos en que se indique lo contrario, las respuestas a las preguntas sobre datos personales son voluntarias. Los datos personales recogidos ser\u00e1n tratados de forma secreta y confidencial y su recogida tiene como finalidad la gesti\u00f3n y prestaci\u00f3n de los servicios ofrecidos por la Empresa en el Portal en cada momento. Los usuarios aceptan que los datos personales facilitados puedan ser objeto de tratamiento en ficheros automatizados titularidad y responsabilidad de la empresa. Los usuarios pueden ejercer su derecho de acceso, rectificaci\u00f3n, cancelaci\u00f3n y oposici\u00f3n a: ESVIRCO SL, info@nortycod.com, incluyendo copia de su DNI o documento identificativo equivalente.<\/p>\n\n\n<div class=\"gem-button-container gem-button-position-fullwidth thegem-button-69fb2c95d7b928928\"  ><input class=\"gem-button gem-button-size-small gem-button-style-flat gem-button-text-weight-normal wpcf7-form-control wpcf7-submit has-spinner gem-button-wpcf-custom\" data-ll-effect=\"drop-right-without-wrap\" style=\"border-radius: 3px;\" onmouseleave=\"\" onmouseenter=\"\" id=\"\" tabindex=\"\" type=\"submit\" value=\"ENVIAR\" \/><\/div> <div class=\"wpcf7-response-output\" aria-hidden=\"true\"><\/div>\n<\/form>\n<\/div>\n[\/vc_column][vc_column width=\u00bb1\/6&#8243;][\/vc_column][\/vc_row]<\/p>\n<\/div>","protected":false},"excerpt":{"rendered":"<p>[vc_row full_width=\u00bbstretch_row_content_no_spaces\u00bb css=\u00bb.vc_custom_1598615171009{padding-bottom: 350px !important;background-image: url(http:\/\/nortycod.com\/wp-content\/uploads\/2020\/06\/pag-contacto-portada.jpg?id=2348) !important;background-position: center !important;background-repeat: no-repeat !important;background-size: cover !important;}\u00bb][vc_column][vc_row_inner css=\u00bb.vc_custom_1591784735861{margin-top: -40px !important;padding-bottom: 50px !important;background-color: rgba(0,0,0,0.26) !important;*background-color:&#8230;<\/p>\n","protected":false},"author":1,"featured_media":0,"parent":0,"menu_order":0,"comment_status":"closed","ping_status":"closed","template":"","meta":{"footnotes":""},"class_list":["post-2347","page","type-page","status-publish"],"yoast_head":"<!-- This site is optimized with the Yoast SEO plugin v27.5 - https:\/\/yoast.com\/product\/yoast-seo-wordpress\/ -->\n<title>Nortycod - empresa de dise\u00f1o de muebles y reformas en Tenerife<\/title>\n<meta name=\"description\" content=\"Ven a visitarnos en Santo Domingo, La Guancha. Abiertos de Lunes a Viernes de 09:00 a 13:00 y de 16:00 a 20:00. info@nortycod.com\" \/>\n<meta name=\"robots\" content=\"index, follow, max-snippet:-1, max-image-preview:large, max-video-preview:-1\" \/>\n<link rel=\"canonical\" href=\"https:\/\/nortycod.com\/es\/contactar-empresa-reformas-tenerife\/\" \/>\n<meta property=\"og:locale\" content=\"es_ES\" \/>\n<meta property=\"og:type\" content=\"article\" \/>\n<meta property=\"og:title\" content=\"Nortycod - empresa de dise\u00f1o de muebles y reformas en Tenerife\" \/>\n<meta property=\"og:description\" content=\"Ven a visitarnos en Santo Domingo, La Guancha. Abiertos de Lunes a Viernes de 09:00 a 13:00 y de 16:00 a 20:00. info@nortycod.com\" \/>\n<meta property=\"og:url\" content=\"https:\/\/nortycod.com\/es\/contactar-empresa-reformas-tenerife\/\" \/>\n<meta property=\"og:site_name\" content=\"Nortycod - Dise&ntilde;o de muebles y reformas en Tenerife\" \/>\n<meta property=\"article:modified_time\" content=\"2020-10-06T23:46:53+00:00\" \/>\n<meta name=\"twitter:card\" content=\"summary_large_image\" \/>\n<meta name=\"twitter:label1\" content=\"Tiempo de lectura\" \/>\n\t<meta name=\"twitter:data1\" content=\"1 minuto\" \/>\n<script type=\"application\/ld+json\" class=\"yoast-schema-graph\">{\"@context\":\"https:\\\/\\\/schema.org\",\"@graph\":[{\"@type\":\"WebPage\",\"@id\":\"https:\\\/\\\/nortycod.com\\\/es\\\/contactar-empresa-reformas-tenerife\\\/\",\"url\":\"https:\\\/\\\/nortycod.com\\\/es\\\/contactar-empresa-reformas-tenerife\\\/\",\"name\":\"Nortycod - empresa de dise\u00f1o de muebles y reformas en Tenerife\",\"isPartOf\":{\"@id\":\"https:\\\/\\\/nortycod.com\\\/es\\\/#website\"},\"datePublished\":\"2020-06-22T12:47:28+00:00\",\"dateModified\":\"2020-10-06T23:46:53+00:00\",\"description\":\"Ven a visitarnos en Santo Domingo, La Guancha. Abiertos de Lunes a Viernes de 09:00 a 13:00 y de 16:00 a 20:00. info@nortycod.com\",\"breadcrumb\":{\"@id\":\"https:\\\/\\\/nortycod.com\\\/es\\\/contactar-empresa-reformas-tenerife\\\/#breadcrumb\"},\"inLanguage\":\"es\",\"potentialAction\":[{\"@type\":\"ReadAction\",\"target\":[\"https:\\\/\\\/nortycod.com\\\/es\\\/contactar-empresa-reformas-tenerife\\\/\"]}]},{\"@type\":\"BreadcrumbList\",\"@id\":\"https:\\\/\\\/nortycod.com\\\/es\\\/contactar-empresa-reformas-tenerife\\\/#breadcrumb\",\"itemListElement\":[{\"@type\":\"ListItem\",\"position\":1,\"name\":\"Portada\",\"item\":\"https:\\\/\\\/nortycod.com\\\/es\\\/\"},{\"@type\":\"ListItem\",\"position\":2,\"name\":\"Contacto\"}]},{\"@type\":\"WebSite\",\"@id\":\"https:\\\/\\\/nortycod.com\\\/es\\\/#website\",\"url\":\"https:\\\/\\\/nortycod.com\\\/es\\\/\",\"name\":\"Nortycod - Dise&ntilde;o de muebles y reformas en Tenerife\",\"description\":\"Empresa especializada en reformas de hogares, ba&ntilde;os, cocinas en Tenerife\",\"potentialAction\":[{\"@type\":\"SearchAction\",\"target\":{\"@type\":\"EntryPoint\",\"urlTemplate\":\"https:\\\/\\\/nortycod.com\\\/es\\\/?s={search_term_string}\"},\"query-input\":{\"@type\":\"PropertyValueSpecification\",\"valueRequired\":true,\"valueName\":\"search_term_string\"}}],\"inLanguage\":\"es\"}]}<\/script>\n<!-- \/ Yoast SEO plugin. -->","yoast_head_json":{"title":"Nortycod - empresa de dise\u00f1o de muebles y reformas en Tenerife","description":"Ven a visitarnos en Santo Domingo, La Guancha. Abiertos de Lunes a Viernes de 09:00 a 13:00 y de 16:00 a 20:00. info@nortycod.com","robots":{"index":"index","follow":"follow","max-snippet":"max-snippet:-1","max-image-preview":"max-image-preview:large","max-video-preview":"max-video-preview:-1"},"canonical":"https:\/\/nortycod.com\/es\/contactar-empresa-reformas-tenerife\/","og_locale":"es_ES","og_type":"article","og_title":"Nortycod - empresa de dise\u00f1o de muebles y reformas en Tenerife","og_description":"Ven a visitarnos en Santo Domingo, La Guancha. Abiertos de Lunes a Viernes de 09:00 a 13:00 y de 16:00 a 20:00. info@nortycod.com","og_url":"https:\/\/nortycod.com\/es\/contactar-empresa-reformas-tenerife\/","og_site_name":"Nortycod - Dise&ntilde;o de muebles y reformas en Tenerife","article_modified_time":"2020-10-06T23:46:53+00:00","twitter_card":"summary_large_image","twitter_misc":{"Tiempo de lectura":"1 minuto"},"schema":{"@context":"https:\/\/schema.org","@graph":[{"@type":"WebPage","@id":"https:\/\/nortycod.com\/es\/contactar-empresa-reformas-tenerife\/","url":"https:\/\/nortycod.com\/es\/contactar-empresa-reformas-tenerife\/","name":"Nortycod - empresa de dise\u00f1o de muebles y reformas en Tenerife","isPartOf":{"@id":"https:\/\/nortycod.com\/es\/#website"},"datePublished":"2020-06-22T12:47:28+00:00","dateModified":"2020-10-06T23:46:53+00:00","description":"Ven a visitarnos en Santo Domingo, La Guancha. Abiertos de Lunes a Viernes de 09:00 a 13:00 y de 16:00 a 20:00. info@nortycod.com","breadcrumb":{"@id":"https:\/\/nortycod.com\/es\/contactar-empresa-reformas-tenerife\/#breadcrumb"},"inLanguage":"es","potentialAction":[{"@type":"ReadAction","target":["https:\/\/nortycod.com\/es\/contactar-empresa-reformas-tenerife\/"]}]},{"@type":"BreadcrumbList","@id":"https:\/\/nortycod.com\/es\/contactar-empresa-reformas-tenerife\/#breadcrumb","itemListElement":[{"@type":"ListItem","position":1,"name":"Portada","item":"https:\/\/nortycod.com\/es\/"},{"@type":"ListItem","position":2,"name":"Contacto"}]},{"@type":"WebSite","@id":"https:\/\/nortycod.com\/es\/#website","url":"https:\/\/nortycod.com\/es\/","name":"Nortycod - Dise&ntilde;o de muebles y reformas en Tenerife","description":"Empresa especializada en reformas de hogares, ba&ntilde;os, cocinas en Tenerife","potentialAction":[{"@type":"SearchAction","target":{"@type":"EntryPoint","urlTemplate":"https:\/\/nortycod.com\/es\/?s={search_term_string}"},"query-input":{"@type":"PropertyValueSpecification","valueRequired":true,"valueName":"search_term_string"}}],"inLanguage":"es"}]}},"_links":{"self":[{"href":"https:\/\/nortycod.com\/es\/wp-json\/wp\/v2\/pages\/2347","targetHints":{"allow":["GET"]}}],"collection":[{"href":"https:\/\/nortycod.com\/es\/wp-json\/wp\/v2\/pages"}],"about":[{"href":"https:\/\/nortycod.com\/es\/wp-json\/wp\/v2\/types\/page"}],"author":[{"embeddable":true,"href":"https:\/\/nortycod.com\/es\/wp-json\/wp\/v2\/users\/1"}],"replies":[{"embeddable":true,"href":"https:\/\/nortycod.com\/es\/wp-json\/wp\/v2\/comments?post=2347"}],"version-history":[{"count":23,"href":"https:\/\/nortycod.com\/es\/wp-json\/wp\/v2\/pages\/2347\/revisions"}],"predecessor-version":[{"id":3837,"href":"https:\/\/nortycod.com\/es\/wp-json\/wp\/v2\/pages\/2347\/revisions\/3837"}],"wp:attachment":[{"href":"https:\/\/nortycod.com\/es\/wp-json\/wp\/v2\/media?parent=2347"}],"curies":[{"name":"wp","href":"https:\/\/api.w.org\/{rel}","templated":true}]}}