{"id":2322,"date":"2020-06-19T10:41:12","date_gmt":"2020-06-19T09:41:12","guid":{"rendered":"http:\/\/nortycod.com\/?page_id=2322"},"modified":"2020-10-07T00:18:00","modified_gmt":"2020-10-06T23:18:00","slug":"empresa-nortycod-tenerife","status":"publish","type":"page","link":"https:\/\/nortycod.com\/es\/empresa-nortycod-tenerife\/","title":{"rendered":"Quienes Somos"},"content":{"rendered":"<div class=\"wpb-content-wrapper\"><p>[vc_row full_width=\u00bbstretch_row_content_no_spaces\u00bb css=\u00bb.vc_custom_1601978156208{padding-bottom: 350px !important;background-image: url(http:\/\/nortycod.com\/wp-content\/uploads\/2020\/06\/pag-quienes-portada.jpg?id=2337) !important;background-position: center !important;background-repeat: no-repeat !important;background-size: cover !important;}\u00bb][vc_column][vc_row_inner css=\u00bb.vc_custom_1601978048393{margin-top: -60px !important;padding-bottom: 60px !important;background-color: rgba(0,0,0,0.26) !important;*background-color: rgb(0,0,0) !important;}\u00bb][vc_column_inner][vc_custom_heading text=\u00bb\u00bfQUIERES CONOCERNOS?\u00bb font_container=\u00bbtag:h1|text_align:center|color:%23ffffff\u00bb use_theme_fonts=\u00bbyes\u00bb css=\u00bb.vc_custom_1601978737005{padding-top: 40px !important;padding-right: 10px !important;padding-bottom: 30px !important;padding-left: 10px !important;}\u00bb][vc_column_text]<\/p>\n<div class=\"subheading intro\" style=\"text-align: center;\"><span style=\"color: #ffffff;\">La empresa. Dise\u00f1o de muebles y reformas. Dise\u00f1o innovador y<br \/>\nfuncional. Garant\u00eda y Financiaci\u00f3n. Nuestro equipo. Ubicaci\u00f3n<\/span><\/div>\n<p>[\/vc_column_text][\/vc_column_inner][\/vc_row_inner][\/vc_column][\/vc_row][vc_row full_width=\u00bbstretch_row_content_no_spaces\u00bb css=\u00bb.vc_custom_1599034745021{margin-top: 80px !important;}\u00bb][vc_column width=\u00bb1\/2&#8243; el_class=\u00bbcol1&#8243;][vc_custom_heading text=\u00bbNORTYCOD, GARANTIZAMOS<br \/>\nDESDEL EL INICIO<br \/>\nTU SATISFACCI\u00d3N\u00bb use_theme_fonts=\u00bbyes\u00bb css_animation=\u00bbfadeInDown\u00bb css=\u00bb.vc_custom_1598521722924{margin-bottom: 50px !important;}\u00bb el_class=\u00bbheader-space-l\u00bb][vc_column_text el_class=\u00bbcol1-row3&#8243;]Nortycod es una empresa que se encuentra en el Norte de Tenerife, surge hace unos 15 a\u00f1os, con mucha ilusi\u00f3n, un proyecto personal que se pone en marcha cuidando y mimando hasta el m\u00e1s m\u00ednimo detalle para ofrecer siempre la mejor atenci\u00f3n, servicio y calidades. Manteniendo los valores que nos identifican, acompa\u00f1ados de los mejores profesionales que estar\u00e1n a tu entera disposici\u00f3n.<\/p>\n<p>Comenz\u00f3 con no m\u00e1s de 3 empleados y poco a poco nuestra familia ha ido creciendo.\u00a0 Lo que nos llena de satisfacci\u00f3n y nos enriquece d\u00eda a d\u00eda. Esperamos seguir creciendo a tu lado y que nos acompa\u00f1es en este camino.[\/vc_column_text][\/vc_column][vc_column width=\u00bb1\/2&#8243; css=\u00bb.vc_custom_1598520931296{padding-bottom: 800px !important;background-image: url(http:\/\/nortycod.com\/wp-content\/uploads\/2020\/06\/pag-quienes-garantizamos.jpg?id=2332) !important;background-position: center !important;background-repeat: no-repeat !important;background-size: cover !important;}\u00bb][\/vc_column][\/vc_row][vc_row full_width=\u00bbstretch_row_content_no_spaces\u00bb el_class=\u00bbfullrow\u00bb][vc_column width=\u00bb1\/2&#8243; css=\u00bb.vc_custom_1598521458477{padding-bottom: 800px !important;background-image: url(http:\/\/nortycod.com\/wp-content\/uploads\/2020\/06\/pag-quienes-diseno-muebles-y-reformas.jpg?id=2333) !important;background-position: center !important;background-repeat: no-repeat !important;background-size: cover !important;}\u00bb][\/vc_column][vc_column width=\u00bb1\/2&#8243; el_class=\u00bbcol2&#8243;][vc_row_inner][vc_column_inner][vc_custom_heading text=\u00bbDISE\u00d1O DE MUEBLES<br \/>\nY REFORMAS\u00bb font_container=\u00bbtag:h2|text_align:right\u00bb use_theme_fonts=\u00bbyes\u00bb css_animation=\u00bbfadeInDown\u00bb css=\u00bb.vc_custom_1598521500851{margin-bottom: 50px !important;}\u00bb el_class=\u00bbheader-space-r\u00bb][\/vc_column_inner][\/vc_row_inner][vc_column_text el_class=\u00bbcol2-row3&#8243;]<\/p>\n<p style=\"text-align: right;\">Iniciamos nuestra andadura con las cocinas. Pero poco a poco hemos ido avanzando e incluido parquets, dise\u00f1o de cualquier tipo de muebles y reformas integrales. Tambi\u00e9n comenzamos trabajando para la isla de Tenerife, pero nos hemos ido expandiendo y ya trabajamos para toda Canarias.<\/p>\n<p style=\"text-align: right;\">Las cocinas nos apasionan, porque son el coraz\u00f3n del hogar, en el que se cuece todo ese calor familiar. Reuniones y comidas compartidas, que nos regalan momentos para disfrutar de la vida en su plena esencia. Por ello le prestamos especial atenci\u00f3n, desde los materiales utilizados, los estilos, los acabados y los detalles para darle vida y carisma.<br \/>\nReformamos, dise\u00f1amos y fabricamos todo al completo.<\/p>\n<p style=\"text-align: right;\">Tambi\u00e9n colocamos parquet de madera maciza, suelos laminados, etc, para que puedas pisar fuerte y con la seguridad de llegar a donde desees. Los muebles llenan nuestras estancias, les dan personalidad y las caracterizan. Adapt\u00e1ndolas a cada persona y su estilo y preferencias.<\/p>\n<p style=\"text-align: right;\">Seguro has deseado un mueble y no lo has encontrado en ninguna tienda, pues nosotros queremos que al fin lo puedas tener. Dise\u00f1amos el mueble de tus sue\u00f1os, a tu medida.<\/p>\n<p style=\"text-align: right;\">Las reformas nos ayudan a dar una nueva vida a las estancias que se nos han quedado un poco atr\u00e1s. Para volver a darles uso y sentirlas como el primer d\u00eda. Si tienes alguna estancia que desees reformar, podemos ayudarte con este proyecto.<\/p>\n<p style=\"text-align: right;\">El hogar es donde pasamos los momentos m\u00e1s agradables, \u00edntimos y cercanos y debemos cuidarlo para sentirnos bien en \u00e9l.<\/p>\n<p>[\/vc_column_text][\/vc_column][\/vc_row][vc_row full_width=\u00bbstretch_row_content_no_spaces\u00bb css=\u00bb.vc_custom_1598522118882{margin-top: 80px !important;}\u00bb][vc_column][vc_single_image image=\u00bb2334&#8243; img_size=\u00bbfull\u00bb][\/vc_column][\/vc_row][vc_row full_width=\u00bbstretch_row_content_no_spaces\u00bb el_class=\u00bbrow-middle\u00bb css=\u00bb.vc_custom_1599382822652{margin-top: -450px !important;}\u00bb][vc_column css=\u00bb.vc_custom_1599039027120{background-color: #ffffff !important;}\u00bb][vc_custom_heading text=\u00bbDISE\u00d1O INNOVADOR Y FUNCIONAL\u00bb font_container=\u00bbtag:h2|text_align:center\u00bb use_theme_fonts=\u00bbyes\u00bb css_animation=\u00bbfadeInDown\u00bb css=\u00bb.vc_custom_1599037708576{padding-top: 45px !important;padding-bottom: 45px !important;}\u00bb][vc_column_text]<\/p>\n<p style=\"text-align: center;\">Cuidamos todos los detalle en nuestro dise\u00f1os, para adaptarnos a tu<br \/>\nhogar. Dise\u00f1amos cualquier rinc\u00f3n, dot\u00e1ndolo de vida, personalidad y<br \/>\nestilo. Ofreci\u00e9ndote las \u00faltimas tendencias en interiorismo y los dise\u00f1os<br \/>\nm\u00e1s innovadores.<\/p>\n<p style=\"text-align: center;\">Ponemos a tu disposici\u00f3n toda nuestra creatividad, experiencia y<br \/>\nprofesionalidad para aconsejarte durante el proceso y asesorarte en las<br \/>\nelecciones que debas tomar. La diferencia de trabajar con un experto se<br \/>\ncentra en identificar y plasmar correctamente en el boceto tu necesidad<br \/>\nreal, s\u00f3lo as\u00ed garantizamos desde el inicio la satisfacci\u00f3n de nuestros<br \/>\nclientes.<\/p>\n<p style=\"text-align: center;\">Dise\u00f1amos espacios funcionales, ergon\u00f3micos, adaptados 100 % a tus<br \/>\nnecesidades, est\u00e9ticos y vanguardistas. Para dar vida a tu hogar y todas<br \/>\ntus estancias.<\/p>\n<p style=\"text-align: center;\">Tambi\u00e9n tenemos l\u00edneas exclusivas, de alta gama, de pureza y estilo<br \/>\nrefinados, que se adaptar\u00e1n a los rincones m\u00e1s selectos de tu hogar.<br \/>\nMarcando la diferencia en estilo, materiales y acabados, adem\u00e1s de<br \/>\ndise\u00f1ar piezas \u00fanicas.<\/p>\n<p style=\"text-align: center;\">Los acabados interiores y exteriores, ambos son importantes: laterales de<br \/>\nlas gavetas, iluminaci\u00f3n LED e iluminaci\u00f3n con fondos luminosos,<br \/>\napertura push y cierre suave para cajones, gavetas con divisiones<br \/>\ninternas que faciliten el almacenamiento, todo tipo de acabados, gran<br \/>\ngama de colores, combinaci\u00f3n de materiales, etc.<\/p>\n<p style=\"text-align: center;\">Dise\u00f1a hoy con nosotros los espacios en los que vas a crear y vivir los<br \/>\nmejores y m\u00e1s \u00edntimos momentos de tu vida.<\/p>\n<p>[\/vc_column_text][\/vc_column][\/vc_row][vc_row full_width=\u00bbstretch_row_content_no_spaces\u00bb content_placement=\u00bbmiddle\u00bb parallax=\u00bbcontent-moving\u00bb parallax_image=\u00bb2460&#8243; css=\u00bb.vc_custom_1594027030881{padding-top: 40px !important;padding-bottom: 40px !important;background-position: center;background-repeat: no-repeat !important;background-size: cover !important;}\u00bb][vc_column][vc_custom_heading text=\u00bbPedir Presupuesto\u00bb font_container=\u00bbtag:h2|text_align:center\u00bb use_theme_fonts=\u00bbyes\u00bb][vc_column_text css=\u00bb.vc_custom_1598614331657{padding-top: 30px !important;padding-bottom: 30px !important;}\u00bb]<\/p>\n<div class=\"styled-subtitle\" style=\"text-align: center; padding-left: 10px; padding-right: 10px;\">Si necesitas presupuesto,<br \/>\nrellena el peque\u00f1o formulario que te saldr\u00e1 al darle a solicitar,<br \/>\npara poder tener tus datos, ponernos en contacto contigo<br \/>\ny facilitarte el presupuesto lo antes posible.<\/div>\n<p>[\/vc_column_text]<style type=\"text\/css\">.thegem-button-69fb2c91e22111872 .gem-button svg {fill: #ffffff;}.thegem-button-69fb2c91e22111872 .gem-button:hover svg {fill: #000000;}<\/style><div class=\"gem-button-container gem-button-position-center thegem-button-69fb2c91e22111872    \"  ><a class=\"gem-button gem-button-size-medium gem-button-style-flat gem-button-text-weight-normal\" data-ll-effect=\"drop-right-without-wrap\" style=\"border-radius: 0px;background-color: #000000;color: #ffffff;\" onmouseleave=\"this.style.backgroundColor='#000000';this.style.color='#ffffff';\" onmouseenter=\"this.style.backgroundColor='#ffffff';this.style.color='#000000';\" href=\"\" target=\"_self\" role=\"button\">SOLICITAR<\/a><\/div> [\/vc_column][\/vc_row][vc_row full_width=\u00bbstretch_row_content_no_spaces\u00bb css=\u00bb.vc_custom_1598523986824{margin-top: 80px !important;background-position: center !important;background-repeat: no-repeat !important;background-size: cover !important;}\u00bb][vc_column width=\u00bb1\/2&#8243; el_class=\u00bbcol1&#8243;][vc_custom_heading text=\u00bbQUINCE A\u00d1OS DE GARANT\u00cdA Y SERVICIOS NOS AVALAN\u00bb use_theme_fonts=\u00bbyes\u00bb css_animation=\u00bbfadeInDown\u00bb css=\u00bb.vc_custom_1598523372301{margin-bottom: 50px !important;}\u00bb el_class=\u00bbheader-space-l\u00bb][vc_column_text el_class=\u00bbcol1-row3&#8243;]Trabajamos con los fabricantes m\u00e1s prestigiosos del mercado, que cumplen con los criterios exigidos para la fabricaci\u00f3n de nuestros productos y que garanticen la vida \u00fatil de un producto que en el caso de Nortycod, podr\u00e1 acompa\u00f1arte a lo largo de toda tu vida.<\/p>\n<p>Garantizamos durante 5 a\u00f1os nuestros muebles. Es posible que con el paso de los a\u00f1os y el uso diario de los muebles, \u00e9stos puedan sufrir peque\u00f1os desajustes y desperfectos. Esto no debe suponer una preocupaci\u00f3n para ti, ya que siempre te daremos la mejor soluci\u00f3n posible a tu problema. En Nortycod no nos limitamos a vender, siempre estaremos a tu disposici\u00f3n para lo que necesites o para cualquier anomal\u00eda que te pueda aparecer.<\/p>\n<p>Ponemos a tu disposici\u00f3n soluciones innovadoras que se adapten a tus necesidades y gustos. Te brindamos la oportunidad de personalizar las funcionalidades y dise\u00f1o de tu cocina o cualquier otra estancia de tu hogar. Todo ello dentro del m\u00ednimo plazo posible y al mejor precio.<\/p>\n<p>Nuestro trabajo no termina hasta que puedas disfrutar plenamente de nuestros productos, es decir hasta que el proceso de montaje se haya realizado como siempre con la m\u00e1xima garant\u00eda. La entrega y el montaje ser\u00e1n realizados por profesionales cualificados, que cuidar\u00e1n hasta el m\u00e1s m\u00ednimo detalle.[\/vc_column_text][\/vc_column][vc_column width=\u00bb1\/2&#8243; css=\u00bb.vc_custom_1598523943746{padding-bottom: 800px !important;background-image: url(http:\/\/nortycod.com\/wp-content\/uploads\/2020\/06\/pag-quienes-quince-anos.jpg?id=2336) !important;background-position: center !important;background-repeat: no-repeat !important;background-size: cover !important;}\u00bb][\/vc_column][\/vc_row][vc_row full_width=\u00bbstretch_row_content_no_spaces\u00bb el_class=\u00bbfullrow\u00bb][vc_column width=\u00bb1\/2&#8243; css=\u00bb.vc_custom_1598524021450{padding-bottom: 800px !important;background-image: url(http:\/\/nortycod.com\/wp-content\/uploads\/2020\/06\/pag-quienes-financiacion.jpg?id=2335) !important;background-position: center !important;background-repeat: no-repeat !important;background-size: cover !important;}\u00bb][\/vc_column][vc_column width=\u00bb1\/2&#8243; el_class=\u00bbcol4&#8243;][vc_custom_heading text=\u00bbFINANCIACI\u00d3N\u00bb font_container=\u00bbtag:h2|text_align:right\u00bb use_theme_fonts=\u00bbyes\u00bb css_animation=\u00bbfadeInDown\u00bb css=\u00bb.vc_custom_1599032642245{margin-bottom: 50px !important;}\u00bb el_class=\u00bbheader-financiacion\u00bb][vc_column_text el_class=\u00bbcol2-row3&#8243;]<\/p>\n<p style=\"text-align: right;\">Te ofrecemos que puedas comprar y pagar con la mejor flexibilidad, ya que en Nortycod nos adaptamos a tus posibilidades. Te ofrecemos diferentes opciones de financiaci\u00f3n que te permitan decidir cu\u00e1ndo, c\u00f3mo y en cu\u00e1ntos plazos quieres pagarlo.<\/p>\n<p style=\"text-align: right;\">Para tus reformas tenemos la mejor financiaci\u00f3n a tu medida hasta en 60 meses. No dudes en consultarnos cualquier duda que te surja al respecto.<\/p>\n<p>[\/vc_column_text][\/vc_column][\/vc_row][vc_row full_width=\u00bbstretch_row_content_no_spaces\u00bb css=\u00bb.vc_custom_1599029933891{margin-bottom: 80px !important;background-position: center !important;background-repeat: no-repeat !important;background-size: cover !important;}\u00bb el_class=\u00bbrow-equipo\u00bb][vc_column][vc_custom_heading text=\u00bbEL EQUIPO\u00bb font_container=\u00bbtag:h2|text_align:center\u00bb use_theme_fonts=\u00bbyes\u00bb css_animation=\u00bbfadeInDown\u00bb][vc_column_text el_class=\u00bbtxt-block\u00bb css=\u00bb.vc_custom_1599030520469{margin-top: 45px !important;padding-right: 10px !important;padding-left: 10px !important;}\u00bb]<\/p>\n<p style=\"text-align: center;\">Poco a poco hemos ido creciendo hasta llegar a ser una gran familia, que trabajamos d\u00eda a d\u00eda en equipo y llenos de ilusi\u00f3n para ofrecerte lo mejor. Nortycod no ser\u00eda lo que es hoy en d\u00eda, si no fuera gracias a las personas que lo forman, tanto los profesionales que trabajan en ella, como todas las personas que han depositado su confianza en nosotros a lo largo de estos a\u00f1os. A ellos les damos las gracias, porque tambi\u00e9n son parte de nosotros.<\/p>\n<p>[\/vc_column_text][\/vc_column][\/vc_row][vc_row full_width=\u00bbstretch_row_content_no_spaces\u00bb css=\u00bb.vc_custom_1594027367325{padding-bottom: 30px !important;background-color: #fff474 !important;}\u00bb][vc_column][vc_custom_heading text=\u00bbTESTIMONIOS\u00bb font_container=\u00bbtag:h2|text_align:center\u00bb use_theme_fonts=\u00bbyes\u00bb css=\u00bb.vc_custom_1593690072545{padding-top: 45px !important;padding-bottom: 45px !important;}\u00bb]<div class=\"preloader\"><div class=\"preloader-spin\"><\/div><\/div><div class=\"size-small style1 gem-testimonials\" style=background-color:> <div id=\"post-1634\" class=\"gem-testimonial-item post-1634 thegem_testimonial type-thegem_testimonial status-publish\"> <div class=\"gem-testimonial-wrapper \"> <div class=\"gem-testimonial-image\"> <\/div> <div class=\"gem-testimonial-content\"> <div class=\"gem-testimonial-text\" > <p><em>\u00abMi experiencia con \u00e9sta empresa ha sido inmejorable. El personal muy profesional y siempre<\/em><br \/>\n<em>aportando alternativas para llegar a la mejor opci\u00f3n. El tiempo de ejecuci\u00f3n correcto, teniendo<\/em><br \/>\n<em>en cuenta que no se trata de un mueble de Ikea que te lo llevas puesto y lo montas t\u00fa mismo.<\/em><br \/>\n<em>Hay que saber diferenciar. Tengo claro que si tuviera que seguir realizando obras en<\/em><br \/>\n<em>casa,muebles a medida, etc&#8230; volver\u00e9 a Nortycod\u00bb<\/em><\/p>\n<p style=\"font size: 24px; font-weight: 900; margin-top: 20px;\"><strong>Emma Mar\u00eda D\u00edaza Dorta<\/strong><\/p>\n<p> <span style=\"font-size:14px;\">Opini\u00f3n de Google<\/span><\/p> <\/div> <\/div> <\/div> <\/div> <div id=\"post-1638\" class=\"gem-testimonial-item post-1638 thegem_testimonial type-thegem_testimonial status-publish\"> <div class=\"gem-testimonial-wrapper \"> <div class=\"gem-testimonial-image\"> <\/div> <div class=\"gem-testimonial-content\"> <div class=\"gem-testimonial-text\" > <p><em>\u00abEl mejor lugar para planificar y hacer tu cocina, he visto precios similares pero el trato insuperable, 100% recomendable!\u00bb<\/em><\/p>\n<p style=\"font size: 24px; font-weight: 900; margin-top: 20px;\"><strong>Ricardo Gonz\u00e1lez<\/strong><\/p>\n<p> <span style=\"font-size:14px;\">Opini\u00f3n de Google<\/span><\/p> <\/div> <\/div> <\/div> <\/div> <div id=\"post-1929\" class=\"gem-testimonial-item post-1929 thegem_testimonial type-thegem_testimonial status-publish\"> <div class=\"gem-testimonial-wrapper \"> <div class=\"gem-testimonial-image\"> <\/div> <div class=\"gem-testimonial-content\"> <div class=\"gem-testimonial-text\" > <p><em>\u00abLa verdad que la atencion es muy buena te lo explican todo sin dudas y las cocinas soy preciosas tengo unas ganas de ver como me queda la m\u00eda gracias\u00bb<\/em><\/p>\n<p style=\"font size: 24px; font-weight: 900; margin-top: 20px;\"><strong>Decires Bautista<\/strong><\/p>\n<p> <span style=\"font-size:14px;\">Opini\u00f3n en Google<\/span><\/p> <\/div> <\/div> <\/div> <\/div> <div id=\"post-1932\" class=\"gem-testimonial-item post-1932 thegem_testimonial type-thegem_testimonial status-publish\"> <div class=\"gem-testimonial-wrapper \"> <div class=\"gem-testimonial-image\"> <\/div> <div class=\"gem-testimonial-content\"> <div class=\"gem-testimonial-text\" > <p><em>\u00abTrato inmejorable, aportan variedad de soluciones a tus preguntas, dan una amplia gama de alternativas y precios. A pesar de marear un poco la perdiz ya que el dise\u00f1o de una cocina, en nuestro caso, es bastante minucioso y hay que pensarlo bien, cualquier cambio lo convierten en nuevas posibilidades en el dise\u00f1o.\u00bb<\/em><\/p>\n<p style=\"font size: 24px; font-weight: 900; margin-top: 20px;\"><strong>Itziar Alberto<\/strong><\/p>\n<p> <span style=\"font-size:14px;\">Opini\u00f3n en Google<\/span><\/p> <\/div> <\/div> <\/div> <\/div> <div class=\"testimonials_svg\"><svg style=\"fill: \" width=\"100\" height=\"50\"><path d=\"M 0,-1 Q 45,5 50,50 Q 55,5 100,-1\" \/><\/svg><\/div><\/div>[\/vc_column][\/vc_row]<\/p>\n<\/div>","protected":false},"excerpt":{"rendered":"<p>[vc_row full_width=\u00bbstretch_row_content_no_spaces\u00bb css=\u00bb.vc_custom_1601978156208{padding-bottom: 350px !important;background-image: url(http:\/\/nortycod.com\/wp-content\/uploads\/2020\/06\/pag-quienes-portada.jpg?id=2337) !important;background-position: center !important;background-repeat: no-repeat !important;background-size: cover !important;}\u00bb][vc_column][vc_row_inner css=\u00bb.vc_custom_1601978048393{margin-top: -60px !important;padding-bottom: 60px !important;background-color: rgba(0,0,0,0.26) !important;*background-color:&#8230;<\/p>\n","protected":false},"author":1,"featured_media":0,"parent":0,"menu_order":0,"comment_status":"closed","ping_status":"closed","template":"","meta":{"footnotes":""},"class_list":["post-2322","page","type-page","status-publish"],"yoast_head":"<!-- This site is optimized with the Yoast SEO plugin v27.5 - https:\/\/yoast.com\/product\/yoast-seo-wordpress\/ -->\n<title>Quienes Somos - Nortycod - Dise&ntilde;o de muebles y reformas en Tenerife<\/title>\n<meta name=\"robots\" content=\"index, follow, max-snippet:-1, max-image-preview:large, max-video-preview:-1\" \/>\n<link rel=\"canonical\" href=\"https:\/\/nortycod.com\/es\/empresa-nortycod-tenerife\/\" \/>\n<meta property=\"og:locale\" content=\"es_ES\" \/>\n<meta property=\"og:type\" content=\"article\" \/>\n<meta property=\"og:title\" content=\"Quienes Somos - Nortycod - Dise&ntilde;o de muebles y reformas en Tenerife\" \/>\n<meta property=\"og:description\" content=\"[vc_row full_width=\u00bbstretch_row_content_no_spaces\u00bb css=\u00bb.vc_custom_1601978156208{padding-bottom: 350px !important;background-image: url(http:\/\/nortycod.com\/wp-content\/uploads\/2020\/06\/pag-quienes-portada.jpg?id=2337) !important;background-position: center !important;background-repeat: no-repeat !important;background-size: cover !important;}\u00bb][vc_column][vc_row_inner css=\u00bb.vc_custom_1601978048393{margin-top: -60px !important;padding-bottom: 60px !important;background-color: rgba(0,0,0,0.26) !important;*background-color:...\" \/>\n<meta property=\"og:url\" content=\"https:\/\/nortycod.com\/es\/empresa-nortycod-tenerife\/\" \/>\n<meta property=\"og:site_name\" content=\"Nortycod - Dise&ntilde;o de muebles y reformas en Tenerife\" \/>\n<meta property=\"article:modified_time\" content=\"2020-10-06T23:18:00+00:00\" \/>\n<meta name=\"twitter:card\" content=\"summary_large_image\" \/>\n<meta name=\"twitter:label1\" content=\"Tiempo de lectura\" \/>\n\t<meta name=\"twitter:data1\" content=\"9 minutos\" \/>\n<script type=\"application\/ld+json\" class=\"yoast-schema-graph\">{\"@context\":\"https:\\\/\\\/schema.org\",\"@graph\":[{\"@type\":\"WebPage\",\"@id\":\"https:\\\/\\\/nortycod.com\\\/es\\\/empresa-nortycod-tenerife\\\/\",\"url\":\"https:\\\/\\\/nortycod.com\\\/es\\\/empresa-nortycod-tenerife\\\/\",\"name\":\"Quienes Somos - Nortycod - Dise&ntilde;o de muebles y reformas en Tenerife\",\"isPartOf\":{\"@id\":\"https:\\\/\\\/nortycod.com\\\/es\\\/#website\"},\"datePublished\":\"2020-06-19T09:41:12+00:00\",\"dateModified\":\"2020-10-06T23:18:00+00:00\",\"breadcrumb\":{\"@id\":\"https:\\\/\\\/nortycod.com\\\/es\\\/empresa-nortycod-tenerife\\\/#breadcrumb\"},\"inLanguage\":\"es\",\"potentialAction\":[{\"@type\":\"ReadAction\",\"target\":[\"https:\\\/\\\/nortycod.com\\\/es\\\/empresa-nortycod-tenerife\\\/\"]}]},{\"@type\":\"BreadcrumbList\",\"@id\":\"https:\\\/\\\/nortycod.com\\\/es\\\/empresa-nortycod-tenerife\\\/#breadcrumb\",\"itemListElement\":[{\"@type\":\"ListItem\",\"position\":1,\"name\":\"Portada\",\"item\":\"https:\\\/\\\/nortycod.com\\\/es\\\/\"},{\"@type\":\"ListItem\",\"position\":2,\"name\":\"Quienes Somos\"}]},{\"@type\":\"WebSite\",\"@id\":\"https:\\\/\\\/nortycod.com\\\/es\\\/#website\",\"url\":\"https:\\\/\\\/nortycod.com\\\/es\\\/\",\"name\":\"Nortycod - Dise&ntilde;o de muebles y reformas en Tenerife\",\"description\":\"Empresa especializada en reformas de hogares, ba&ntilde;os, cocinas en Tenerife\",\"potentialAction\":[{\"@type\":\"SearchAction\",\"target\":{\"@type\":\"EntryPoint\",\"urlTemplate\":\"https:\\\/\\\/nortycod.com\\\/es\\\/?s={search_term_string}\"},\"query-input\":{\"@type\":\"PropertyValueSpecification\",\"valueRequired\":true,\"valueName\":\"search_term_string\"}}],\"inLanguage\":\"es\"}]}<\/script>\n<!-- \/ Yoast SEO plugin. -->","yoast_head_json":{"title":"Quienes Somos - Nortycod - Dise&ntilde;o de muebles y reformas en Tenerife","robots":{"index":"index","follow":"follow","max-snippet":"max-snippet:-1","max-image-preview":"max-image-preview:large","max-video-preview":"max-video-preview:-1"},"canonical":"https:\/\/nortycod.com\/es\/empresa-nortycod-tenerife\/","og_locale":"es_ES","og_type":"article","og_title":"Quienes Somos - Nortycod - Dise&ntilde;o de muebles y reformas en Tenerife","og_description":"[vc_row full_width=\u00bbstretch_row_content_no_spaces\u00bb css=\u00bb.vc_custom_1601978156208{padding-bottom: 350px !important;background-image: url(http:\/\/nortycod.com\/wp-content\/uploads\/2020\/06\/pag-quienes-portada.jpg?id=2337) !important;background-position: center !important;background-repeat: no-repeat !important;background-size: cover !important;}\u00bb][vc_column][vc_row_inner css=\u00bb.vc_custom_1601978048393{margin-top: -60px !important;padding-bottom: 60px !important;background-color: rgba(0,0,0,0.26) !important;*background-color:...","og_url":"https:\/\/nortycod.com\/es\/empresa-nortycod-tenerife\/","og_site_name":"Nortycod - Dise&ntilde;o de muebles y reformas en Tenerife","article_modified_time":"2020-10-06T23:18:00+00:00","twitter_card":"summary_large_image","twitter_misc":{"Tiempo de lectura":"9 minutos"},"schema":{"@context":"https:\/\/schema.org","@graph":[{"@type":"WebPage","@id":"https:\/\/nortycod.com\/es\/empresa-nortycod-tenerife\/","url":"https:\/\/nortycod.com\/es\/empresa-nortycod-tenerife\/","name":"Quienes Somos - Nortycod - Dise&ntilde;o de muebles y reformas en Tenerife","isPartOf":{"@id":"https:\/\/nortycod.com\/es\/#website"},"datePublished":"2020-06-19T09:41:12+00:00","dateModified":"2020-10-06T23:18:00+00:00","breadcrumb":{"@id":"https:\/\/nortycod.com\/es\/empresa-nortycod-tenerife\/#breadcrumb"},"inLanguage":"es","potentialAction":[{"@type":"ReadAction","target":["https:\/\/nortycod.com\/es\/empresa-nortycod-tenerife\/"]}]},{"@type":"BreadcrumbList","@id":"https:\/\/nortycod.com\/es\/empresa-nortycod-tenerife\/#breadcrumb","itemListElement":[{"@type":"ListItem","position":1,"name":"Portada","item":"https:\/\/nortycod.com\/es\/"},{"@type":"ListItem","position":2,"name":"Quienes Somos"}]},{"@type":"WebSite","@id":"https:\/\/nortycod.com\/es\/#website","url":"https:\/\/nortycod.com\/es\/","name":"Nortycod - Dise&ntilde;o de muebles y reformas en Tenerife","description":"Empresa especializada en reformas de hogares, ba&ntilde;os, cocinas en Tenerife","potentialAction":[{"@type":"SearchAction","target":{"@type":"EntryPoint","urlTemplate":"https:\/\/nortycod.com\/es\/?s={search_term_string}"},"query-input":{"@type":"PropertyValueSpecification","valueRequired":true,"valueName":"search_term_string"}}],"inLanguage":"es"}]}},"_links":{"self":[{"href":"https:\/\/nortycod.com\/es\/wp-json\/wp\/v2\/pages\/2322","targetHints":{"allow":["GET"]}}],"collection":[{"href":"https:\/\/nortycod.com\/es\/wp-json\/wp\/v2\/pages"}],"about":[{"href":"https:\/\/nortycod.com\/es\/wp-json\/wp\/v2\/types\/page"}],"author":[{"embeddable":true,"href":"https:\/\/nortycod.com\/es\/wp-json\/wp\/v2\/users\/1"}],"replies":[{"embeddable":true,"href":"https:\/\/nortycod.com\/es\/wp-json\/wp\/v2\/comments?post=2322"}],"version-history":[{"count":126,"href":"https:\/\/nortycod.com\/es\/wp-json\/wp\/v2\/pages\/2322\/revisions"}],"predecessor-version":[{"id":4114,"href":"https:\/\/nortycod.com\/es\/wp-json\/wp\/v2\/pages\/2322\/revisions\/4114"}],"wp:attachment":[{"href":"https:\/\/nortycod.com\/es\/wp-json\/wp\/v2\/media?parent=2322"}],"curies":[{"name":"wp","href":"https:\/\/api.w.org\/{rel}","templated":true}]}}