{"id":2305,"date":"2020-06-19T09:32:55","date_gmt":"2020-06-19T08:32:55","guid":{"rendered":"http:\/\/nortycod.com\/?page_id=2305"},"modified":"2020-10-07T00:09:01","modified_gmt":"2020-10-06T23:09:01","slug":"instalacion-parquets-tarimas-tenerife","status":"publish","type":"page","link":"https:\/\/nortycod.com\/es\/instalacion-parquets-tarimas-tenerife\/","title":{"rendered":"Parquets"},"content":{"rendered":"<div class=\"wpb-content-wrapper\"><p>[vc_row full_width=\u00bbstretch_row_content_no_spaces\u00bb css=\u00bb.vc_custom_1599131385988{padding-bottom: 350px !important;background-image: url(http:\/\/nortycod.com\/wp-content\/uploads\/2020\/06\/pag-parquets-portada.jpg?id=2309) !important;background-position: center !important;background-repeat: no-repeat !important;background-size: cover !important;}\u00bb][vc_column][vc_row_inner css=\u00bb.vc_custom_1598613410172{margin-top: -60px !important;padding-bottom: 60px !important;background-color: rgba(0,0,0,0.26) !important;*background-color: rgb(0,0,0) !important;}\u00bb][vc_column_inner][vc_custom_heading text=\u00bbPara pisar con fuerza y seguridad\u00bb font_container=\u00bbtag:h1|text_align:center|color:%23ffffff\u00bb use_theme_fonts=\u00bbyes\u00bb css=\u00bb.vc_custom_1598614051992{padding-top: 40px !important;padding-bottom: 30px !important;}\u00bb][vc_column_text el_class=\u00bbsubheading\u00bb]<\/p>\n<div class=\"subheading intro\" style=\"text-align: center;\"><span style=\"color: #ffffff;\">El mejor suelo para que puedas dar tus primeros pasos<br \/>\ncon tranquilidad y construir tu camino<\/span><\/div>\n<p>[\/vc_column_text][\/vc_column_inner][\/vc_row_inner][\/vc_column][\/vc_row][vc_row full_width=\u00bbstretch_row_content_no_spaces\u00bb css=\u00bb.vc_custom_1599217166460{background-position: center !important;background-repeat: no-repeat !important;background-size: cover !important;}\u00bb el_class=\u00bbrow-inside\u00bb][vc_column css=\u00bb.vc_custom_1599130977483{background-color: #ffffff !important;}\u00bb][vc_custom_heading text=\u00bbPARQUETS\u00bb font_container=\u00bbtag:h2|text_align:center\u00bb use_theme_fonts=\u00bbyes\u00bb css_animation=\u00bbfadeInDown\u00bb css=\u00bb.vc_custom_1599869799550{margin-bottom: 0px !important;padding-bottom: 20px !important;background-color: #ffffff !important;}\u00bb el_class=\u00bbr-title\u00bb][vc_column_text el_class=\u00bbtxt-block\u00bb]<\/p>\n<p style=\"text-align: center;\">Es importante sentirnos seguros cuando pisamos y la elecci\u00f3n de<br \/>\nnuestro suelo depende de ello. Si necesitas ayuda o alguien que te gu\u00ede<br \/>\nen esta elecci\u00f3n, ponemos a tu disposici\u00f3n nuestros expertos.<\/p>\n<p>[\/vc_column_text][\/vc_column][\/vc_row][vc_row full_width=\u00bbstretch_row_content_no_spaces\u00bb css=\u00bb.vc_custom_1599129598407{background-image: url(http:\/\/nortycod.com\/wp-content\/uploads\/2020\/06\/pag-parquets-parquets.jpg?id=2313) !important;background-position: center !important;background-repeat: no-repeat !important;background-size: cover !important;}\u00bb el_class=\u00bbrow-image\u00bb][vc_column][\/vc_column][\/vc_row][vc_row full_width=\u00bbstretch_row_content_no_spaces\u00bb css=\u00bb.vc_custom_1599209507419{background-position: center !important;background-repeat: no-repeat !important;background-size: cover !important;}\u00bb el_class=\u00bbrow-content\u00bb][vc_column width=\u00bb1\/2&#8243; el_class=\u00bbcol1&#8243;][vc_custom_heading text=\u00bbAMPLIA GAMA DE SUELOS\u00bb use_theme_fonts=\u00bbyes\u00bb css_animation=\u00bbfadeInDown\u00bb el_class=\u00bbheading-space-l\u00bb][vc_column_text el_class=\u00bbcol1-row3&#8243;]Tenemos una amplia gama de suelos, desde tarima maciza tropical, tarima flotante, suelo de goma, lin\u00f3leo, pvc, hasta suelo laminado sint\u00e9tico para uso dom\u00e9stico y para uso comercial moderado, para uso comercial intenso, alta presi\u00f3n especial para uso comercial con gran actividad o posibles derrames de l\u00edquidos constantes, cigarrillos, etc.[\/vc_column_text][\/vc_column][vc_column width=\u00bb1\/2&#8243; css=\u00bb.vc_custom_1598528736051{padding-bottom: 800px !important;background-image: url(http:\/\/nortycod.com\/wp-content\/uploads\/2020\/06\/pag-parquets-amplia-gama.jpg?id=2312) !important;background-position: center !important;background-repeat: no-repeat !important;background-size: cover !important;}\u00bb][\/vc_column][\/vc_row][vc_row full_width=\u00bbstretch_row_content_no_spaces\u00bb el_class=\u00bbfullrow\u00bb][vc_column width=\u00bb1\/2&#8243; css=\u00bb.vc_custom_1598526165877{padding-bottom: 800px !important;background-image: url(http:\/\/nortycod.com\/wp-content\/uploads\/2020\/06\/pag-parquets-colores-estilos.jpg?id=2311) !important;background-position: center !important;background-repeat: no-repeat !important;background-size: cover !important;}\u00bb][\/vc_column][vc_column width=\u00bb1\/2&#8243; el_class=\u00bbcol2&#8243;][vc_custom_heading text=\u00bbCOLORES, ESTILOS<br \/>\nY ACABADOS\u00bb font_container=\u00bbtag:h2|text_align:right\u00bb use_theme_fonts=\u00bbyes\u00bb css_animation=\u00bbfadeInDown\u00bb][vc_column_text el_class=\u00bbcol2-row3&#8243;]<\/p>\n<p style=\"text-align: right;\">El color y el estilo de su suelo tendr\u00e1n un efecto notable en el aspecto del interior de su hogar. Por eso nuestros suelos est\u00e1n disponibles en una cantidad pr\u00e1cticamente infinita de colores, estilos y acabados.<\/p>\n<p>[\/vc_column_text][\/vc_column][\/vc_row][vc_row full_width=\u00bbstretch_row_content_no_spaces\u00bb css=\u00bb.vc_custom_1594044102821{padding-top: 180px !important;padding-bottom: 350px !important;background-image: url(http:\/\/nortycod.com\/wp-content\/uploads\/2020\/06\/pag-parquets-parquets-2.jpg?id=2310) !important;background-position: center !important;background-repeat: no-repeat !important;background-size: cover !important;}\u00bb][vc_column width=\u00bb1\/4&#8243;][\/vc_column][vc_column width=\u00bb1\/2&#8243; css=\u00bb.vc_custom_1594044264247{padding-top: 30px !important;padding-right: 20px !important;padding-bottom: 20px !important;padding-left: 20px !important;background-color: #ffffff !important;}\u00bb][vc_custom_heading text=\u00bbPARQUETS\u00bb font_container=\u00bbtag:h2|text_align:center\u00bb use_theme_fonts=\u00bbyes\u00bb css_animation=\u00bbfadeInDown\u00bb css=\u00bb.vc_custom_1595354159845{margin-top: 30px !important;margin-bottom: 30px !important;}\u00bb][vc_column_text css=\u00bb.vc_custom_1594044285768{margin-bottom: 50px !important;padding-top: 20px !important;padding-right: 40px !important;padding-left: 40px !important;background-color: #ffffff !important;}\u00bb]<\/p>\n<p style=\"text-align: center;\">Si necesitas saber cu\u00e1nto cuesta o cu\u00e1l es el precio del montaje o la instalaci\u00f3n de tu suelo laminado, parquet, etc; s\u00f3lo tienes que solicitarnos presupuesto explic\u00e1ndonos que necesitas y te lo haremos llegar en el menor tiempo posible.<\/p>\n<p>[\/vc_column_text][\/vc_column][vc_column width=\u00bb1\/4&#8243;][\/vc_column][\/vc_row][vc_row full_width=\u00bbstretch_row_content_no_spaces\u00bb parallax=\u00bbcontent-moving\u00bb parallax_image=\u00bb2460&#8243; css=\u00bb.vc_custom_1594046334346{padding-top: 40px !important;padding-bottom: 40px !important;background-position: center;background-repeat: no-repeat !important;background-size: cover !important;}\u00bb][vc_column][vc_custom_heading text=\u00bbPedir Presupuesto\u00bb font_container=\u00bbtag:h2|text_align:center\u00bb use_theme_fonts=\u00bbyes\u00bb css=\u00bb.vc_custom_1599218491654{padding-bottom: 20px !important;}\u00bb][vc_column_text]<\/p>\n<div class=\"styled-subtitle\" style=\"text-align: center; padding-left: 10px; padding-right: 10px;\">Si necesitas presupuesto,<br \/>\nrellena el peque\u00f1o formulario que te saldr\u00e1 al darle a solicitar,<br \/>\npara poder tener tus datos, ponernos en contacto contigo<br \/>\ny facilitarte el presupuesto lo antes posible.<\/div>\n<p>[\/vc_column_text]<style type=\"text\/css\">.thegem-button-69fc77e7079bb6307 .gem-button svg {fill: #ffffff;}.thegem-button-69fc77e7079bb6307 .gem-button:hover svg {fill: #000000;}<\/style><div class=\"gem-button-container gem-button-position-center thegem-button-69fc77e7079bb6307    \"  ><a title=\"Presupuesto\" class=\"gem-button gem-button-size-medium gem-button-style-flat gem-button-text-weight-normal\" data-ll-effect=\"drop-right-without-wrap\" style=\"border-radius: 0px;background-color: #000000;color: #ffffff;\" onmouseleave=\"this.style.backgroundColor='#000000';this.style.color='#ffffff';\" onmouseenter=\"this.style.backgroundColor='#ffffff';this.style.color='#000000';\" href=\"http:\/\/nortycod.com\/es\/presupuesto-reformas-tenerife\/\" target=\"_self\">SOLICITAR<\/a><\/div> [\/vc_column][\/vc_row][vc_row css=\u00bb.vc_custom_1594045961088{margin-top: 80px !important;}\u00bb][vc_column][vc_custom_heading text=\u00bbMARCAS CON LAS QUE TRABAJAMOS\u00bb font_container=\u00bbtag:h2|text_align:center\u00bb use_theme_fonts=\u00bbyes\u00bb el_class=\u00bbr-title\u00bb css=\u00bb.vc_custom_1594046007985{margin-bottom: -80px !important;}\u00bb]<div class=\"gem-client-set-title\"> <div class=\"container\"> <div class=\"clients_title\"><h3> <\/h3><\/div> <\/div> <\/div> <div class=\"gem_client-carousel disable-grayscale \" > <div class=\"preloader\"> <div class=\"preloader-spin\"><\/div> <\/div> <div class=\" gem_client_carousel-items\" data-autoscroll='0'> <div class=\"gem-client-item \" > <span><img width=\"320\" height=\"320\" src=\"https:\/\/nortycod.com\/wp-content\/uploads\/2020\/07\/quick-step.png\" class=\" wp-post-image\" alt=\"Trabajamos con Quick Step\" \/><\/span><\/div> <div class=\"gem-client-item \" > <span><img width=\"320\" height=\"320\" src=\"https:\/\/nortycod.com\/wp-content\/uploads\/2020\/07\/disfloor-top.png\" class=\" wp-post-image\" alt=\"Trabajamos con Disfloor Top\" \/><\/span><\/div> <\/div> <\/div>[\/vc_column][\/vc_row]<\/p>\n<\/div>","protected":false},"excerpt":{"rendered":"<p>[vc_row full_width=\u00bbstretch_row_content_no_spaces\u00bb css=\u00bb.vc_custom_1599131385988{padding-bottom: 350px !important;background-image: url(http:\/\/nortycod.com\/wp-content\/uploads\/2020\/06\/pag-parquets-portada.jpg?id=2309) !important;background-position: center !important;background-repeat: no-repeat !important;background-size: cover !important;}\u00bb][vc_column][vc_row_inner css=\u00bb.vc_custom_1598613410172{margin-top: -60px !important;padding-bottom: 60px !important;background-color: rgba(0,0,0,0.26) !important;*background-color:&#8230;<\/p>\n","protected":false},"author":1,"featured_media":0,"parent":0,"menu_order":0,"comment_status":"closed","ping_status":"closed","template":"","meta":{"footnotes":""},"class_list":["post-2305","page","type-page","status-publish"],"yoast_head":"<!-- This site is optimized with the Yoast SEO plugin v27.5 - https:\/\/yoast.com\/product\/yoast-seo-wordpress\/ -->\n<title>Nortycod - Instalacion de parquets y tarimas en Tenerife<\/title>\n<meta name=\"description\" content=\"Amplia gama de suelos, desde tarima maciza tropical, tarima flotante, suelo de goma, pvc. Pide presupuesto sin compromiso\" \/>\n<meta name=\"robots\" content=\"index, follow, max-snippet:-1, max-image-preview:large, max-video-preview:-1\" \/>\n<link rel=\"canonical\" href=\"https:\/\/nortycod.com\/es\/instalacion-parquets-tarimas-tenerife\/\" \/>\n<meta property=\"og:locale\" content=\"es_ES\" \/>\n<meta property=\"og:type\" content=\"article\" \/>\n<meta property=\"og:title\" content=\"Nortycod - Instalacion de parquets y tarimas en Tenerife\" \/>\n<meta property=\"og:description\" content=\"Amplia gama de suelos, desde tarima maciza tropical, tarima flotante, suelo de goma, pvc. Pide presupuesto sin compromiso\" \/>\n<meta property=\"og:url\" content=\"https:\/\/nortycod.com\/es\/instalacion-parquets-tarimas-tenerife\/\" \/>\n<meta property=\"og:site_name\" content=\"Nortycod - Dise&ntilde;o de muebles y reformas en Tenerife\" \/>\n<meta property=\"article:modified_time\" content=\"2020-10-06T23:09:01+00:00\" \/>\n<meta name=\"twitter:card\" content=\"summary_large_image\" \/>\n<meta name=\"twitter:label1\" content=\"Tiempo de lectura\" \/>\n\t<meta name=\"twitter:data1\" content=\"5 minutos\" \/>\n<script type=\"application\/ld+json\" class=\"yoast-schema-graph\">{\"@context\":\"https:\\\/\\\/schema.org\",\"@graph\":[{\"@type\":\"WebPage\",\"@id\":\"https:\\\/\\\/nortycod.com\\\/es\\\/instalacion-parquets-tarimas-tenerife\\\/\",\"url\":\"https:\\\/\\\/nortycod.com\\\/es\\\/instalacion-parquets-tarimas-tenerife\\\/\",\"name\":\"Nortycod - Instalacion de parquets y tarimas en Tenerife\",\"isPartOf\":{\"@id\":\"https:\\\/\\\/nortycod.com\\\/es\\\/#website\"},\"datePublished\":\"2020-06-19T08:32:55+00:00\",\"dateModified\":\"2020-10-06T23:09:01+00:00\",\"description\":\"Amplia gama de suelos, desde tarima maciza tropical, tarima flotante, suelo de goma, pvc. Pide presupuesto sin compromiso\",\"breadcrumb\":{\"@id\":\"https:\\\/\\\/nortycod.com\\\/es\\\/instalacion-parquets-tarimas-tenerife\\\/#breadcrumb\"},\"inLanguage\":\"es\",\"potentialAction\":[{\"@type\":\"ReadAction\",\"target\":[\"https:\\\/\\\/nortycod.com\\\/es\\\/instalacion-parquets-tarimas-tenerife\\\/\"]}]},{\"@type\":\"BreadcrumbList\",\"@id\":\"https:\\\/\\\/nortycod.com\\\/es\\\/instalacion-parquets-tarimas-tenerife\\\/#breadcrumb\",\"itemListElement\":[{\"@type\":\"ListItem\",\"position\":1,\"name\":\"Portada\",\"item\":\"https:\\\/\\\/nortycod.com\\\/es\\\/\"},{\"@type\":\"ListItem\",\"position\":2,\"name\":\"Parquets\"}]},{\"@type\":\"WebSite\",\"@id\":\"https:\\\/\\\/nortycod.com\\\/es\\\/#website\",\"url\":\"https:\\\/\\\/nortycod.com\\\/es\\\/\",\"name\":\"Nortycod - Dise&ntilde;o de muebles y reformas en Tenerife\",\"description\":\"Empresa especializada en reformas de hogares, ba&ntilde;os, cocinas en Tenerife\",\"potentialAction\":[{\"@type\":\"SearchAction\",\"target\":{\"@type\":\"EntryPoint\",\"urlTemplate\":\"https:\\\/\\\/nortycod.com\\\/es\\\/?s={search_term_string}\"},\"query-input\":{\"@type\":\"PropertyValueSpecification\",\"valueRequired\":true,\"valueName\":\"search_term_string\"}}],\"inLanguage\":\"es\"}]}<\/script>\n<!-- \/ Yoast SEO plugin. -->","yoast_head_json":{"title":"Nortycod - Instalacion de parquets y tarimas en Tenerife","description":"Amplia gama de suelos, desde tarima maciza tropical, tarima flotante, suelo de goma, pvc. Pide presupuesto sin compromiso","robots":{"index":"index","follow":"follow","max-snippet":"max-snippet:-1","max-image-preview":"max-image-preview:large","max-video-preview":"max-video-preview:-1"},"canonical":"https:\/\/nortycod.com\/es\/instalacion-parquets-tarimas-tenerife\/","og_locale":"es_ES","og_type":"article","og_title":"Nortycod - Instalacion de parquets y tarimas en Tenerife","og_description":"Amplia gama de suelos, desde tarima maciza tropical, tarima flotante, suelo de goma, pvc. Pide presupuesto sin compromiso","og_url":"https:\/\/nortycod.com\/es\/instalacion-parquets-tarimas-tenerife\/","og_site_name":"Nortycod - Dise&ntilde;o de muebles y reformas en Tenerife","article_modified_time":"2020-10-06T23:09:01+00:00","twitter_card":"summary_large_image","twitter_misc":{"Tiempo de lectura":"5 minutos"},"schema":{"@context":"https:\/\/schema.org","@graph":[{"@type":"WebPage","@id":"https:\/\/nortycod.com\/es\/instalacion-parquets-tarimas-tenerife\/","url":"https:\/\/nortycod.com\/es\/instalacion-parquets-tarimas-tenerife\/","name":"Nortycod - Instalacion de parquets y tarimas en Tenerife","isPartOf":{"@id":"https:\/\/nortycod.com\/es\/#website"},"datePublished":"2020-06-19T08:32:55+00:00","dateModified":"2020-10-06T23:09:01+00:00","description":"Amplia gama de suelos, desde tarima maciza tropical, tarima flotante, suelo de goma, pvc. Pide presupuesto sin compromiso","breadcrumb":{"@id":"https:\/\/nortycod.com\/es\/instalacion-parquets-tarimas-tenerife\/#breadcrumb"},"inLanguage":"es","potentialAction":[{"@type":"ReadAction","target":["https:\/\/nortycod.com\/es\/instalacion-parquets-tarimas-tenerife\/"]}]},{"@type":"BreadcrumbList","@id":"https:\/\/nortycod.com\/es\/instalacion-parquets-tarimas-tenerife\/#breadcrumb","itemListElement":[{"@type":"ListItem","position":1,"name":"Portada","item":"https:\/\/nortycod.com\/es\/"},{"@type":"ListItem","position":2,"name":"Parquets"}]},{"@type":"WebSite","@id":"https:\/\/nortycod.com\/es\/#website","url":"https:\/\/nortycod.com\/es\/","name":"Nortycod - Dise&ntilde;o de muebles y reformas en Tenerife","description":"Empresa especializada en reformas de hogares, ba&ntilde;os, cocinas en Tenerife","potentialAction":[{"@type":"SearchAction","target":{"@type":"EntryPoint","urlTemplate":"https:\/\/nortycod.com\/es\/?s={search_term_string}"},"query-input":{"@type":"PropertyValueSpecification","valueRequired":true,"valueName":"search_term_string"}}],"inLanguage":"es"}]}},"_links":{"self":[{"href":"https:\/\/nortycod.com\/es\/wp-json\/wp\/v2\/pages\/2305","targetHints":{"allow":["GET"]}}],"collection":[{"href":"https:\/\/nortycod.com\/es\/wp-json\/wp\/v2\/pages"}],"about":[{"href":"https:\/\/nortycod.com\/es\/wp-json\/wp\/v2\/types\/page"}],"author":[{"embeddable":true,"href":"https:\/\/nortycod.com\/es\/wp-json\/wp\/v2\/users\/1"}],"replies":[{"embeddable":true,"href":"https:\/\/nortycod.com\/es\/wp-json\/wp\/v2\/comments?post=2305"}],"version-history":[{"count":85,"href":"https:\/\/nortycod.com\/es\/wp-json\/wp\/v2\/pages\/2305\/revisions"}],"predecessor-version":[{"id":4113,"href":"https:\/\/nortycod.com\/es\/wp-json\/wp\/v2\/pages\/2305\/revisions\/4113"}],"wp:attachment":[{"href":"https:\/\/nortycod.com\/es\/wp-json\/wp\/v2\/media?parent=2305"}],"curies":[{"name":"wp","href":"https:\/\/api.w.org\/{rel}","templated":true}]}}