{"id":2260,"date":"2020-06-14T09:42:05","date_gmt":"2020-06-14T08:42:05","guid":{"rendered":"http:\/\/nortycod.com\/?page_id=2260"},"modified":"2020-10-06T23:58:06","modified_gmt":"2020-10-06T22:58:06","slug":"empresa-reformas-a-medida-tenerife","status":"publish","type":"page","link":"https:\/\/nortycod.com\/es\/empresa-reformas-a-medida-tenerife\/","title":{"rendered":"Reformas a tu medida"},"content":{"rendered":"<div class=\"wpb-content-wrapper\"><p>[vc_row full_width=\u00bbstretch_row_content_no_spaces\u00bb css=\u00bb.vc_custom_1598540274155{padding-bottom: 350px !important;background-image: url(http:\/\/nortycod.com\/wp-content\/uploads\/2020\/06\/pag-reformas-portada.jpg?id=2263) !important;background-position: center !important;background-repeat: no-repeat !important;background-size: cover !important;}\u00bb][vc_column][vc_row_inner css=\u00bb.vc_custom_1598612681802{margin-top: -65px !important;padding-bottom: 60px !important;background-color: rgba(0,0,0,0.26) !important;*background-color: rgb(0,0,0) !important;}\u00bb][vc_column_inner][vc_custom_heading text=\u00bbActualizamos y rehabilitamos\u00bb font_container=\u00bbtag:h1|text_align:center|color:%23ffffff\u00bb use_theme_fonts=\u00bbyes\u00bb css=\u00bb.vc_custom_1598612711849{padding-top: 40px !important;padding-bottom: 30px !important;}\u00bb][vc_column_text css=\u00bb.vc_custom_1598612753339{margin-top: 20px !important;}\u00bb]<\/p>\n<div class=\"subheading intro\" style=\"text-align: center;\"><span style=\"color: #ffffff;\">Es necesario renovarnos y que nuestro hogar este al<br \/>\ncompleto en sinton\u00eda con nosotros<\/span><\/div>\n<p>[\/vc_column_text][\/vc_column_inner][\/vc_row_inner][\/vc_column][\/vc_row][vc_row full_width=\u00bbstretch_row_content_no_spaces\u00bb el_class=\u00bbfullrow\u00bb][vc_column width=\u00bb1\/2&#8243; css=\u00bb.vc_custom_1598535783368{padding-bottom: 800px !important;background-image: url(http:\/\/nortycod.com\/wp-content\/uploads\/2020\/06\/pag-reformas-reformas-a-tu-medida.jpg?id=2266) !important;background-position: center !important;background-repeat: no-repeat !important;background-size: cover !important;}\u00bb][\/vc_column][vc_column width=\u00bb1\/2&#8243; el_class=\u00bbcol2&#8243;][vc_custom_heading text=\u00bbREFORMAS A TU MEDIDA\u00bb font_container=\u00bbtag:h2|text_align:right\u00bb use_theme_fonts=\u00bbyes\u00bb css_animation=\u00bbfadeInDown\u00bb el_class=\u00bbheading-space-r\u00bb][vc_column_text el_class=\u00bbcol2-row3&#8243;]<\/p>\n<p style=\"text-align: right;\">Una reforma puede ser renovar un espacio o cambiar y crear uno nuevo. Pero todos estos procesos son positivos y como tal, la reforma nos deber\u00eda resultar positiva y c\u00f3moda.<br \/>\nNosotros queremos ayudarte para que as\u00ed lo sientas, nos encargamos de todo, realizaremos una visita preliminar para ver el estado de tu vivienda. Viendo as\u00ed las reformas necesarias y las posibilidades que brinda el espacio. Adem\u00e1s se tomar\u00e1n mediciones para la realizaci\u00f3n de una propuesta de distribuci\u00f3n.<br \/>\nEn todo momento el equipo de profesionales te asesorar\u00e1 en la toma de decisiones, aportando ideas y soluciones que sumar\u00e1n a la idea inicial del proyecto.<\/p>\n<p>[\/vc_column_text][\/vc_column][\/vc_row][vc_row full_width=\u00bbstretch_row_content_no_spaces\u00bb css=\u00bb.vc_custom_1598536065973{background-position: center !important;background-repeat: no-repeat !important;background-size: cover !important;}\u00bb][vc_column width=\u00bb1\/2&#8243; el_class=\u00bbcol1&#8243;][vc_custom_heading text=\u00bbPRESUPUESTO DETALLADO\u00bb use_theme_fonts=\u00bbyes\u00bb css_animation=\u00bbfadeInDown\u00bb el_class=\u00bbheading-space-l\u00bb][vc_column_text el_class=\u00bbcol1-row3&#8243;]Nuestro presupuesto es completo, ya que realizamos todos los trabajos necesarios para realizar la reforma integral de su cocina, ba\u00f1o o cualquier otra estancia de su vivienda. Desde los costes por derribo y desescombro, la nueva instalaci\u00f3n el\u00e9ctrica, el cerramiento de espacios, fontaner\u00eda, pintura, etc.[\/vc_column_text][\/vc_column][vc_column width=\u00bb1\/2&#8243; css=\u00bb.vc_custom_1598536097917{padding-bottom: 800px !important;background-image: url(http:\/\/nortycod.com\/wp-content\/uploads\/2020\/06\/pag-reformas-presupuesto-detallado.jpg?id=2267) !important;background-position: center !important;background-repeat: no-repeat !important;background-size: cover !important;}\u00bb][\/vc_column][\/vc_row][vc_row full_width=\u00bbstretch_row_content_no_spaces\u00bb css=\u00bb.vc_custom_1599865536888{margin-top: -40px !important;background-position: center !important;background-repeat: no-repeat !important;background-size: cover !important;}\u00bb][vc_column][vc_single_image image=\u00bb2268&#8243; img_size=\u00bbfull\u00bb][\/vc_column][\/vc_row][vc_row full_width=\u00bbstretch_row_content_no_spaces\u00bb css=\u00bb.vc_custom_1599814890086{background-position: center !important;background-repeat: no-repeat !important;background-size: cover !important;}\u00bb el_class=\u00bbrow-middle\u00bb][vc_column css=\u00bb.vc_custom_1599819092845{background-color: #ffffff !important;}\u00bb el_class=\u00bbcol4&#8243;][vc_custom_heading text=\u00bbUNA REFORMA INTEGRAL DE TU VIVIENDA CONSTAR\u00c1 DE LOS SIGUIENTES PASOS\u00bb font_container=\u00bbtag:h2|text_align:center\u00bb use_theme_fonts=\u00bbyes\u00bb css_animation=\u00bbfadeInDown\u00bb css=\u00bb.vc_custom_1599817578217{padding-right: 20px !important;padding-left: 20px !important;}\u00bb el_class=\u00bbheader-long\u00bb][vc_column_text css=\u00bb.vc_custom_1599866408211{padding-right: 10px !important;padding-left: 10px !important;}\u00bb]<\/p>\n<p style=\"text-align: center;\">Realizaci\u00f3n de planos de distribuci\u00f3n.<\/p>\n<p style=\"text-align: center;\">Realizaci\u00f3n de planos t\u00e9cnico (el\u00e9ctricos, fontaner\u00eda, etc).<\/p>\n<p style=\"text-align: center;\">Derribo, saneamiento y desescombro, donde se eliminar\u00e1n todos los<br \/>\nelementos que no van a ser conservados.<\/p>\n<p style=\"text-align: center;\">Tabiquer\u00eda, elementos de obra e instalaciones, donde se levantar\u00e1n los<br \/>\nnuevos muros y tabiques, escaleras, rampas, estanter\u00edas de obra,<br \/>\ninsonorizaci\u00f3n, aislamientos, etc.<\/p>\n<p style=\"text-align: center;\">Instalaciones el\u00e9ctricas, de agua, de calefacci\u00f3n, aire acondicionado,<br \/>\ndesagu\u0308es, etc.<\/p>\n<p style=\"text-align: center;\">Remodelaci\u00f3n de paredes: pintar, empapelar o instalar paneles.<br \/>\nCambio de suelo o instalaci\u00f3n de parquet, tarima o gres.<\/p>\n<p style=\"text-align: center;\">Colocaci\u00f3n de puertas, marcos, muebles de cocina, armarios, barandillas<br \/>\nde escaleras, etc.<\/p>\n<p>[\/vc_column_text][\/vc_column][\/vc_row][vc_row full_width=\u00bbstretch_row_content_no_spaces\u00bb css=\u00bb.vc_custom_1599731227871{background-image: url(http:\/\/nortycod.com\/wp-content\/uploads\/2020\/06\/pag-reformas-financiacion.jpg?id=2271) !important;background-position: center !important;background-repeat: no-repeat !important;background-size: cover !important;}\u00bb el_class=\u00bbrow-inside-two\u00bb][vc_column css=\u00bb.vc_custom_1599747747746{background-color: #ffffff !important;}\u00bb el_class=\u00bbcol-interior\u00bb][vc_custom_heading text=\u00bbFINANCIACI\u00d3N\u00bb font_container=\u00bbtag:h2|text_align:center\u00bb use_theme_fonts=\u00bbyes\u00bb el_class=\u00bbheader-space\u00bb css=\u00bb.vc_custom_1599864921965{padding-top: 40px !important;}\u00bb][vc_column_text css=\u00bb.vc_custom_1599866758795{padding-right: 10px !important;padding-left: 10px !important;background-color: #ffffff !important;}\u00bb]<\/p>\n<div class=\"styled-subtitle\" style=\"text-align: center;\">Tenemos la mejor financiaci\u00f3n a tu medida<br \/>\nhasta en 60 meses<br \/>\n<img class=\"alignnone size-medium wp-image-2280\" src=\"http:\/\/nortycod.com\/wp-content\/uploads\/2020\/06\/Flecha-2-lados-300x40.png\" alt=\"\" width=\"300\" height=\"40\" srcset=\"https:\/\/nortycod.com\/wp-content\/uploads\/2020\/06\/Flecha-2-lados-300x40.png 300w, https:\/\/nortycod.com\/wp-content\/uploads\/2020\/06\/Flecha-2-lados.png 413w\" sizes=\"(max-width: 300px) 100vw, 300px\" \/><\/div>\n<p>[\/vc_column_text][vc_column_text css=\u00bb.vc_custom_1599735967639{padding-right: 15px !important;padding-bottom: 50px !important;padding-left: 15px !important;background-color: #ffffff !important;}\u00bb el_class=\u00bbtext-block\u00bb]<\/p>\n<p style=\"text-align: center;\">No dudes en pedirnos presupuesto, estaremos<br \/>\nencantados de hac\u00e9rtelo llegar sin ning\u00fan compromiso.<\/p>\n<p>[\/vc_column_text][\/vc_column][\/vc_row][vc_row full_width=\u00bbstretch_row_content_no_spaces\u00bb parallax=\u00bbcontent-moving\u00bb parallax_image=\u00bb2460&#8243; css=\u00bb.vc_custom_1594111094846{padding-top: 40px !important;padding-bottom: 40px !important;}\u00bb][vc_column][vc_custom_heading text=\u00bbPedir Presupuesto\u00bb font_container=\u00bbtag:h2|text_align:center\u00bb use_theme_fonts=\u00bbyes\u00bb css=\u00bb.vc_custom_1599230503894{padding-bottom: 20px !important;}\u00bb][vc_column_text css=\u00bb.vc_custom_1598612639436{padding-top: 30px !important;padding-bottom: 30px !important;}\u00bb]<\/p>\n<div class=\"styled-subtitle\" style=\"text-align: center; padding-left: 10px; padding-right: 10px;\">Si necesitas presupuesto,<br \/>\nrellena el peque\u00f1o formulario que te saldr\u00e1 al darle a solicitar,<br \/>\npara poder tener tus datos, ponernos en contacto contigo<br \/>\ny facilitarte el presupuesto lo antes posible.<\/div>\n<p>[\/vc_column_text]<style type=\"text\/css\">.thegem-button-69fc7794050967599 .gem-button svg {fill: #ffffff;}.thegem-button-69fc7794050967599 .gem-button:hover svg {fill: #000000;}<\/style><div class=\"gem-button-container gem-button-position-center thegem-button-69fc7794050967599    \"  ><a title=\"Presupuesto\" class=\"gem-button gem-button-size-medium gem-button-style-flat gem-button-text-weight-normal\" data-ll-effect=\"drop-right-without-wrap\" style=\"border-radius: 0px;background-color: #000000;color: #ffffff;\" onmouseleave=\"this.style.backgroundColor='#000000';this.style.color='#ffffff';\" onmouseenter=\"this.style.backgroundColor='#ffffff';this.style.color='#000000';\" href=\"http:\/\/nortycod.com\/es\/presupuesto\/\" target=\"_self\">SOLICITAR<\/a><\/div> [\/vc_column][\/vc_row]<\/p>\n<\/div>","protected":false},"excerpt":{"rendered":"<p>[vc_row full_width=\u00bbstretch_row_content_no_spaces\u00bb css=\u00bb.vc_custom_1598540274155{padding-bottom: 350px !important;background-image: url(http:\/\/nortycod.com\/wp-content\/uploads\/2020\/06\/pag-reformas-portada.jpg?id=2263) !important;background-position: center !important;background-repeat: no-repeat !important;background-size: cover !important;}\u00bb][vc_column][vc_row_inner css=\u00bb.vc_custom_1598612681802{margin-top: -65px !important;padding-bottom: 60px !important;background-color: rgba(0,0,0,0.26) !important;*background-color:&#8230;<\/p>\n","protected":false},"author":1,"featured_media":0,"parent":0,"menu_order":0,"comment_status":"closed","ping_status":"closed","template":"","meta":{"footnotes":""},"class_list":["post-2260","page","type-page","status-publish"],"yoast_head":"<!-- This site is optimized with the Yoast SEO plugin v27.5 - https:\/\/yoast.com\/product\/yoast-seo-wordpress\/ -->\n<title>Nortycod - Empresa de reformas a medida en Tenerife<\/title>\n<meta name=\"description\" content=\"Nos encargamos de todos los trabajos necesarios para realizar la reforma integral de su cocina, ba\u00f1o u otra estancia de su vivienda.\" \/>\n<meta name=\"robots\" content=\"index, follow, max-snippet:-1, max-image-preview:large, max-video-preview:-1\" \/>\n<link rel=\"canonical\" href=\"https:\/\/nortycod.com\/es\/empresa-reformas-a-medida-tenerife\/\" \/>\n<meta property=\"og:locale\" content=\"es_ES\" \/>\n<meta property=\"og:type\" content=\"article\" \/>\n<meta property=\"og:title\" content=\"Nortycod - Empresa de reformas a medida en Tenerife\" \/>\n<meta property=\"og:description\" content=\"Nos encargamos de todos los trabajos necesarios para realizar la reforma integral de su cocina, ba\u00f1o u otra estancia de su vivienda.\" \/>\n<meta property=\"og:url\" content=\"https:\/\/nortycod.com\/es\/empresa-reformas-a-medida-tenerife\/\" \/>\n<meta property=\"og:site_name\" content=\"Nortycod - Dise&ntilde;o de muebles y reformas en Tenerife\" \/>\n<meta property=\"article:modified_time\" content=\"2020-10-06T22:58:06+00:00\" \/>\n<meta property=\"og:image\" content=\"http:\/\/nortycod.com\/wp-content\/uploads\/2020\/06\/Flecha-2-lados-300x40.png\" \/>\n<meta name=\"twitter:card\" content=\"summary_large_image\" \/>\n<meta name=\"twitter:label1\" content=\"Tiempo de lectura\" \/>\n\t<meta name=\"twitter:data1\" content=\"5 minutos\" \/>\n<script type=\"application\/ld+json\" class=\"yoast-schema-graph\">{\"@context\":\"https:\\\/\\\/schema.org\",\"@graph\":[{\"@type\":\"WebPage\",\"@id\":\"https:\\\/\\\/nortycod.com\\\/es\\\/empresa-reformas-a-medida-tenerife\\\/\",\"url\":\"https:\\\/\\\/nortycod.com\\\/es\\\/empresa-reformas-a-medida-tenerife\\\/\",\"name\":\"Nortycod - Empresa de reformas a medida en Tenerife\",\"isPartOf\":{\"@id\":\"https:\\\/\\\/nortycod.com\\\/es\\\/#website\"},\"primaryImageOfPage\":{\"@id\":\"https:\\\/\\\/nortycod.com\\\/es\\\/empresa-reformas-a-medida-tenerife\\\/#primaryimage\"},\"image\":{\"@id\":\"https:\\\/\\\/nortycod.com\\\/es\\\/empresa-reformas-a-medida-tenerife\\\/#primaryimage\"},\"thumbnailUrl\":\"http:\\\/\\\/nortycod.com\\\/wp-content\\\/uploads\\\/2020\\\/06\\\/Flecha-2-lados-300x40.png\",\"datePublished\":\"2020-06-14T08:42:05+00:00\",\"dateModified\":\"2020-10-06T22:58:06+00:00\",\"description\":\"Nos encargamos de todos los trabajos necesarios para realizar la reforma integral de su cocina, ba\u00f1o u otra estancia de su vivienda.\",\"breadcrumb\":{\"@id\":\"https:\\\/\\\/nortycod.com\\\/es\\\/empresa-reformas-a-medida-tenerife\\\/#breadcrumb\"},\"inLanguage\":\"es\",\"potentialAction\":[{\"@type\":\"ReadAction\",\"target\":[\"https:\\\/\\\/nortycod.com\\\/es\\\/empresa-reformas-a-medida-tenerife\\\/\"]}]},{\"@type\":\"ImageObject\",\"inLanguage\":\"es\",\"@id\":\"https:\\\/\\\/nortycod.com\\\/es\\\/empresa-reformas-a-medida-tenerife\\\/#primaryimage\",\"url\":\"http:\\\/\\\/nortycod.com\\\/wp-content\\\/uploads\\\/2020\\\/06\\\/Flecha-2-lados-300x40.png\",\"contentUrl\":\"http:\\\/\\\/nortycod.com\\\/wp-content\\\/uploads\\\/2020\\\/06\\\/Flecha-2-lados-300x40.png\"},{\"@type\":\"BreadcrumbList\",\"@id\":\"https:\\\/\\\/nortycod.com\\\/es\\\/empresa-reformas-a-medida-tenerife\\\/#breadcrumb\",\"itemListElement\":[{\"@type\":\"ListItem\",\"position\":1,\"name\":\"Portada\",\"item\":\"https:\\\/\\\/nortycod.com\\\/es\\\/\"},{\"@type\":\"ListItem\",\"position\":2,\"name\":\"Reformas a tu medida\"}]},{\"@type\":\"WebSite\",\"@id\":\"https:\\\/\\\/nortycod.com\\\/es\\\/#website\",\"url\":\"https:\\\/\\\/nortycod.com\\\/es\\\/\",\"name\":\"Nortycod - Dise&ntilde;o de muebles y reformas en Tenerife\",\"description\":\"Empresa especializada en reformas de hogares, ba&ntilde;os, cocinas en Tenerife\",\"potentialAction\":[{\"@type\":\"SearchAction\",\"target\":{\"@type\":\"EntryPoint\",\"urlTemplate\":\"https:\\\/\\\/nortycod.com\\\/es\\\/?s={search_term_string}\"},\"query-input\":{\"@type\":\"PropertyValueSpecification\",\"valueRequired\":true,\"valueName\":\"search_term_string\"}}],\"inLanguage\":\"es\"}]}<\/script>\n<!-- \/ Yoast SEO plugin. -->","yoast_head_json":{"title":"Nortycod - Empresa de reformas a medida en Tenerife","description":"Nos encargamos de todos los trabajos necesarios para realizar la reforma integral de su cocina, ba\u00f1o u otra estancia de su vivienda.","robots":{"index":"index","follow":"follow","max-snippet":"max-snippet:-1","max-image-preview":"max-image-preview:large","max-video-preview":"max-video-preview:-1"},"canonical":"https:\/\/nortycod.com\/es\/empresa-reformas-a-medida-tenerife\/","og_locale":"es_ES","og_type":"article","og_title":"Nortycod - Empresa de reformas a medida en Tenerife","og_description":"Nos encargamos de todos los trabajos necesarios para realizar la reforma integral de su cocina, ba\u00f1o u otra estancia de su vivienda.","og_url":"https:\/\/nortycod.com\/es\/empresa-reformas-a-medida-tenerife\/","og_site_name":"Nortycod - Dise&ntilde;o de muebles y reformas en Tenerife","article_modified_time":"2020-10-06T22:58:06+00:00","og_image":[{"url":"http:\/\/nortycod.com\/wp-content\/uploads\/2020\/06\/Flecha-2-lados-300x40.png","type":"","width":"","height":""}],"twitter_card":"summary_large_image","twitter_misc":{"Tiempo de lectura":"5 minutos"},"schema":{"@context":"https:\/\/schema.org","@graph":[{"@type":"WebPage","@id":"https:\/\/nortycod.com\/es\/empresa-reformas-a-medida-tenerife\/","url":"https:\/\/nortycod.com\/es\/empresa-reformas-a-medida-tenerife\/","name":"Nortycod - Empresa de reformas a medida en Tenerife","isPartOf":{"@id":"https:\/\/nortycod.com\/es\/#website"},"primaryImageOfPage":{"@id":"https:\/\/nortycod.com\/es\/empresa-reformas-a-medida-tenerife\/#primaryimage"},"image":{"@id":"https:\/\/nortycod.com\/es\/empresa-reformas-a-medida-tenerife\/#primaryimage"},"thumbnailUrl":"http:\/\/nortycod.com\/wp-content\/uploads\/2020\/06\/Flecha-2-lados-300x40.png","datePublished":"2020-06-14T08:42:05+00:00","dateModified":"2020-10-06T22:58:06+00:00","description":"Nos encargamos de todos los trabajos necesarios para realizar la reforma integral de su cocina, ba\u00f1o u otra estancia de su vivienda.","breadcrumb":{"@id":"https:\/\/nortycod.com\/es\/empresa-reformas-a-medida-tenerife\/#breadcrumb"},"inLanguage":"es","potentialAction":[{"@type":"ReadAction","target":["https:\/\/nortycod.com\/es\/empresa-reformas-a-medida-tenerife\/"]}]},{"@type":"ImageObject","inLanguage":"es","@id":"https:\/\/nortycod.com\/es\/empresa-reformas-a-medida-tenerife\/#primaryimage","url":"http:\/\/nortycod.com\/wp-content\/uploads\/2020\/06\/Flecha-2-lados-300x40.png","contentUrl":"http:\/\/nortycod.com\/wp-content\/uploads\/2020\/06\/Flecha-2-lados-300x40.png"},{"@type":"BreadcrumbList","@id":"https:\/\/nortycod.com\/es\/empresa-reformas-a-medida-tenerife\/#breadcrumb","itemListElement":[{"@type":"ListItem","position":1,"name":"Portada","item":"https:\/\/nortycod.com\/es\/"},{"@type":"ListItem","position":2,"name":"Reformas a tu medida"}]},{"@type":"WebSite","@id":"https:\/\/nortycod.com\/es\/#website","url":"https:\/\/nortycod.com\/es\/","name":"Nortycod - Dise&ntilde;o de muebles y reformas en Tenerife","description":"Empresa especializada en reformas de hogares, ba&ntilde;os, cocinas en Tenerife","potentialAction":[{"@type":"SearchAction","target":{"@type":"EntryPoint","urlTemplate":"https:\/\/nortycod.com\/es\/?s={search_term_string}"},"query-input":{"@type":"PropertyValueSpecification","valueRequired":true,"valueName":"search_term_string"}}],"inLanguage":"es"}]}},"_links":{"self":[{"href":"https:\/\/nortycod.com\/es\/wp-json\/wp\/v2\/pages\/2260","targetHints":{"allow":["GET"]}}],"collection":[{"href":"https:\/\/nortycod.com\/es\/wp-json\/wp\/v2\/pages"}],"about":[{"href":"https:\/\/nortycod.com\/es\/wp-json\/wp\/v2\/types\/page"}],"author":[{"embeddable":true,"href":"https:\/\/nortycod.com\/es\/wp-json\/wp\/v2\/users\/1"}],"replies":[{"embeddable":true,"href":"https:\/\/nortycod.com\/es\/wp-json\/wp\/v2\/comments?post=2260"}],"version-history":[{"count":120,"href":"https:\/\/nortycod.com\/es\/wp-json\/wp\/v2\/pages\/2260\/revisions"}],"predecessor-version":[{"id":4108,"href":"https:\/\/nortycod.com\/es\/wp-json\/wp\/v2\/pages\/2260\/revisions\/4108"}],"wp:attachment":[{"href":"https:\/\/nortycod.com\/es\/wp-json\/wp\/v2\/media?parent=2260"}],"curies":[{"name":"wp","href":"https:\/\/api.w.org\/{rel}","templated":true}]}}