{"id":2085,"date":"2020-06-04T10:35:12","date_gmt":"2020-06-04T09:35:12","guid":{"rendered":"http:\/\/nortycod.com\/?page_id=2085"},"modified":"2020-10-07T00:01:23","modified_gmt":"2020-10-06T23:01:23","slug":"muebles-a-medida-tenerife","status":"publish","type":"page","link":"https:\/\/nortycod.com\/es\/muebles-a-medida-tenerife\/","title":{"rendered":"Muebles de dise\u00f1o"},"content":{"rendered":"<div class=\"wpb-content-wrapper\"><p>[vc_row full_width=\u00bbstretch_row_content_no_spaces\u00bb css=\u00bb.vc_custom_1598540345275{padding-bottom: 350px !important;background-image: url(http:\/\/nortycod.com\/wp-content\/uploads\/2020\/06\/pag-muebles-portada.jpg?id=2095) !important;background-position: center !important;background-repeat: no-repeat !important;background-size: cover !important;}\u00bb][vc_column][vc_row_inner css=\u00bb.vc_custom_1598613109916{margin-top: -60px !important;padding-bottom: 60px !important;background-color: rgba(0,0,0,0.26) !important;*background-color: rgb(0,0,0) !important;}\u00bb][vc_column_inner][vc_custom_heading text=\u00bbLlenamos tus espacios de vida\u00bb font_container=\u00bbtag:h1|text_align:center|color:%23ffffff\u00bb use_theme_fonts=\u00bbyes\u00bb css=\u00bb.vc_custom_1598613161915{padding-top: 40px !important;padding-bottom: 30px !important;}\u00bb][vc_column_text]<\/p>\n<div class=\"subheading intro\" style=\"text-align: center;\"><span style=\"color: #ffffff;\">Car\u00e1cter, estilo, funcionalidad, comodidad y ambiente<br \/>\npara sentirnos en casa<\/span><\/div>\n<p>[\/vc_column_text][\/vc_column_inner][\/vc_row_inner][\/vc_column][\/vc_row][vc_row full_width=\u00bbstretch_row_content_no_spaces\u00bb css=\u00bb.vc_custom_1599219646242{background-position: center !important;background-repeat: no-repeat !important;background-size: cover !important;}\u00bb el_class=\u00bbrow-inside\u00bb][vc_column css=\u00bb.vc_custom_1599219493486{background-color: #ffffff !important;}\u00bb][vc_custom_heading text=\u00bbMUEBLES DE DISE\u00d1O\u00bb font_container=\u00bbtag:h2|text_align:center\u00bb use_theme_fonts=\u00bbyes\u00bb css_animation=\u00bbfadeInDown\u00bb css=\u00bb.vc_custom_1595336545841{margin-top: 70px !important;padding-bottom: 20px !important;}\u00bb][vc_column_text css=\u00bb.vc_custom_1599219399637{padding-top: 20px !important;padding-right: 50px !important;padding-bottom: 60px !important;padding-left: 50px !important;}\u00bb]<\/p>\n<p style=\"text-align: center;\">Qu\u00e9 importante es el entorno en nuestro d\u00eda a d\u00eda y sentirnos a gusto en \u00e9l.<br \/>\nLos muebles dan vida a nuestro hogar, lo colman de color,<br \/>\nsirven para llenar los espacios, otorgarles calidez y volumen.<\/p>\n<p style=\"text-align: center;\">En Nortycod adem\u00e1s de una f\u00e1brica de muebles, queremos ser los<br \/>\nsastres que dise\u00f1en ese mueble que se adapte a ti a la perfecci\u00f3n.<br \/>\nSiguiendo tus l\u00edneas y tu estilo, para crear el ambiente perfecto que te<br \/>\npermita disfrutar de la vida.<\/p>\n<p>[\/vc_column_text][\/vc_column][\/vc_row][vc_row full_width=\u00bbstretch_row_content_no_spaces\u00bb disable_custom_paddings_tablet=\u00bbtrue\u00bb disable_custom_paddings_mobile=\u00bbtrue\u00bb css=\u00bb.vc_custom_1598553938529{padding-bottom: 800px !important;background-image: url(http:\/\/nortycod.com\/wp-content\/uploads\/2020\/06\/pag-muebles-muebles-de-diseno.jpg?id=2089) !important;background-position: center !important;background-repeat: no-repeat !important;background-size: cover !important;}\u00bb el_class=\u00bbrow-image\u00bb][vc_column offset=\u00bbvc_hidden-sm vc_hidden-xs\u00bb el_class=\u00bbbox1&#8243;][\/vc_column][\/vc_row][vc_row full_width=\u00bbstretch_row_content_no_spaces\u00bb][vc_column width=\u00bb1\/2&#8243; el_class=\u00bbcol1&#8243;][vc_custom_heading text=\u00bbMUEBLES A MEDIDA PARA CUALQUIER ESTANCIA\u00bb use_theme_fonts=\u00bbyes\u00bb css_animation=\u00bbfadeInDown\u00bb el_class=\u00bbheader-space-l\u00bb][vc_column_text el_class=\u00bbcol1-row3&#8243;]Realizamos dise\u00f1o de muebles a medida, para cualquier estancia de tu hogar: como la cocina, sal\u00f3n &#8211; comedor, dormitorios o ba\u00f1os. Todo tipo de muebles, desde armarios, vestidores, escritorios, librer\u00edas, muebles de TV y Home Cinema, aparadores, c\u00f3modas, estanter\u00edas, mesas, sillas, bibliotecas, etc.[\/vc_column_text][\/vc_column][vc_column width=\u00bb1\/2&#8243; css=\u00bb.vc_custom_1598540479086{padding-bottom: 800px !important;background-image: url(http:\/\/nortycod.com\/wp-content\/uploads\/2020\/06\/pag-muebles-a-medida.jpg?id=2139) !important;background-position: center !important;background-repeat: no-repeat !important;background-size: cover !important;}\u00bb][\/vc_column][\/vc_row][vc_row full_width=\u00bbstretch_row_content_no_spaces\u00bb el_class=\u00bbfullrow\u00bb][vc_column width=\u00bb1\/2&#8243; css=\u00bb.vc_custom_1598540524757{padding-bottom: 800px !important;background-image: url(http:\/\/nortycod.com\/wp-content\/uploads\/2020\/06\/pag-muebles-calidad-precio.jpg?id=2245) !important;background-position: center !important;background-repeat: no-repeat !important;background-size: cover !important;}\u00bb][\/vc_column][vc_column width=\u00bb1\/2&#8243; el_class=\u00bbcol2&#8243;][vc_custom_heading text=\u00bbCALIDAD &#8211; PRECIO\u00bb font_container=\u00bbtag:h2|text_align:right\u00bb use_theme_fonts=\u00bbyes\u00bb css_animation=\u00bbfadeInDown\u00bb el_class=\u00bbheader-space-r\u00bb][vc_column_text el_class=\u00bbcol2-row3&#8243;]<\/p>\n<p style=\"text-align: right;\">Espacios pensados para vivir, descubriendo el secreto de la funcionalidad y el dise\u00f1o, reinventando formas y detalles. Con una amplia experiencia en la creaci\u00f3n de interiores y equipamientos \u00fatiles y con diversos acabados, que nos permiten conseguir muebles \u00fanicos con la mejor relaci\u00f3n CALIDAD-PRECIO.<\/p>\n<p>[\/vc_column_text][\/vc_column][\/vc_row][vc_row full_width=\u00bbstretch_row_content_no_spaces\u00bb css=\u00bb.vc_custom_1594117979026{padding-top: 700px !important;background-image: url(http:\/\/nortycod.com\/wp-content\/uploads\/2020\/06\/pag-muebles-muebles-unicos.jpg?id=2254) !important;background-position: center !important;background-repeat: no-repeat !important;background-size: cover !important;}\u00bb][vc_column][\/vc_column][\/vc_row][vc_row full_width=\u00bbstretch_row_content_no_spaces\u00bb css=\u00bb.vc_custom_1598656223177{margin-top: -180px !important;background-position: center !important;background-repeat: no-repeat !important;background-size: cover !important;}\u00bb][vc_column width=\u00bb1\/6&#8243;][\/vc_column][vc_column width=\u00bb2\/3&#8243; css=\u00bb.vc_custom_1594118657905{padding-right: 30px !important;padding-left: 30px !important;background-color: #ffffff !important;}\u00bb][vc_custom_heading text=\u00bbMUEBLES \u00daNICOS\u00bb font_container=\u00bbtag:h2|text_align:center\u00bb use_theme_fonts=\u00bbyes\u00bb css_animation=\u00bbfadeInDown\u00bb css=\u00bb.vc_custom_1598555105900{padding-top: 20px !important;padding-bottom: 20px !important;}\u00bb][vc_column_text css=\u00bb.vc_custom_1598656939846{padding-top: 20px !important;padding-right: 40px !important;padding-bottom: 30px !important;padding-left: 40px !important;}\u00bb el_class=\u00bbtxt2-block\u00bb]<\/p>\n<p style=\"text-align: center;\">Si necesitas un mueble \u00fanico y diferente, personalizado y con tu sello,<br \/>\ns\u00f3lo tienes que avisarnos, nos pondremos en contacto contigo para<br \/>\nhacer un estudio, conocer tus requerimientos y poder ofrecerte ese<br \/>\nmueble que te interesa.<\/p>\n<p>[\/vc_column_text][\/vc_column][vc_column width=\u00bb1\/6&#8243;][\/vc_column][\/vc_row][vc_row full_width=\u00bbstretch_row_content_no_spaces\u00bb parallax=\u00bbcontent-moving\u00bb parallax_image=\u00bb2460&#8243; css=\u00bb.vc_custom_1594730233889{padding-top: 40px !important;padding-bottom: 40px !important;}\u00bb][vc_column][vc_custom_heading text=\u00bbPedir Presupuesto\u00bb font_container=\u00bbtag:h2|text_align:center\u00bb use_theme_fonts=\u00bbyes\u00bb css=\u00bb.vc_custom_1598555240495{padding-bottom: 20px !important;}\u00bb][vc_column_text]<\/p>\n<div class=\"styled-subtitle\" style=\"text-align: center; padding-left: 10px; padding-right: 10px;\">Si necesitas presupuesto,<br \/>\nrellena el peque\u00f1o formulario que te saldr\u00e1 al darle a solicitar,<br \/>\npara poder tener tus datos, ponernos en contacto contigo<br \/>\ny facilitarte el presupuesto lo antes posible.<\/div>\n<p>[\/vc_column_text]<style type=\"text\/css\">.thegem-button-69fb2c92131f17220 .gem-button svg {fill: #ffffff;}.thegem-button-69fb2c92131f17220 .gem-button:hover svg {fill: #000000;}<\/style><div class=\"gem-button-container gem-button-position-center thegem-button-69fb2c92131f17220    \"  ><a class=\"gem-button gem-button-size-medium gem-button-style-flat gem-button-text-weight-normal\" data-ll-effect=\"drop-right-without-wrap\" style=\"border-radius: 0px;background-color: #000000;color: #ffffff;\" onmouseleave=\"this.style.backgroundColor='#000000';this.style.color='#ffffff';\" onmouseenter=\"this.style.backgroundColor='#ffffff';this.style.color='#000000';\" href=\"\" target=\"_self\" role=\"button\">SOLICITAR<\/a><\/div> [\/vc_column][\/vc_row]<\/p>\n<\/div>","protected":false},"excerpt":{"rendered":"<p>[vc_row full_width=\u00bbstretch_row_content_no_spaces\u00bb css=\u00bb.vc_custom_1598540345275{padding-bottom: 350px !important;background-image: url(http:\/\/nortycod.com\/wp-content\/uploads\/2020\/06\/pag-muebles-portada.jpg?id=2095) !important;background-position: center !important;background-repeat: no-repeat !important;background-size: cover !important;}\u00bb][vc_column][vc_row_inner css=\u00bb.vc_custom_1598613109916{margin-top: -60px !important;padding-bottom: 60px !important;background-color: rgba(0,0,0,0.26) !important;*background-color:&#8230;<\/p>\n","protected":false},"author":1,"featured_media":0,"parent":0,"menu_order":0,"comment_status":"closed","ping_status":"closed","template":"","meta":{"footnotes":""},"class_list":["post-2085","page","type-page","status-publish"],"yoast_head":"<!-- This site is optimized with the Yoast SEO plugin v27.5 - https:\/\/yoast.com\/product\/yoast-seo-wordpress\/ -->\n<title>Nortycod - Dise\u00f1o de muebles a medida en Tenerife<\/title>\n<meta name=\"description\" content=\"Realizamos dise\u00f1o de muebles a medida, para cualquier estancia de tu hogar: como la cocina, sal\u00f3n \u2013 comedor, dormitorios o ba\u00f1os.\" \/>\n<meta name=\"robots\" content=\"index, follow, max-snippet:-1, max-image-preview:large, max-video-preview:-1\" \/>\n<link rel=\"canonical\" href=\"https:\/\/nortycod.com\/es\/muebles-a-medida-tenerife\/\" \/>\n<meta property=\"og:locale\" content=\"es_ES\" \/>\n<meta property=\"og:type\" content=\"article\" \/>\n<meta property=\"og:title\" content=\"Nortycod - Dise\u00f1o de muebles a medida en Tenerife\" \/>\n<meta property=\"og:description\" content=\"Realizamos dise\u00f1o de muebles a medida, para cualquier estancia de tu hogar: como la cocina, sal\u00f3n \u2013 comedor, dormitorios o ba\u00f1os.\" \/>\n<meta property=\"og:url\" content=\"https:\/\/nortycod.com\/es\/muebles-a-medida-tenerife\/\" \/>\n<meta property=\"og:site_name\" content=\"Nortycod - Dise&ntilde;o de muebles y reformas en Tenerife\" \/>\n<meta property=\"article:modified_time\" content=\"2020-10-06T23:01:23+00:00\" \/>\n<meta name=\"twitter:card\" content=\"summary_large_image\" \/>\n<meta name=\"twitter:label1\" content=\"Tiempo de lectura\" \/>\n\t<meta name=\"twitter:data1\" content=\"5 minutos\" \/>\n<script type=\"application\/ld+json\" class=\"yoast-schema-graph\">{\"@context\":\"https:\\\/\\\/schema.org\",\"@graph\":[{\"@type\":\"WebPage\",\"@id\":\"https:\\\/\\\/nortycod.com\\\/es\\\/muebles-a-medida-tenerife\\\/\",\"url\":\"https:\\\/\\\/nortycod.com\\\/es\\\/muebles-a-medida-tenerife\\\/\",\"name\":\"Nortycod - Dise\u00f1o de muebles a medida en Tenerife\",\"isPartOf\":{\"@id\":\"https:\\\/\\\/nortycod.com\\\/es\\\/#website\"},\"datePublished\":\"2020-06-04T09:35:12+00:00\",\"dateModified\":\"2020-10-06T23:01:23+00:00\",\"description\":\"Realizamos dise\u00f1o de muebles a medida, para cualquier estancia de tu hogar: como la cocina, sal\u00f3n \u2013 comedor, dormitorios o ba\u00f1os.\",\"breadcrumb\":{\"@id\":\"https:\\\/\\\/nortycod.com\\\/es\\\/muebles-a-medida-tenerife\\\/#breadcrumb\"},\"inLanguage\":\"es\",\"potentialAction\":[{\"@type\":\"ReadAction\",\"target\":[\"https:\\\/\\\/nortycod.com\\\/es\\\/muebles-a-medida-tenerife\\\/\"]}]},{\"@type\":\"BreadcrumbList\",\"@id\":\"https:\\\/\\\/nortycod.com\\\/es\\\/muebles-a-medida-tenerife\\\/#breadcrumb\",\"itemListElement\":[{\"@type\":\"ListItem\",\"position\":1,\"name\":\"Portada\",\"item\":\"https:\\\/\\\/nortycod.com\\\/es\\\/\"},{\"@type\":\"ListItem\",\"position\":2,\"name\":\"Muebles de dise\u00f1o\"}]},{\"@type\":\"WebSite\",\"@id\":\"https:\\\/\\\/nortycod.com\\\/es\\\/#website\",\"url\":\"https:\\\/\\\/nortycod.com\\\/es\\\/\",\"name\":\"Nortycod - Dise&ntilde;o de muebles y reformas en Tenerife\",\"description\":\"Empresa especializada en reformas de hogares, ba&ntilde;os, cocinas en Tenerife\",\"potentialAction\":[{\"@type\":\"SearchAction\",\"target\":{\"@type\":\"EntryPoint\",\"urlTemplate\":\"https:\\\/\\\/nortycod.com\\\/es\\\/?s={search_term_string}\"},\"query-input\":{\"@type\":\"PropertyValueSpecification\",\"valueRequired\":true,\"valueName\":\"search_term_string\"}}],\"inLanguage\":\"es\"}]}<\/script>\n<!-- \/ Yoast SEO plugin. -->","yoast_head_json":{"title":"Nortycod - Dise\u00f1o de muebles a medida en Tenerife","description":"Realizamos dise\u00f1o de muebles a medida, para cualquier estancia de tu hogar: como la cocina, sal\u00f3n \u2013 comedor, dormitorios o ba\u00f1os.","robots":{"index":"index","follow":"follow","max-snippet":"max-snippet:-1","max-image-preview":"max-image-preview:large","max-video-preview":"max-video-preview:-1"},"canonical":"https:\/\/nortycod.com\/es\/muebles-a-medida-tenerife\/","og_locale":"es_ES","og_type":"article","og_title":"Nortycod - Dise\u00f1o de muebles a medida en Tenerife","og_description":"Realizamos dise\u00f1o de muebles a medida, para cualquier estancia de tu hogar: como la cocina, sal\u00f3n \u2013 comedor, dormitorios o ba\u00f1os.","og_url":"https:\/\/nortycod.com\/es\/muebles-a-medida-tenerife\/","og_site_name":"Nortycod - Dise&ntilde;o de muebles y reformas en Tenerife","article_modified_time":"2020-10-06T23:01:23+00:00","twitter_card":"summary_large_image","twitter_misc":{"Tiempo de lectura":"5 minutos"},"schema":{"@context":"https:\/\/schema.org","@graph":[{"@type":"WebPage","@id":"https:\/\/nortycod.com\/es\/muebles-a-medida-tenerife\/","url":"https:\/\/nortycod.com\/es\/muebles-a-medida-tenerife\/","name":"Nortycod - Dise\u00f1o de muebles a medida en Tenerife","isPartOf":{"@id":"https:\/\/nortycod.com\/es\/#website"},"datePublished":"2020-06-04T09:35:12+00:00","dateModified":"2020-10-06T23:01:23+00:00","description":"Realizamos dise\u00f1o de muebles a medida, para cualquier estancia de tu hogar: como la cocina, sal\u00f3n \u2013 comedor, dormitorios o ba\u00f1os.","breadcrumb":{"@id":"https:\/\/nortycod.com\/es\/muebles-a-medida-tenerife\/#breadcrumb"},"inLanguage":"es","potentialAction":[{"@type":"ReadAction","target":["https:\/\/nortycod.com\/es\/muebles-a-medida-tenerife\/"]}]},{"@type":"BreadcrumbList","@id":"https:\/\/nortycod.com\/es\/muebles-a-medida-tenerife\/#breadcrumb","itemListElement":[{"@type":"ListItem","position":1,"name":"Portada","item":"https:\/\/nortycod.com\/es\/"},{"@type":"ListItem","position":2,"name":"Muebles de dise\u00f1o"}]},{"@type":"WebSite","@id":"https:\/\/nortycod.com\/es\/#website","url":"https:\/\/nortycod.com\/es\/","name":"Nortycod - Dise&ntilde;o de muebles y reformas en Tenerife","description":"Empresa especializada en reformas de hogares, ba&ntilde;os, cocinas en Tenerife","potentialAction":[{"@type":"SearchAction","target":{"@type":"EntryPoint","urlTemplate":"https:\/\/nortycod.com\/es\/?s={search_term_string}"},"query-input":{"@type":"PropertyValueSpecification","valueRequired":true,"valueName":"search_term_string"}}],"inLanguage":"es"}]}},"_links":{"self":[{"href":"https:\/\/nortycod.com\/es\/wp-json\/wp\/v2\/pages\/2085","targetHints":{"allow":["GET"]}}],"collection":[{"href":"https:\/\/nortycod.com\/es\/wp-json\/wp\/v2\/pages"}],"about":[{"href":"https:\/\/nortycod.com\/es\/wp-json\/wp\/v2\/types\/page"}],"author":[{"embeddable":true,"href":"https:\/\/nortycod.com\/es\/wp-json\/wp\/v2\/users\/1"}],"replies":[{"embeddable":true,"href":"https:\/\/nortycod.com\/es\/wp-json\/wp\/v2\/comments?post=2085"}],"version-history":[{"count":189,"href":"https:\/\/nortycod.com\/es\/wp-json\/wp\/v2\/pages\/2085\/revisions"}],"predecessor-version":[{"id":4111,"href":"https:\/\/nortycod.com\/es\/wp-json\/wp\/v2\/pages\/2085\/revisions\/4111"}],"wp:attachment":[{"href":"https:\/\/nortycod.com\/es\/wp-json\/wp\/v2\/media?parent=2085"}],"curies":[{"name":"wp","href":"https:\/\/api.w.org\/{rel}","templated":true}]}}