{"id":3506,"date":"2020-05-17T23:43:25","date_gmt":"2020-05-17T22:43:25","guid":{"rendered":"http:\/\/nortycod.com\/politica-de-cookies\/"},"modified":"2020-10-15T10:01:58","modified_gmt":"2020-10-15T09:01:58","slug":"politica-de-cookies","status":"publish","type":"page","link":"https:\/\/nortycod.com\/en\/politica-de-cookies\/","title":{"rendered":"Pol\u00edtica de Cookies"},"content":{"rendered":"<div class=\"wpb-content-wrapper\"><p>[vc_row css=&#8221;.vc_custom_1597919507650{margin-top: 80px !important;}&#8221;][vc_column][vc_column_text]<strong>POL\u00cdTICA DE COOKIES<\/strong><\/p>\n<h6><span class=\"s2\"><b>1. \u00bfQu\u00e9 son las Cookies?<\/b><\/span><\/h6>\n<p class=\"p3\"><span class=\"s2\">Una cookie es un archivo de texto que un servidor web puede guardar en el disco duro de tu equipo para almacenar alg\u00fan tipo de informaci\u00f3n sobre ti como usuario. Las cookies se utilizan con diversas finalidades tales como almacenar datos para pr\u00f3ximas visitas, para reconocer al usuario y evitar pedir de nuevo la autentificaci\u00f3n, para saber que paginas visitas, o para guardar tus preferencias en \u00e1reas personalizables&#8230;). Normalmente los sitios web utilizan las cookies para obtener informaci\u00f3n estad\u00edstica sobre sus p\u00e1ginas web, y analizar el comportamiento de sus clientes\/usuarios.<\/span><\/p>\n<h6><span class=\"s2\"><b>2. Tipos de cookies<\/b><\/span><\/h6>\n<p class=\"p5\"><span class=\"s2\">Las cookies pueden clasificarse seg\u00fan los siguientes criterios:<\/span><\/p>\n<p class=\"p5\"><span class=\"s2\">Seg\u00fan <b>quien instala<\/b> la cookie \u00e9stas pueden ser: <\/span><\/p>\n<p class=\"p5\"><span class=\"s2\"><b>Cookies propias:<\/b> Son aqu\u00e9llas que se env\u00edan al equipo terminal del usuario desde un equipo o dominio gestionado por el propio editor y desde el que se presta el servicio solicitado por el usuario.<\/span><\/p>\n<p class=\"p5\"><span class=\"s2\"><b>Cookies de terceros:<\/b> Son aqu\u00e9llas que se env\u00edan al equipo terminal del usuario bien desde un desde un equipo o dominio gestionado por nosotros o por un tercero, pero la informaci\u00f3n que se recoja las cookies es gestionada por un tercero distinto del titular de la web.<\/span><\/p>\n<p class=\"p5\"><span class=\"s2\">Seg\u00fan su <b>plazo<\/b> de conservaci\u00f3n las cookies pueden ser:<\/span><\/p>\n<p class=\"p5\"><span class=\"s2\"><b>Cookies de sesi\u00f3n<\/b>: Son aquellas que duran el tiempo que el usuario est\u00e1 navegando por la p\u00e1gina Web y se borran cuando finaliza la navegaci\u00f3n.<\/span><\/p>\n<p class=\"p5\"><span class=\"s2\"><b>Cookies persistentes:<\/b> Quedan almacenadas en el terminal del usuario, por un tiempo m\u00e1s largo, facilitando as\u00ed el control de las preferencias elegidas sin tener que repetir ciertos par\u00e1metros cada vez que se visite el sitio Web.<\/span><\/p>\n<p class=\"p5\"><span class=\"s2\">Seg\u00fan su <b>finalidad<\/b> las cookies pueden ser:<\/span><\/p>\n<p class=\"p5\"><span class=\"s2\"><b>Cookies t\u00e9cnicas:<\/b> Las cookies t\u00e9cnicas son aquellas imprescindibles y estrictamente necesarias para el correcto funcionamiento de un sitio Web y el uso de las diversas opciones y servicios que ofrece. Por ejemplo, las de mantenimiento de sesi\u00f3n, las que permiten utilizar elementos de seguridad, compartir contenido con redes sociales, etc.<\/span><\/p>\n<p class=\"p5\"><span class=\"s2\"><b>Cookies de personalizaci\u00f3n:<\/b> Permiten al usuario escoger o personalizar caracter\u00edsticas de la p\u00e1gina Web como el idioma, configuraci\u00f3n regional o tipo de navegador.<\/span><\/p>\n<p class=\"p5\"><span class=\"s2\"><b>Cookies anal\u00edticas:<\/b> Son las utilizadas por los portales Web, para elaborar perfiles de navegaci\u00f3n y poder conocer las preferencias de los usuarios con el fin de mejorar la oferta de productos y servicios. Permiten controlar \u00e1reas geogr\u00e1ficas de mayor inter\u00e9s de un usuario, la informaci\u00f3n de la web de m\u00e1s aceptaci\u00f3n, etc.<\/span><\/p>\n<p class=\"p5\"><span class=\"s2\"><b>Cookies publicitarias \/ de publicidad:<\/b> Permiten la gesti\u00f3n de los espacios publicitarios en base a criterios concretos. Por ejemplo, la frecuencia de acceso, el contenido editado, etc. Las cookies de publicidad permiten a trav\u00e9s de la gesti\u00f3n de la publicidad almacenar informaci\u00f3n del comportamiento a trav\u00e9s de la observaci\u00f3n de h\u00e1bitos, estudiando los accesos y formando un perfil de preferencias del usuario, para ofrecerle publicidad relacionada con los intereses de su perfil.<\/span><\/p>\n<h6><span class=\"s2\"><b>3. Cookies utilizadas en nuestra web<\/b><\/span><\/h6>\n<p class=\"p5\"><span class=\"s2\">www.nortycod.com utiliza los siguientes tipos de cookies en la web: <\/span><\/p>\n<p class=\"p5\"><span class=\"s2\"><b>Cookies t\u00e9cnicas<\/b><\/span><\/p>\n<p class=\"p5\"><span class=\"s2\">Permiten al usuario navegar por la Web y usar funcionalidades como el carrito de la compra.<\/span><\/p>\n<p class=\"p5\"><span class=\"s2\"><b>Cookies de personalizaci\u00f3n<\/b><\/span><\/p>\n<p class=\"p5\"><span class=\"s2\">Permiten saber las preferencias del usuario: idioma, productos visitados.. <\/span><\/p>\n<p class=\"p5\"><span class=\"s2\"><b>Cookies de an\u00e1lisis<\/b><\/span><\/p>\n<p class=\"p5\"><span class=\"s2\">Utilizamos cookies de Google Analytics y Smartlook para cuantificar el n\u00famero de usuarios que visitan la Web. Estas cookies permiten medir y analizar la forma en que los usuarios navegan por la Web. Esta informaci\u00f3n permite a ESVIRCO S.L. mejorar continuamente sus servicios y la experiencia de los usuarios de la Web. Para obtener m\u00e1s informaci\u00f3n, puedes consultar la p\u00e1gina de privacidad de Google Analytics: <a href=\"https:\/\/developers.google.com\/analytics\/devguides\/collection\/analyticsjs\/cookie-usage\">https:\/\/developers.google.com\/analytics\/devguides\/collection\/analyticsjs\/cookie-usage<\/a>.<\/span><\/p>\n<p class=\"p5\"><span class=\"s2\"><b>Cookies publicitarias y publicitarias comportamentales<\/b><\/span><\/p>\n<p class=\"p5\"><span class=\"s2\">Estas cookies son utilizadas para mostrar anuncios relevantes para los usuarios en funci\u00f3n del uso que realicen de nuestra web. Adem\u00e1s, limitan el n\u00famero de veces que cada usuario visualiza un anuncio y ayudan a ESVIRCO S.L. a medir la efectividad de sus campa\u00f1as publicitarias. Al navegar por la Web, el usuario acepta instalemos este tipo de cookies en su dispositivo y realicemos consultas cuando el usuario visite la Web de ESVIRCO S.L. en el futuro.\u00a0<\/span><\/p>\n<p class=\"p5\"><span class=\"s2\"><b>Cookies instaladas en nuestro dominio web:<\/b><\/span><\/p>\n<p>&nbsp;<\/p>\n<table>\n<tbody>\n<tr>\n<td>Nombre de la cookie<\/td>\n<td>Finalidad<\/td>\n<td>Propia\/ de terceros<\/td>\n<td>Duraci\u00f3n<\/td>\n<td>\u00bfCuando se instala?<\/td>\n<\/tr>\n<tr>\n<td>29145394a95b29edbc2a985425261785<br \/>\n(Cookie de sesi\u00f3n)<\/td>\n<td>T\u00e9cnica<\/td>\n<td>Propia<\/td>\n<td>De Sesi\u00f3n<\/td>\n<td>Cuando se accede al sitio web<\/td>\n<\/tr>\n<tr>\n<td>Accept_cookies<\/td>\n<td>Aceptaci\u00f3n pol\u00edtica de cookies<\/td>\n<td>Propia<\/td>\n<td>De Sesi\u00f3n<\/td>\n<td>Cuando se acepta la pol\u00edtica de cookies.<\/td>\n<\/tr>\n<\/tbody>\n<\/table>\n<p class=\"p1\"><span class=\"s1\"><br \/>\nEsta web, como la mayor\u00eda de sitios web, incluye funcionalidades proporcionadas por terceros.<\/span><\/p>\n<p class=\"p1\"><span class=\"s1\">Nuestra web es una web viva y se pueden incluir nuevos dise\u00f1os o servicios de terceros. Esto puede modificar ocasionalmente la configuraci\u00f3n de cookies y que aparezcan cookies no detalladas de forma pormenorizada en la presente pol\u00edtica.<\/span><\/p>\n<h6><span class=\"s1\"><b>4.Informaci\u00f3n y obtenci\u00f3n del consentimiento para la instalaci\u00f3n<\/b><\/span><\/h6>\n<p class=\"p4\"><span class=\"s1\">www.nortycod.com procurar\u00e1 en todo momento establecer mecanismos adecuados para obtener el <\/span><span class=\"s3\">consentimiento<\/span><span class=\"s1\"> del <\/span><span class=\"s3\">Usuario<\/span><span class=\"s1\"> para la instalaci\u00f3n de cookies que lo requieran. Cuando un usuario accede a nuestra web aparece un pop-up en el que se informa de la existencia de cookies y de que si contin\u00faa navegando por nuestra p\u00e1gina presta su consentimiento para la instalaci\u00f3n de cookies. <\/span><\/p>\n<h6><span class=\"s1\"><b>5. \u00bfC\u00f3mo puedo impedir la instalaci\u00f3n de cookies?<\/b><\/span><\/h6>\n<p class=\"p6\"><span class=\"s1\">El usuario puede configurar su navegador para aceptar, o no, las cookies que recibe o para que el navegador le avise cuando un servidor quiera guardar una cookie. Si se deshabilitan algunas cookies t\u00e9cnicas no se garantiza el correcto funcionamiento de algunas de las utilidades de la web. <\/span><\/p>\n<p class=\"p6\"><span class=\"s1\">El usuario podr\u00e1 excluir que se almacenen en su terminal las cookies &#8220;<i>anal\u00edticas y publicitarias\u201d<\/i> de Google Analytics mediante los <a href=\"https:\/\/tools.google.com\/dlpage\/gaoptout\"><span class=\"s4\">sistemas de exclusi\u00f3n facilitados por\u00a0Google Analytics.<\/span><\/a><\/span><\/p>\n<p class=\"p6\"><span class=\"s1\">A continuaci\u00f3n, tambi\u00e9n le facilitamos algunos ejemplos de c\u00f3mo deshabilitar las cookies:<\/span><\/p>\n<ol class=\"ol2\">\n<li class=\"li3\"><span class=\"s1\">Mediante la configuraci\u00f3n del propio navegador:<\/span><\/li>\n<\/ol>\n<ul>\n<li class=\"li7\"><span class=\"s6\">Internet Explorer: <a href=\"http:\/\/windows.microsoft.com\/es-es\/windows-vista\/block-or-allow-cookies\"><span class=\"s7\">http:\/\/windows.microsoft.com\/es-es\/windows-vista\/block-or-allow-cookies<\/span><\/a><\/span><\/li>\n<li class=\"li7\"><span class=\"s6\">Firefox: <a href=\"https:\/\/support.mozilla.org\/es\/kb\/habilitar-y-deshabilitar-cookies-que-los-sitios-web\"><span class=\"s7\">https:\/\/support.mozilla.org\/es\/kb\/habilitar-y-deshabilitar-cookies-que-los-sitios-web<\/span><\/a><\/span><\/li>\n<li class=\"li7\"><span class=\"s6\">Safari: <\/span><span class=\"s8\">\u00a0<a href=\"http:\/\/support.apple.com\/kb\/HT1677?viewlocale=es_ES\"><span class=\"s9\">http:\/\/support.apple.com\/kb\/HT1677?viewlocale=es_ES<\/span><\/a><\/span><span class=\"s6\">. <\/span><\/li>\n<li class=\"li8\"><span class=\"s6\">Chrome: <a href=\"https:\/\/support.google.com\/accounts\/answer\/61416?hl=es\"><span class=\"s10\">https:\/\/support.google.com\/accounts\/answer\/61416?hl=es<\/span><\/a>.<\/span><\/li>\n<li class=\"li8\"><span class=\"s6\">Opera: <a href=\"http:\/\/help.opera.com\/Windows\/11.50\/es-ES\/cookies.html\"><span class=\"s10\">http:\/\/help.opera.com\/Windows\/11.50\/es-ES\/cookies.html<\/span><\/a><\/span><\/li>\n<\/ul>\n<p class=\"p6\"><span class=\"s1\">Para ampliar esta informaci\u00f3n acuda a la p\u00e1gina de la Agencia Espa\u00f1ola de Protecci\u00f3n de Datos que ayuda a configurar la privacidad en redes sociales, navegadores y sistemas operativos m\u00f3viles. <a href=\"http:\/\/www.agpd.es\/portalwebAGPD\/CanalDelCiudadano\/protegetuprivacidad\/index-ides-idphp.php\"><span class=\"s4\">M\u00e1s informaci\u00f3n.<\/span><\/a> <\/span><\/p>\n<ol class=\"ol2\">\n<li class=\"li3\"><span class=\"s1\">Mediante herramientas de terceros:<\/span><\/li>\n<\/ol>\n<p class=\"p6\"><span class=\"s1\">Existen herramientas de terceros, disponibles on line, que permiten a los usuarios detectar las cookies en cada sitio web que visita y gestionar su desactivaci\u00f3n, por ejemplo:<\/span><\/p>\n<p class=\"p11\"><span class=\"s11\"><a href=\"http:\/\/www.ghostery.com\">http:\/\/www.ghostery.com<\/a><\/span><\/p>\n<p class=\"p11\"><span class=\"s11\"><a href=\"http:\/\/www.youronlinechoices.com\/es\/\">http:\/\/www.youronlinechoices.com\/es\/<\/a><\/span><\/p>\n<h6><span class=\"s1\"><b>6. Enlaces a otros sitios web<\/b><\/span><\/h6>\n<p class=\"p12\"><span class=\"s1\">Si opta por abandonar nuestro sitio Web a trav\u00e9s de enlaces a otros sitios Web no pertenecientes a nuestra entidad, no nos haremos responsables de las pol\u00edticas de privacidad de dichos sitios Web ni de las cookies que estos puedan almacenar en el ordenador del usuario.<\/span><\/p>\n<h6><span class=\"s1\"><b>7. \u00bfC\u00f3mo recopilamos y usamos las direcciones IP?<\/b><\/span><\/h6>\n<p class=\"p6\"><span class=\"s1\">Los servidores de la Web podr\u00e1n detectar de manera autom\u00e1tica la direcci\u00f3n IP y el nombre de dominio utilizados por los usuarios.<\/span><\/p>\n<p class=\"p6\"><span class=\"s1\">Una direcci\u00f3n IP es un n\u00famero asignado autom\u00e1ticamente a un ordenador cuando \u00e9ste se conecta a Internet. Esta informaci\u00f3n permite el posterior procesamiento de los datos con el fin de saber si ha prestado su consentimiento para la instalaci\u00f3n de cookies, realizar mediciones \u00fanicamente estad\u00edsticas que permitan conocer el n\u00famero de visitas realizadas a la Web, el orden de visitas, el punto de acceso, etc.<\/span><\/p>\n<h6><span class=\"s1\"><b>8. Actualizaci\u00f3n de nuestra pol\u00edtica de cookies<\/b><\/span><\/h6>\n<p class=\"p12\"><span class=\"s1\">Esta pol\u00edtica se revisa peri\u00f3dicamente para asegurar su vigencia, por lo que puede ser modificada. Le recomendamos que visite la p\u00e1gina con regularidad donde le informaremos de cualquier actualizaci\u00f3n al respecto.<\/span><\/p>\n<p class=\"p6\"><span class=\"s1\"><b>Fecha: 24\/05\/18<\/b><\/span><\/p>\n<p class=\"p6\"><span class=\"s1\"><b>Versi\u00f3n: V.1.0<\/b><\/span><\/p>\n<p>[\/vc_column_text][\/vc_column][\/vc_row]<\/p>\n<\/div>","protected":false},"excerpt":{"rendered":"<p>[vc_row css=&#8221;.vc_custom_1597919507650{margin-top: 80px !important;}&#8221;][vc_column][vc_column_text]POL\u00cdTICA DE COOKIES 1. \u00bfQu\u00e9 son las Cookies? Una cookie es un archivo de texto que un&#8230;<\/p>\n","protected":false},"author":1,"featured_media":0,"parent":0,"menu_order":0,"comment_status":"closed","ping_status":"closed","template":"","meta":{"footnotes":""},"class_list":["post-3506","page","type-page","status-publish"],"yoast_head":"<!-- This site is optimized with the Yoast SEO plugin v27.6 - https:\/\/yoast.com\/product\/yoast-seo-wordpress\/ -->\n<title>Pol\u00edtica de Cookies - Nortycod - Dise&ntilde;o de muebles y reformas en Tenerife<\/title>\n<meta name=\"robots\" content=\"index, follow, max-snippet:-1, max-image-preview:large, max-video-preview:-1\" \/>\n<link rel=\"canonical\" href=\"https:\/\/nortycod.com\/en\/politica-de-cookies\/\" \/>\n<meta property=\"og:locale\" content=\"en_US\" \/>\n<meta property=\"og:type\" content=\"article\" \/>\n<meta property=\"og:title\" content=\"Pol\u00edtica de Cookies - Nortycod - Dise&ntilde;o de muebles y reformas en Tenerife\" \/>\n<meta property=\"og:description\" content=\"[vc_row css=&#8221;.vc_custom_1597919507650{margin-top: 80px !important;}&#8221;][vc_column][vc_column_text]POL\u00cdTICA DE COOKIES 1. \u00bfQu\u00e9 son las Cookies? Una cookie es un archivo de texto que un...\" \/>\n<meta property=\"og:url\" content=\"https:\/\/nortycod.com\/en\/politica-de-cookies\/\" \/>\n<meta property=\"og:site_name\" content=\"Nortycod - Dise&ntilde;o de muebles y reformas en Tenerife\" \/>\n<meta property=\"article:modified_time\" content=\"2020-10-15T09:01:58+00:00\" \/>\n<meta name=\"twitter:card\" content=\"summary_large_image\" \/>\n<meta name=\"twitter:label1\" content=\"Est. reading time\" \/>\n\t<meta name=\"twitter:data1\" content=\"7 minutes\" \/>\n<script type=\"application\/ld+json\" class=\"yoast-schema-graph\">{\"@context\":\"https:\\\/\\\/schema.org\",\"@graph\":[{\"@type\":\"WebPage\",\"@id\":\"https:\\\/\\\/nortycod.com\\\/en\\\/politica-de-cookies\\\/\",\"url\":\"https:\\\/\\\/nortycod.com\\\/en\\\/politica-de-cookies\\\/\",\"name\":\"Pol\u00edtica de Cookies - Nortycod - Dise&ntilde;o de muebles y reformas en Tenerife\",\"isPartOf\":{\"@id\":\"https:\\\/\\\/nortycod.com\\\/en\\\/#website\"},\"datePublished\":\"2020-05-17T22:43:25+00:00\",\"dateModified\":\"2020-10-15T09:01:58+00:00\",\"breadcrumb\":{\"@id\":\"https:\\\/\\\/nortycod.com\\\/en\\\/politica-de-cookies\\\/#breadcrumb\"},\"inLanguage\":\"en-US\",\"potentialAction\":[{\"@type\":\"ReadAction\",\"target\":[\"https:\\\/\\\/nortycod.com\\\/en\\\/politica-de-cookies\\\/\"]}]},{\"@type\":\"BreadcrumbList\",\"@id\":\"https:\\\/\\\/nortycod.com\\\/en\\\/politica-de-cookies\\\/#breadcrumb\",\"itemListElement\":[{\"@type\":\"ListItem\",\"position\":1,\"name\":\"Portada\",\"item\":\"https:\\\/\\\/nortycod.com\\\/en\\\/inicio\\\/\"},{\"@type\":\"ListItem\",\"position\":2,\"name\":\"Pol\u00edtica de Cookies\"}]},{\"@type\":\"WebSite\",\"@id\":\"https:\\\/\\\/nortycod.com\\\/en\\\/#website\",\"url\":\"https:\\\/\\\/nortycod.com\\\/en\\\/\",\"name\":\"Nortycod - Dise&ntilde;o de muebles y reformas en Tenerife\",\"description\":\"Empresa especializada en reformas de hogares, ba&ntilde;os, cocinas en Tenerife\",\"potentialAction\":[{\"@type\":\"SearchAction\",\"target\":{\"@type\":\"EntryPoint\",\"urlTemplate\":\"https:\\\/\\\/nortycod.com\\\/en\\\/?s={search_term_string}\"},\"query-input\":{\"@type\":\"PropertyValueSpecification\",\"valueRequired\":true,\"valueName\":\"search_term_string\"}}],\"inLanguage\":\"en-US\"}]}<\/script>\n<!-- \/ Yoast SEO plugin. -->","yoast_head_json":{"title":"Pol\u00edtica de Cookies - Nortycod - Dise&ntilde;o de muebles y reformas en Tenerife","robots":{"index":"index","follow":"follow","max-snippet":"max-snippet:-1","max-image-preview":"max-image-preview:large","max-video-preview":"max-video-preview:-1"},"canonical":"https:\/\/nortycod.com\/en\/politica-de-cookies\/","og_locale":"en_US","og_type":"article","og_title":"Pol\u00edtica de Cookies - Nortycod - Dise&ntilde;o de muebles y reformas en Tenerife","og_description":"[vc_row css=&#8221;.vc_custom_1597919507650{margin-top: 80px !important;}&#8221;][vc_column][vc_column_text]POL\u00cdTICA DE COOKIES 1. \u00bfQu\u00e9 son las Cookies? Una cookie es un archivo de texto que un...","og_url":"https:\/\/nortycod.com\/en\/politica-de-cookies\/","og_site_name":"Nortycod - Dise&ntilde;o de muebles y reformas en Tenerife","article_modified_time":"2020-10-15T09:01:58+00:00","twitter_card":"summary_large_image","twitter_misc":{"Est. reading time":"7 minutes"},"schema":{"@context":"https:\/\/schema.org","@graph":[{"@type":"WebPage","@id":"https:\/\/nortycod.com\/en\/politica-de-cookies\/","url":"https:\/\/nortycod.com\/en\/politica-de-cookies\/","name":"Pol\u00edtica de Cookies - Nortycod - Dise&ntilde;o de muebles y reformas en Tenerife","isPartOf":{"@id":"https:\/\/nortycod.com\/en\/#website"},"datePublished":"2020-05-17T22:43:25+00:00","dateModified":"2020-10-15T09:01:58+00:00","breadcrumb":{"@id":"https:\/\/nortycod.com\/en\/politica-de-cookies\/#breadcrumb"},"inLanguage":"en-US","potentialAction":[{"@type":"ReadAction","target":["https:\/\/nortycod.com\/en\/politica-de-cookies\/"]}]},{"@type":"BreadcrumbList","@id":"https:\/\/nortycod.com\/en\/politica-de-cookies\/#breadcrumb","itemListElement":[{"@type":"ListItem","position":1,"name":"Portada","item":"https:\/\/nortycod.com\/en\/inicio\/"},{"@type":"ListItem","position":2,"name":"Pol\u00edtica de Cookies"}]},{"@type":"WebSite","@id":"https:\/\/nortycod.com\/en\/#website","url":"https:\/\/nortycod.com\/en\/","name":"Nortycod - Dise&ntilde;o de muebles y reformas en Tenerife","description":"Empresa especializada en reformas de hogares, ba&ntilde;os, cocinas en Tenerife","potentialAction":[{"@type":"SearchAction","target":{"@type":"EntryPoint","urlTemplate":"https:\/\/nortycod.com\/en\/?s={search_term_string}"},"query-input":{"@type":"PropertyValueSpecification","valueRequired":true,"valueName":"search_term_string"}}],"inLanguage":"en-US"}]}},"_links":{"self":[{"href":"https:\/\/nortycod.com\/en\/wp-json\/wp\/v2\/pages\/3506","targetHints":{"allow":["GET"]}}],"collection":[{"href":"https:\/\/nortycod.com\/en\/wp-json\/wp\/v2\/pages"}],"about":[{"href":"https:\/\/nortycod.com\/en\/wp-json\/wp\/v2\/types\/page"}],"author":[{"embeddable":true,"href":"https:\/\/nortycod.com\/en\/wp-json\/wp\/v2\/users\/1"}],"replies":[{"embeddable":true,"href":"https:\/\/nortycod.com\/en\/wp-json\/wp\/v2\/comments?post=3506"}],"version-history":[{"count":2,"href":"https:\/\/nortycod.com\/en\/wp-json\/wp\/v2\/pages\/3506\/revisions"}],"predecessor-version":[{"id":4125,"href":"https:\/\/nortycod.com\/en\/wp-json\/wp\/v2\/pages\/3506\/revisions\/4125"}],"wp:attachment":[{"href":"https:\/\/nortycod.com\/en\/wp-json\/wp\/v2\/media?parent=3506"}],"curies":[{"name":"wp","href":"https:\/\/api.w.org\/{rel}","templated":true}]}}