{"id":3494,"date":"2020-05-17T23:42:43","date_gmt":"2020-05-17T22:42:43","guid":{"rendered":"http:\/\/nortycod.com\/aviso-legal\/"},"modified":"2020-10-15T10:07:34","modified_gmt":"2020-10-15T09:07:34","slug":"aviso-legal","status":"publish","type":"page","link":"https:\/\/nortycod.com\/en\/aviso-legal\/","title":{"rendered":"Aviso Legal"},"content":{"rendered":"<div class=\"wpb-content-wrapper\"><p>[vc_row css=&#8221;.vc_custom_1597917677991{margin-top: 80px !important;}&#8221;][vc_column][vc_column_text]<\/p>\n<h4><strong>CONDICIONES GENERALES DE ACCESO Y USO DEL SITIO WEB NORTYCOD.COM<\/strong><\/h4>\n<h6 class=\"p1\"><strong><span class=\"s1\">1. Objeto y aceptaci\u00f3n<\/span><\/strong><\/h6>\n<p class=\"p1\"><span class=\"s1\">El presente aviso legal regula el uso del sitio Web: www.nortycod.com<\/span><\/p>\n<p class=\"p1\"><span class=\"s1\">El sitio web www.nortycod.com presta servicios cuyo objetivo primordial es permitir el contacto entre los usuarios y la empresa, bien para ponerse en contacto con nosotros o para pedir presupuestos.<\/span><\/p>\n<p class=\"p1\"><span class=\"s1\">La navegaci\u00f3n por la p\u00e1gina www.nortycod.com atribuye la condici\u00f3n de usuario de la misma e implica la aceptaci\u00f3n plena y sin reservas de todas y cada una de las disposiciones incluidas en este Aviso Legal, que pueden sufrir modificaciones.<\/span><\/p>\n<p class=\"p1\"><span class=\"s1\">El usuario se obliga a hacer un uso correcto del sitio Web de conformidad con las leyes, la buena fe, el orden p\u00fablico, los usos del tr\u00e1fico y el presente Aviso Legal. El Usuario responder\u00e1 frente a\u00a0ESVIRCO S.L.\u00a0y frente a terceros, de los da\u00f1os y perjuicios que pudieran causarse como consecuencia del incumplimiento de dicha obligaci\u00f3n.<\/span><\/p>\n<h6 class=\"p1\"><span class=\"s1\"><b>2. Titularidad de la web e identificaci\u00f3n del Prestador de Servicios de la Sociedad de la Informaci\u00f3n<\/b><\/span><\/h6>\n<p class=\"p1\"><span class=\"s1\">Con la finalidad de dar cumplimiento al principio de Informaci\u00f3n general exigido por el Art\u00edculo 10 de la Ley 34\/2002, de 11 de julio, de servicios de la sociedad de la informaci\u00f3n y de comercio electr\u00f3nico\u00a0 informamos a nuestros usuarios que el presente sitio web pertenece a\u00a0 ESVIRCO S.L. con cif B38696472, inscrita en el Registro Mercantil de\u00a0 Santa Cruz de Tenerife, hoja TF-29.909, inscripci\u00f3n 1\u00aa, folio 197, Tomo 2.372 de la Secci\u00f3n General.<\/span><\/p>\n<p><strong>Direcci\u00f3n:\u00a0 Calle Llanito Perera, 46 &#8211; a Bajo, 38430 &#8211; Icod<br \/>\nCorreo electr\u00f3nico: info@nortycod.com<br \/>\nTel\u00e9fono: 922 814696<br \/>\nWeb alojada por: Punto-D, Soluciones Web<\/strong><\/p>\n<h6 class=\"p1\"><span class=\"s1\">\u00a0<b>3. Condiciones generales de acceso y utilizaci\u00f3n<\/b><\/span><\/h6>\n<p class=\"p1\"><span class=\"s1\">El sitio Web y sus servicios son de acceso libre y gratuito, si bien la utilizaci\u00f3n de determinadas \u00e1reas o servicios est\u00e1 condicionada a cumplimentar formularios de recogida de datos. S\u00f3lo los mayores de 18 a\u00f1os podr\u00e1n facilitar datos a trav\u00e9s de nuestra web, y los menores de 16 a\u00f1os no pueden facilitarlos sin el consentimiento de los padres o tutores.<\/span><\/p>\n<p class=\"p1\"><span class=\"s1\">El Usuario garantiza la autenticidad y actualidad de todos aquellos datos que comunique a\u00a0ESVIRCO S.L.\u00a0y ser\u00e1 el \u00fanico responsable de las manifestaciones falsas o inexactas que realice.<\/span><\/p>\n<p class=\"p1\"><span class=\"s1\">www.nortycod.com\u00a0tiene los siguientes tipos de usuarios:<\/span><\/p>\n<p class=\"p1\"><span class=\"s1\">Usuarios que aportan datos en cualquiera de los correos disponibles en la web y con la informaci\u00f3n que remita el usuario.<\/span><\/p>\n<p class=\"p1\"><span class=\"s1\"><b>3.1. Reglas y prohibiciones de uso para usuarios de nuestros servicios<\/b><\/span><\/p>\n<p class=\"p1\"><span class=\"s1\">El Usuario se compromete expresamente a hacer un uso adecuado de los contenidos y servicios ofrecidos y a no emplearlos para:<\/span><\/p>\n<ul>\n<li class=\"li2\"><span class=\"s1\">Difundir contenidos delictivos, violentos, pornogr\u00e1ficos, racistas, xen\u00f3fobo, ofensivos, de apolog\u00eda del terrorismo o, en general, contrarios a la ley o al orden p\u00fablico.<\/span><\/li>\n<li class=\"li2\"><span class=\"s1\">Introducir en la red virus inform\u00e1ticos o realizar actuaciones susceptibles de alterar, estropear, interrumpir o generar errores o da\u00f1os en los documentos electr\u00f3nicos, datos o sistemas f\u00edsicos y l\u00f3gicos de\u00a0ESVIRCO S.L.\u00a0o de terceras personas; as\u00ed como obstaculizar el acceso de otros Usuarios al sitio Web y a sus servicios.<\/span><\/li>\n<li class=\"li2\"><span class=\"s1\">Intentar acceder a \u00e1reas restringidas de los sistemas inform\u00e1ticos de\u00a0ESVIRCO S.L.\u00a0o de terceros y, en su caso, extraer informaci\u00f3n.<\/span><\/li>\n<li class=\"li2\"><span class=\"s1\">Vulnerar los derechos de propiedad intelectual o industrial, as\u00ed como violar la confidencialidad de la informaci\u00f3n de\u00a0ESVIRCO S.L.\u00a0o de terceros.<\/span><\/li>\n<li class=\"li2\"><span class=\"s1\">Suplantar la identidad de otro Usuario, de las administraciones p\u00fablicas o de un tercero.<\/span><\/li>\n<li class=\"li2\"><span class=\"s1\">Reproducir, copiar, distribuir, poner a disposici\u00f3n o de cualquier otra forma comunicar p\u00fablicamente, transformar o modificar los Contenidos, a menos que se cuente con la autorizaci\u00f3n del titular de los correspondientes derechos o ello resulte legalmente permitido<\/span><\/li>\n<li class=\"li2\"><span class=\"s1\">Recabar datos con finalidad publicitaria y de remitir publicidad de cualquier clase y comunicaciones con fines de venta u otras de naturaleza comercial sin que medie su previa solicitud o consentimiento.<\/span><\/li>\n<\/ul>\n<p class=\"p1\"><span class=\"s1\"><b>3.2. Procedimiento en caso de realizaci\u00f3n de actividades de car\u00e1cter il\u00edcito<\/b><\/span><\/p>\n<p class=\"p1\"><span class=\"s1\">En el caso de que cualquier usuario o un tercero considere que existen hechos o circunstancias que revelen el car\u00e1cter il\u00edcito de la utilizaci\u00f3n de cualquier contenido y\/o de la realizaci\u00f3n de cualquier actividad en las p\u00e1ginas Web incluidas o accesibles a trav\u00e9s del sitio Web, deber\u00e1 enviar una notificaci\u00f3n a\u00a0ESVIRCO S.L.\u00a0identific\u00e1ndose debidamente, especificando las supuestas infracciones y declarando expresamente y bajo su responsabilidad que la informaci\u00f3n proporcionada en la notificaci\u00f3n es exacta.<\/span><\/p>\n<h6 class=\"p1\"><span class=\"s1\"><b>4. Pol\u00edtica de privacidad<\/b><\/span><\/h6>\n<p class=\"p1\"><span class=\"s1\">El usuario puede consultar c\u00f3mo ESVIRCO S.L. utiliza sus datos y las medidas de seguridad implantadas en el siguiente enlace:\u00a0<a href=\"http:\/\/nortycod.com\/es\/politica-privacidad\/\">&#8220;pol\u00edtica de privacidad&#8221;<\/a><\/span><\/p>\n<h6 class=\"p1\"><span class=\"s1\"><b>5. Pol\u00edtica de cookies<\/b><\/span><\/h6>\n<p class=\"p1\"><span class=\"s1\">ESVIRCO S.L. instala cookies en el ordenador del usuario. Para conocer m\u00e1s las cookies de nuestro sitio web acuda al siguiente enlace:\u00a0<a href=\"http:\/\/nortycod.com\/es\/politica-de-cookies\/\">&#8220;pol\u00edtica de cookies&#8221;<\/a><\/span><\/p>\n<h6 class=\"p1\"><span class=\"s1\"><b>6. Notificaciones<\/b><\/span><\/h6>\n<p class=\"p1\"><span class=\"s1\">Todas las notificaciones y comunicaciones entre los usuarios y\u00a0ESVIRCO S.L.\u00a0 se considerar\u00e1n eficaces, a todos los efectos, cuando se realicen a trav\u00e9s de correo postal o correo electr\u00f3nico o comunicaci\u00f3n telef\u00f3nica. Los usuarios deber\u00e1n dirigirse a\u00a0ESVIRCO S.L.\u00a0mediante:<\/span><\/p>\n<ul>\n<li class=\"li2\"><span class=\"s1\">Env\u00edo por correo postal a la siguiente direcci\u00f3n:\u00a0ESVIRCO S.L.\u00a0\u2013 Calle Llanito Perera, 46-a Bajo, 38430 &#8211; Icod.<\/span><\/li>\n<li class=\"li2\"><span class=\"s1\">Env\u00edo por correo electr\u00f3nico a la siguiente direcci\u00f3n: info@nortycod.com<\/span><\/li>\n<\/ul>\n<h6 class=\"p1\"><span class=\"s1\"><b>7. Propiedad Industrial y propiedad intelectual<\/b><\/span><\/h6>\n<p class=\"p1\"><span class=\"s1\">Todos los contenidos del sitio Web, como textos, fotograf\u00edas, gr\u00e1ficos, im\u00e1genes, iconos, tecnolog\u00eda, software, as\u00ed como su dise\u00f1o gr\u00e1fico y c\u00f3digos fuente, constituyen una obra cuya propiedad pertenece a\u00a0ESVIRCO S.L., sin que puedan entenderse cedidos al Usuario ninguno de los derechos de explotaci\u00f3n sobre los mismos m\u00e1s all\u00e1 de lo estrictamente necesario para el correcto uso de la Web.<\/span><\/p>\n<p class=\"p1\"><span class=\"s1\">En definitiva, los usuarios que accedan a este sitio Web pueden visualizar los contenidos y efectuar, en su caso, copias privadas autorizadas siempre que los elementos reproducidos no sean cedidos posteriormente a terceros, ni se instalen a servidores conectados a redes, ni sean objeto de ning\u00fan tipo de explotaci\u00f3n y \u00fanica y exclusivamente mientras se encuentre en vigor el servicio.<\/span><\/p>\n<p class=\"p1\"><span class=\"s1\">Asimismo, todas las marcas, nombres comerciales o signos distintivos de cualquier clase que aparecen en el sitio Web son propiedad de\u00a0ESVIRCO S.L., sin que pueda entenderse que el uso o acceso al mismo atribuya al Usuario derecho alguno sobre los mismos.<\/span><\/p>\n<p class=\"p1\"><span class=\"s1\">Quedan prohibidas la distribuci\u00f3n, modificaci\u00f3n, cesi\u00f3n o comunicaci\u00f3n p\u00fablica de los contenidos y cualquier otro acto que no haya sido expresamente autorizado por\u00a0ESVIRCO S.L.\u00a0En caso de incumplimiento\u00a0ESVIRCO S.L.\u00a0proceder\u00e1 a adoptar las medidas legales oportunas.<\/span><\/p>\n<h6 class=\"p1\"><span class=\"s1\"><b>8. Exenci\u00f3n de responsabilidad y modificaci\u00f3n del presente aviso legal<\/b><\/span><\/h6>\n<p class=\"p1\"><span class=\"s1\">La informaci\u00f3n que se difunde en esta web se hace \u00fanica y exclusivamente a t\u00edtulo informativo, reserv\u00e1ndose\u00a0ESVIRCO S.L.\u00a0el derecho de eliminar o suspender su difusi\u00f3n, total o parcialmente, y a modificar la estructura y contenido de este sitio Web sin aviso previo, pudiendo incluso limitar o no permitir el acceso a dicha informaci\u00f3n.\u00a0ESVIRCO S.L.intenta\u00a0 mantener la calidad y actualizaci\u00f3n de esta informaci\u00f3n y evitar y minimizar posibles errores pero\u00a0ESVIRCO S.L.\u00a0no responder\u00e1 de los da\u00f1os o perjuicios causados por decisiones tomadas en base a la informaci\u00f3n difundida; ni de inexactitudes, omisiones o errores contenidos en el mismo, ni de los problemas que se originen por el uso de este sitio Web u otro de conexi\u00f3n externa; ni de los da\u00f1os y\/o perjuicios en el software o hardware del usuario que se deriven del acceso a este sitio Web.<\/span><\/p>\n<p class=\"p1\"><span class=\"s1\">Los Usuarios aceptan expresamente que\u00a0ESVIRCO S.L.\u00a0\u00a0no ser\u00e1 responsable del acceso no autorizado o alteraci\u00f3n de sus transmisiones o datos, de cualquier material o datos enviados o recibidos o no enviados o recibidos, ni de ninguna transacci\u00f3n realizada a trav\u00e9s de su web.<\/span><\/p>\n<p class=\"p1\"><span class=\"s1\">ESVIRCO S.L.\u00a0se reserva el derecho a modificar el presente aviso legal unilateralmente y sin preaviso\u00a0 en los t\u00e9rminos y condiciones que estime conveniente con la \u00fanica obligaci\u00f3n de informar al usuario de las modificaciones efectuadas a trav\u00e9s de\u00a0<a href=\"http:\/\/www.aixacorpore.es\/\">www.nortycod.com<\/a><\/span><\/p>\n<h6 class=\"p1\"><span class=\"s1\"><b>9. Nulidad parcial<\/b><\/span><\/h6>\n<p class=\"p1\"><span class=\"s1\">Si alguna de las presentes cl\u00e1usulas fuese declarada nula y sin efecto por resoluci\u00f3n firme dictada por autoridad competente, los restantes t\u00e9rminos y condiciones permanecer\u00e1n en vigor, sin que queden afectados por dicha declaraci\u00f3n de nulidad.<\/span><\/p>\n<h6 class=\"p1\"><span class=\"s1\"><b>10. Ley aplicable y tribunales competentes<\/b><\/span><\/h6>\n<p class=\"p1\"><span class=\"s1\">El presente sitio web queda sometido a lo establecido por la legislaci\u00f3n espa\u00f1ola y normativa europea que resulte de aplicaci\u00f3n<\/span><\/p>\n<p class=\"p1\"><span class=\"s1\">Cualquier controversia que surja o guarde relaci\u00f3n con el uso de la p\u00e1gina web o con dichos productos ser\u00e1 sometida a la\u00a0jurisdicci\u00f3n no exclusiva\u00a0de los juzgados y tribunales espa\u00f1oles de la provincia de S\/C de Tenerife.<\/span><\/p>\n<p class=\"p1\"><span class=\"s1\">Si se trata de un consumidor final nada en la presente cl\u00e1usula afectar\u00e1 a los derechos que como tal le reconoce la legislaci\u00f3n vigente, pudiendo elegir presentar una reclamaci\u00f3n para hacer valer sus derechos en relaci\u00f3n con las presentes Condiciones ante el Juez o Tribunales que correspondan a su domicilio.<\/span><\/p>\n<p class=\"p4\"><span class=\"s1\"><b>Versi\u00f3n: 2.0<\/b><\/span><\/p>\n<p class=\"p4\"><span class=\"s1\"><b>Fecha: 24\/05\/18<\/b><\/span><\/p>\n<p>[\/vc_column_text][\/vc_column][\/vc_row]<\/p>\n<\/div>","protected":false},"excerpt":{"rendered":"<p>[vc_row css=&#8221;.vc_custom_1597917677991{margin-top: 80px !important;}&#8221;][vc_column][vc_column_text] CONDICIONES GENERALES DE ACCESO Y USO DEL SITIO WEB NORTYCOD.COM 1. Objeto y aceptaci\u00f3n El presente&#8230;<\/p>\n","protected":false},"author":1,"featured_media":0,"parent":0,"menu_order":0,"comment_status":"closed","ping_status":"closed","template":"","meta":{"footnotes":""},"class_list":["post-3494","page","type-page","status-publish"],"yoast_head":"<!-- This site is optimized with the Yoast SEO plugin v27.5 - https:\/\/yoast.com\/product\/yoast-seo-wordpress\/ -->\n<title>Aviso Legal - Nortycod - Dise&ntilde;o de muebles y reformas en Tenerife<\/title>\n<meta name=\"robots\" content=\"index, follow, max-snippet:-1, max-image-preview:large, max-video-preview:-1\" \/>\n<link rel=\"canonical\" href=\"https:\/\/nortycod.com\/en\/aviso-legal\/\" \/>\n<meta property=\"og:locale\" content=\"en_US\" \/>\n<meta property=\"og:type\" content=\"article\" \/>\n<meta property=\"og:title\" content=\"Aviso Legal - Nortycod - Dise&ntilde;o de muebles y reformas en Tenerife\" \/>\n<meta property=\"og:description\" content=\"[vc_row css=&#8221;.vc_custom_1597917677991{margin-top: 80px !important;}&#8221;][vc_column][vc_column_text] CONDICIONES GENERALES DE ACCESO Y USO DEL SITIO WEB NORTYCOD.COM 1. Objeto y aceptaci\u00f3n El presente...\" \/>\n<meta property=\"og:url\" content=\"https:\/\/nortycod.com\/en\/aviso-legal\/\" \/>\n<meta property=\"og:site_name\" content=\"Nortycod - Dise&ntilde;o de muebles y reformas en Tenerife\" \/>\n<meta property=\"article:modified_time\" content=\"2020-10-15T09:07:34+00:00\" \/>\n<meta name=\"twitter:card\" content=\"summary_large_image\" \/>\n<meta name=\"twitter:label1\" content=\"Est. reading time\" \/>\n\t<meta name=\"twitter:data1\" content=\"8 minutes\" \/>\n<script type=\"application\/ld+json\" class=\"yoast-schema-graph\">{\"@context\":\"https:\\\/\\\/schema.org\",\"@graph\":[{\"@type\":\"WebPage\",\"@id\":\"https:\\\/\\\/nortycod.com\\\/en\\\/aviso-legal\\\/\",\"url\":\"https:\\\/\\\/nortycod.com\\\/en\\\/aviso-legal\\\/\",\"name\":\"Aviso Legal - Nortycod - Dise&ntilde;o de muebles y reformas en Tenerife\",\"isPartOf\":{\"@id\":\"https:\\\/\\\/nortycod.com\\\/en\\\/#website\"},\"datePublished\":\"2020-05-17T22:42:43+00:00\",\"dateModified\":\"2020-10-15T09:07:34+00:00\",\"breadcrumb\":{\"@id\":\"https:\\\/\\\/nortycod.com\\\/en\\\/aviso-legal\\\/#breadcrumb\"},\"inLanguage\":\"en-US\",\"potentialAction\":[{\"@type\":\"ReadAction\",\"target\":[\"https:\\\/\\\/nortycod.com\\\/en\\\/aviso-legal\\\/\"]}]},{\"@type\":\"BreadcrumbList\",\"@id\":\"https:\\\/\\\/nortycod.com\\\/en\\\/aviso-legal\\\/#breadcrumb\",\"itemListElement\":[{\"@type\":\"ListItem\",\"position\":1,\"name\":\"Portada\",\"item\":\"https:\\\/\\\/nortycod.com\\\/en\\\/inicio\\\/\"},{\"@type\":\"ListItem\",\"position\":2,\"name\":\"Aviso Legal\"}]},{\"@type\":\"WebSite\",\"@id\":\"https:\\\/\\\/nortycod.com\\\/en\\\/#website\",\"url\":\"https:\\\/\\\/nortycod.com\\\/en\\\/\",\"name\":\"Nortycod - Dise&ntilde;o de muebles y reformas en Tenerife\",\"description\":\"Empresa especializada en reformas de hogares, ba&ntilde;os, cocinas en Tenerife\",\"potentialAction\":[{\"@type\":\"SearchAction\",\"target\":{\"@type\":\"EntryPoint\",\"urlTemplate\":\"https:\\\/\\\/nortycod.com\\\/en\\\/?s={search_term_string}\"},\"query-input\":{\"@type\":\"PropertyValueSpecification\",\"valueRequired\":true,\"valueName\":\"search_term_string\"}}],\"inLanguage\":\"en-US\"}]}<\/script>\n<!-- \/ Yoast SEO plugin. -->","yoast_head_json":{"title":"Aviso Legal - Nortycod - Dise&ntilde;o de muebles y reformas en Tenerife","robots":{"index":"index","follow":"follow","max-snippet":"max-snippet:-1","max-image-preview":"max-image-preview:large","max-video-preview":"max-video-preview:-1"},"canonical":"https:\/\/nortycod.com\/en\/aviso-legal\/","og_locale":"en_US","og_type":"article","og_title":"Aviso Legal - Nortycod - Dise&ntilde;o de muebles y reformas en Tenerife","og_description":"[vc_row css=&#8221;.vc_custom_1597917677991{margin-top: 80px !important;}&#8221;][vc_column][vc_column_text] CONDICIONES GENERALES DE ACCESO Y USO DEL SITIO WEB NORTYCOD.COM 1. Objeto y aceptaci\u00f3n El presente...","og_url":"https:\/\/nortycod.com\/en\/aviso-legal\/","og_site_name":"Nortycod - Dise&ntilde;o de muebles y reformas en Tenerife","article_modified_time":"2020-10-15T09:07:34+00:00","twitter_card":"summary_large_image","twitter_misc":{"Est. reading time":"8 minutes"},"schema":{"@context":"https:\/\/schema.org","@graph":[{"@type":"WebPage","@id":"https:\/\/nortycod.com\/en\/aviso-legal\/","url":"https:\/\/nortycod.com\/en\/aviso-legal\/","name":"Aviso Legal - Nortycod - Dise&ntilde;o de muebles y reformas en Tenerife","isPartOf":{"@id":"https:\/\/nortycod.com\/en\/#website"},"datePublished":"2020-05-17T22:42:43+00:00","dateModified":"2020-10-15T09:07:34+00:00","breadcrumb":{"@id":"https:\/\/nortycod.com\/en\/aviso-legal\/#breadcrumb"},"inLanguage":"en-US","potentialAction":[{"@type":"ReadAction","target":["https:\/\/nortycod.com\/en\/aviso-legal\/"]}]},{"@type":"BreadcrumbList","@id":"https:\/\/nortycod.com\/en\/aviso-legal\/#breadcrumb","itemListElement":[{"@type":"ListItem","position":1,"name":"Portada","item":"https:\/\/nortycod.com\/en\/inicio\/"},{"@type":"ListItem","position":2,"name":"Aviso Legal"}]},{"@type":"WebSite","@id":"https:\/\/nortycod.com\/en\/#website","url":"https:\/\/nortycod.com\/en\/","name":"Nortycod - Dise&ntilde;o de muebles y reformas en Tenerife","description":"Empresa especializada en reformas de hogares, ba&ntilde;os, cocinas en Tenerife","potentialAction":[{"@type":"SearchAction","target":{"@type":"EntryPoint","urlTemplate":"https:\/\/nortycod.com\/en\/?s={search_term_string}"},"query-input":{"@type":"PropertyValueSpecification","valueRequired":true,"valueName":"search_term_string"}}],"inLanguage":"en-US"}]}},"_links":{"self":[{"href":"https:\/\/nortycod.com\/en\/wp-json\/wp\/v2\/pages\/3494","targetHints":{"allow":["GET"]}}],"collection":[{"href":"https:\/\/nortycod.com\/en\/wp-json\/wp\/v2\/pages"}],"about":[{"href":"https:\/\/nortycod.com\/en\/wp-json\/wp\/v2\/types\/page"}],"author":[{"embeddable":true,"href":"https:\/\/nortycod.com\/en\/wp-json\/wp\/v2\/users\/1"}],"replies":[{"embeddable":true,"href":"https:\/\/nortycod.com\/en\/wp-json\/wp\/v2\/comments?post=3494"}],"version-history":[{"count":5,"href":"https:\/\/nortycod.com\/en\/wp-json\/wp\/v2\/pages\/3494\/revisions"}],"predecessor-version":[{"id":4126,"href":"https:\/\/nortycod.com\/en\/wp-json\/wp\/v2\/pages\/3494\/revisions\/4126"}],"wp:attachment":[{"href":"https:\/\/nortycod.com\/en\/wp-json\/wp\/v2\/media?parent=3494"}],"curies":[{"name":"wp","href":"https:\/\/api.w.org\/{rel}","templated":true}]}}