{"id":3242,"date":"2020-07-22T14:18:31","date_gmt":"2020-07-22T13:18:31","guid":{"rendered":"http:\/\/nortycod.com\/?page_id=3242"},"modified":"2020-09-12T09:44:20","modified_gmt":"2020-09-12T08:44:20","slug":"quote","status":"publish","type":"page","link":"https:\/\/nortycod.com\/en\/quote\/","title":{"rendered":"Quote"},"content":{"rendered":"<div class=\"wpb-content-wrapper\"><p>[vc_row full_width=&#8221;stretch_row_content_no_spaces&#8221; css=&#8221;.vc_custom_1593442594793{padding-bottom: 250px !important;background-image: url(http:\/\/nortycod.com\/wp-content\/uploads\/2020\/06\/pag-presupuesto-portada.jpg?id=2369) !important;background-position: center !important;background-repeat: no-repeat !important;background-size: cover !important;}&#8221;][vc_column][vc_row_inner css=&#8221;.vc_custom_1593442409362{margin-top: -40px !important;padding-bottom: 50px !important;background-color: rgba(0,0,0,0.26) !important;*background-color: rgb(0,0,0) !important;}&#8221;][vc_column_inner][vc_custom_heading text=&#8221;UNCOMPROMISED QUOTE&#8221; font_container=&#8221;tag:h1|text_align:center|color:%23ffffff&#8221; use_theme_fonts=&#8221;yes&#8221;][vc_column_text]<\/p>\n<div class=\"styled-subtitle subheading\" style=\"text-align: center;\"><span style=\"color: #ffffff;\">Would you like to know how much does it cost? Do you want and estimate?<br \/>\nYou just have to fill in the form below<\/span><\/div>\n<p>[\/vc_column_text][\/vc_column_inner][\/vc_row_inner][\/vc_column][\/vc_row][vc_row css=&#8221;.vc_custom_1599900250341{margin-bottom: 100px !important;}&#8221; el_class=&#8221;form-block&#8221;][vc_column width=&#8221;1\/6&#8243;][\/vc_column][vc_column width=&#8221;2\/3&#8243; css=&#8221;.vc_custom_1593420852609{background-color: #fff474 !important;}&#8221; el_class=&#8221;form-box&#8221;][vc_custom_heading text=&#8221;REQUEST FOR QUOTATION FORM&#8221; font_container=&#8221;tag:h3|text_align:center|color:%23000000&#8243; use_theme_fonts=&#8221;yes&#8221; css=&#8221;.vc_custom_1595423327949{margin-bottom: 80px !important;padding-top: 50px !important;}&#8221;]\n<div class=\"wpcf7 no-js\" id=\"wpcf7-f3246-o1\" lang=\"es-ES\" dir=\"ltr\" data-wpcf7-id=\"3246\">\n<div class=\"screen-reader-response\"><p role=\"status\" aria-live=\"polite\" aria-atomic=\"true\"><\/p> <ul><\/ul><\/div>\n<form action=\"\/en\/wp-json\/wp\/v2\/pages\/3242#wpcf7-f3246-o1\" method=\"post\" class=\"wpcf7-form init gem-contact-form-white\" aria-label=\"Formulario de contacto\" enctype=\"multipart\/form-data\" novalidate=\"novalidate\" data-status=\"init\">\n<fieldset class=\"hidden-fields-container\"><input type=\"hidden\" name=\"_wpcf7\" value=\"3246\" \/><input type=\"hidden\" name=\"_wpcf7_version\" value=\"6.1.5\" \/><input type=\"hidden\" name=\"_wpcf7_locale\" value=\"es_ES\" \/><input type=\"hidden\" name=\"_wpcf7_unit_tag\" value=\"wpcf7-f3246-o1\" \/><input type=\"hidden\" name=\"_wpcf7_container_post\" value=\"0\" \/><input type=\"hidden\" name=\"_wpcf7_posted_data_hash\" value=\"\" \/>\n<\/fieldset>\n<div id=\"responsive-form\" class=\"clearfix\">\n  <div class=\"form-row\">\n     <div class=\"column-full\">NAME*:<span class=\"wpcf7-form-control-wrap\" data-name=\"first-name\"><input size=\"40\" maxlength=\"400\" class=\"wpcf7-form-control wpcf7-text wpcf7-validates-as-required\" aria-required=\"true\" aria-invalid=\"false\" value=\"\" type=\"text\" name=\"first-name\" \/><\/span><\/div>\n  <\/div>\n \n  <div class=\"form-row\">\n     <div class=\"column-full\">EMAIL*:<span class=\"wpcf7-form-control-wrap\" data-name=\"email\"><input size=\"40\" maxlength=\"400\" class=\"wpcf7-form-control wpcf7-email wpcf7-validates-as-required wpcf7-text wpcf7-validates-as-email\" aria-required=\"true\" aria-invalid=\"false\" value=\"\" type=\"email\" name=\"email\" \/><\/span><\/div>\n  <\/div>\n\n <div class=\"form-row\">\n     <div class=\"column-half\">PHONE*:<span class=\"wpcf7-form-control-wrap\" data-name=\"telefono\"><input size=\"40\" maxlength=\"400\" class=\"wpcf7-form-control wpcf7-tel wpcf7-text wpcf7-validates-as-tel\" aria-invalid=\"false\" value=\"\" type=\"tel\" name=\"telefono\" \/><\/span><\/div>\n     <div class=\"column-half\">PROJECT:*<span class=\"wpcf7-form-control-wrap\" data-name=\"proyecto\"><select class=\"wpcf7-form-control wpcf7-select wpcf7-validates-as-required\" aria-required=\"true\" aria-invalid=\"false\" name=\"proyecto\"><option value=\"kitchen\">kitchen<\/option><option value=\"renovation\">renovation<\/option><option value=\"bathroom\">bathroom<\/option><option value=\"furniture\">furniture<\/option><option value=\"flooring\">flooring<\/option><\/select><\/span><\/div>\n <\/div>\n\n<div class=\"form-row\">\n     <div class=\"column-half\">MEASURMENT (m):<span class=\"wpcf7-form-control-wrap\" data-name=\"medidaancho\"><input class=\"wpcf7-form-control wpcf7-number wpcf7-validates-as-number\" aria-invalid=\"false\" placeholder=\"(width)\" value=\"\" type=\"number\" name=\"medidaancho\" \/><\/span><\/div>\n     <div class=\"column-half\"><div class=\"medida\"><span class=\"wpcf7-form-control-wrap\" data-name=\"medidalargo\"><input class=\"wpcf7-form-control wpcf7-number wpcf7-validates-as-number\" aria-invalid=\"false\" placeholder=\"(length)\" value=\"\" type=\"number\" name=\"medidalargo\" \/><\/span><\/div><\/div>\n <\/div>\n\n<div class=\"form-row\">\n     <div class=\"column-full\">\n     <div class=\"column-half\"><span class=\"wpcf7-form-control-wrap\" data-name=\"medidaalto\"><input class=\"wpcf7-form-control wpcf7-number wpcf7-validates-as-number\" aria-invalid=\"false\" placeholder=\"(height)\" value=\"\" type=\"number\" name=\"medidaalto\" \/><\/span><\/div><\/div>\n <\/div>\n<br>\n<div class=\"form-row\">\n     <div class=\"column-half\">MEASUREMENT (m2)<span class=\"wpcf7-form-control-wrap\" data-name=\"medidas\"><input class=\"wpcf7-form-control wpcf7-number wpcf7-validates-as-number\" aria-invalid=\"false\" value=\"\" type=\"number\" name=\"medidas\" \/><\/span><\/div>\n <\/div>\n\n \n <div class=\"form-row\">\n     <div class=\"column-half\">POSTAL CODE*:<span class=\"wpcf7-form-control-wrap\" data-name=\"codigopostal\"><input class=\"wpcf7-form-control wpcf7-number wpcf7-validates-as-number\" aria-invalid=\"false\" value=\"\" type=\"number\" name=\"codigopostal\" \/><\/span><\/div>\n <\/div>\n\n\n <div class=\"form-row\">\n <div class=\"column-full\">ANY INFORMATION YOU WOULD LIKE US TO KNOW:  <span class=\"wpcf7-form-control-wrap\" data-name=\"your-message\"><textarea cols=\"40\" rows=\"10\" maxlength=\"2000\" class=\"wpcf7-form-control wpcf7-textarea\" aria-invalid=\"false\" name=\"your-message\"><\/textarea><\/span> \n <\/div>\n <\/div>\n\n<div class=\"form-row\">\n<div class=\"column-full\">\nSEND YOUR IDEAS, PHOTOS, THE PROJECT:\n\n<span class=\"wpcf7-form-control-wrap\" data-name=\"file-136\"><input size=\"40\" class=\"wpcf7-form-control wpcf7-file\" accept=\".jpg\" aria-invalid=\"false\" type=\"file\" name=\"file-136\" \/><\/span>\n<span class=\"wpcf7-form-control-wrap\" data-name=\"file-380\"><input size=\"40\" class=\"wpcf7-form-control wpcf7-file\" accept=\".jpg\" aria-invalid=\"false\" type=\"file\" name=\"file-380\" \/><\/span>\n<span class=\"wpcf7-form-control-wrap\" data-name=\"file-388\"><input size=\"40\" class=\"wpcf7-form-control wpcf7-file\" accept=\".jpg\" aria-invalid=\"false\" type=\"file\" name=\"file-388\" \/><\/span>\n<small>File type allowed: JPG<br \/>\nMaximum file size: 2MB<\/small>\n<\/div>\n<\/div>\n<div class=\"form-row\">\n\n\n<p><span class=\"wpcf7-form-control-wrap\" data-name=\"terminoslegales\"><span class=\"wpcf7-form-control wpcf7-acceptance\"><span class=\"wpcf7-list-item\"><label><input type=\"checkbox\" name=\"terminoslegales\" value=\"1\" aria-invalid=\"false\" \/><span class=\"wpcf7-list-item-label\">I have read and accept the <a href=\"https:\/\/nortycod.com\/es\/politica-privacidad\/\" target\"_blank\">privacy policy, <\/a><a href=\"https:\/\/nortycod.com\/es\/politica-de-cookies\/\" target\"_blank\">cookie policy<\/a> and the <a href=\"https:\/\/nortycod.com\/es\/aviso-legal\/\" target\"_blank\">legal notice.<\/a><\/span><\/label><\/span><\/span><\/span><p>\n<p class=\"rgdptxt\">LEY PROTECCI\u00d3N DE DATOS: Mediante el presente Aviso Legal y de acuerdo con lo establecido en la Ley Org\u00e1nica 15\/1999, de Protecci\u00f3n de Datos de Car\u00e1cter Personal, la empresa informa a los usuarios de su pol\u00edtica de protecci\u00f3n de datos, en la que ellos pueden determinar libremente y de forma voluntaria si quieren ceder sus datos personales a la compa\u00f1\u00eda en caso de darse de alta o suscribirse en algunos de los servicios ofrecidos. Salvo en los campos en que se indique lo contrario, las respuestas a las preguntas sobre datos personales son voluntarias. Los datos personales recogidos ser\u00e1n tratados de forma secreta y confidencial y su recogida tiene como finalidad la gesti\u00f3n y prestaci\u00f3n de los servicios ofrecidos por la Empresa en el Portal en cada momento. Los usuarios aceptan que los datos personales facilitados puedan ser objeto de tratamiento en ficheros automatizados titularidad y responsabilidad de la empresa. Los usuarios pueden ejercer su derecho de acceso, rectificaci\u00f3n, cancelaci\u00f3n y oposici\u00f3n a: ESVIRCO SL, info@nortycod.com, incluyendo copia de su DNI o documento identificativo equivalente.<\/p>\n\n<\/div>\n\n<div class=\"column-full\"><div class=\"gem-button-container gem-button-position-fullwidth thegem-button-69fc7f1120a1d1965\"  ><input class=\"gem-button gem-button-size-small gem-button-style-flat gem-button-text-weight-normal wpcf7-form-control wpcf7-submit has-spinner gem-button-wpcf-custom\" data-ll-effect=\"drop-right-without-wrap\" style=\"border-radius: 3px;\" onmouseleave=\"\" onmouseenter=\"\" id=\"\" tabindex=\"\" type=\"submit\" value=\"Submit\" \/><\/div> <\/div>\n<\/div>\n\n<!--end responsive-form--><div class=\"wpcf7-response-output\" aria-hidden=\"true\"><\/div>\n<\/form>\n<\/div>\n[\/vc_column][vc_column width=&#8221;1\/6&#8243;][\/vc_column][\/vc_row]<\/p>\n<\/div>","protected":false},"excerpt":{"rendered":"<p>[vc_row full_width=&#8221;stretch_row_content_no_spaces&#8221; css=&#8221;.vc_custom_1593442594793{padding-bottom: 250px !important;background-image: url(http:\/\/nortycod.com\/wp-content\/uploads\/2020\/06\/pag-presupuesto-portada.jpg?id=2369) !important;background-position: center !important;background-repeat: no-repeat !important;background-size: cover !important;}&#8221;][vc_column][vc_row_inner css=&#8221;.vc_custom_1593442409362{margin-top: -40px !important;padding-bottom: 50px !important;background-color: rgba(0,0,0,0.26) !important;*background-color:&#8230;<\/p>\n","protected":false},"author":1,"featured_media":0,"parent":0,"menu_order":0,"comment_status":"closed","ping_status":"closed","template":"","meta":{"footnotes":""},"class_list":["post-3242","page","type-page","status-publish"],"yoast_head":"<!-- This site is optimized with the Yoast SEO plugin v27.5 - https:\/\/yoast.com\/product\/yoast-seo-wordpress\/ -->\n<title>Quote - Nortycod - Dise&ntilde;o de muebles y reformas en Tenerife<\/title>\n<meta name=\"robots\" content=\"index, follow, max-snippet:-1, max-image-preview:large, max-video-preview:-1\" \/>\n<link rel=\"canonical\" href=\"https:\/\/nortycod.com\/en\/quote\/\" \/>\n<meta property=\"og:locale\" content=\"en_US\" \/>\n<meta property=\"og:type\" content=\"article\" \/>\n<meta property=\"og:title\" content=\"Quote - Nortycod - Dise&ntilde;o de muebles y reformas en Tenerife\" \/>\n<meta property=\"og:description\" content=\"[vc_row full_width=&#8221;stretch_row_content_no_spaces&#8221; css=&#8221;.vc_custom_1593442594793{padding-bottom: 250px !important;background-image: url(http:\/\/nortycod.com\/wp-content\/uploads\/2020\/06\/pag-presupuesto-portada.jpg?id=2369) !important;background-position: center !important;background-repeat: no-repeat !important;background-size: cover !important;}&#8221;][vc_column][vc_row_inner css=&#8221;.vc_custom_1593442409362{margin-top: -40px !important;padding-bottom: 50px !important;background-color: rgba(0,0,0,0.26) !important;*background-color:...\" \/>\n<meta property=\"og:url\" content=\"https:\/\/nortycod.com\/en\/quote\/\" \/>\n<meta property=\"og:site_name\" content=\"Nortycod - Dise&ntilde;o de muebles y reformas en Tenerife\" \/>\n<meta property=\"article:modified_time\" content=\"2020-09-12T08:44:20+00:00\" \/>\n<meta name=\"twitter:card\" content=\"summary_large_image\" \/>\n<meta name=\"twitter:label1\" content=\"Est. reading time\" \/>\n\t<meta name=\"twitter:data1\" content=\"1 minute\" \/>\n<script type=\"application\/ld+json\" class=\"yoast-schema-graph\">{\"@context\":\"https:\\\/\\\/schema.org\",\"@graph\":[{\"@type\":\"WebPage\",\"@id\":\"https:\\\/\\\/nortycod.com\\\/en\\\/quote\\\/\",\"url\":\"https:\\\/\\\/nortycod.com\\\/en\\\/quote\\\/\",\"name\":\"Quote - Nortycod - Dise&ntilde;o de muebles y reformas en Tenerife\",\"isPartOf\":{\"@id\":\"https:\\\/\\\/nortycod.com\\\/en\\\/#website\"},\"datePublished\":\"2020-07-22T13:18:31+00:00\",\"dateModified\":\"2020-09-12T08:44:20+00:00\",\"breadcrumb\":{\"@id\":\"https:\\\/\\\/nortycod.com\\\/en\\\/quote\\\/#breadcrumb\"},\"inLanguage\":\"en-US\",\"potentialAction\":[{\"@type\":\"ReadAction\",\"target\":[\"https:\\\/\\\/nortycod.com\\\/en\\\/quote\\\/\"]}]},{\"@type\":\"BreadcrumbList\",\"@id\":\"https:\\\/\\\/nortycod.com\\\/en\\\/quote\\\/#breadcrumb\",\"itemListElement\":[{\"@type\":\"ListItem\",\"position\":1,\"name\":\"Portada\",\"item\":\"https:\\\/\\\/nortycod.com\\\/en\\\/inicio\\\/\"},{\"@type\":\"ListItem\",\"position\":2,\"name\":\"Quote\"}]},{\"@type\":\"WebSite\",\"@id\":\"https:\\\/\\\/nortycod.com\\\/en\\\/#website\",\"url\":\"https:\\\/\\\/nortycod.com\\\/en\\\/\",\"name\":\"Nortycod - Dise&ntilde;o de muebles y reformas en Tenerife\",\"description\":\"Empresa especializada en reformas de hogares, ba&ntilde;os, cocinas en Tenerife\",\"potentialAction\":[{\"@type\":\"SearchAction\",\"target\":{\"@type\":\"EntryPoint\",\"urlTemplate\":\"https:\\\/\\\/nortycod.com\\\/en\\\/?s={search_term_string}\"},\"query-input\":{\"@type\":\"PropertyValueSpecification\",\"valueRequired\":true,\"valueName\":\"search_term_string\"}}],\"inLanguage\":\"en-US\"}]}<\/script>\n<!-- \/ Yoast SEO plugin. -->","yoast_head_json":{"title":"Quote - Nortycod - Dise&ntilde;o de muebles y reformas en Tenerife","robots":{"index":"index","follow":"follow","max-snippet":"max-snippet:-1","max-image-preview":"max-image-preview:large","max-video-preview":"max-video-preview:-1"},"canonical":"https:\/\/nortycod.com\/en\/quote\/","og_locale":"en_US","og_type":"article","og_title":"Quote - Nortycod - Dise&ntilde;o de muebles y reformas en Tenerife","og_description":"[vc_row full_width=&#8221;stretch_row_content_no_spaces&#8221; css=&#8221;.vc_custom_1593442594793{padding-bottom: 250px !important;background-image: url(http:\/\/nortycod.com\/wp-content\/uploads\/2020\/06\/pag-presupuesto-portada.jpg?id=2369) !important;background-position: center !important;background-repeat: no-repeat !important;background-size: cover !important;}&#8221;][vc_column][vc_row_inner css=&#8221;.vc_custom_1593442409362{margin-top: -40px !important;padding-bottom: 50px !important;background-color: rgba(0,0,0,0.26) !important;*background-color:...","og_url":"https:\/\/nortycod.com\/en\/quote\/","og_site_name":"Nortycod - Dise&ntilde;o de muebles y reformas en Tenerife","article_modified_time":"2020-09-12T08:44:20+00:00","twitter_card":"summary_large_image","twitter_misc":{"Est. reading time":"1 minute"},"schema":{"@context":"https:\/\/schema.org","@graph":[{"@type":"WebPage","@id":"https:\/\/nortycod.com\/en\/quote\/","url":"https:\/\/nortycod.com\/en\/quote\/","name":"Quote - Nortycod - Dise&ntilde;o de muebles y reformas en Tenerife","isPartOf":{"@id":"https:\/\/nortycod.com\/en\/#website"},"datePublished":"2020-07-22T13:18:31+00:00","dateModified":"2020-09-12T08:44:20+00:00","breadcrumb":{"@id":"https:\/\/nortycod.com\/en\/quote\/#breadcrumb"},"inLanguage":"en-US","potentialAction":[{"@type":"ReadAction","target":["https:\/\/nortycod.com\/en\/quote\/"]}]},{"@type":"BreadcrumbList","@id":"https:\/\/nortycod.com\/en\/quote\/#breadcrumb","itemListElement":[{"@type":"ListItem","position":1,"name":"Portada","item":"https:\/\/nortycod.com\/en\/inicio\/"},{"@type":"ListItem","position":2,"name":"Quote"}]},{"@type":"WebSite","@id":"https:\/\/nortycod.com\/en\/#website","url":"https:\/\/nortycod.com\/en\/","name":"Nortycod - Dise&ntilde;o de muebles y reformas en Tenerife","description":"Empresa especializada en reformas de hogares, ba&ntilde;os, cocinas en Tenerife","potentialAction":[{"@type":"SearchAction","target":{"@type":"EntryPoint","urlTemplate":"https:\/\/nortycod.com\/en\/?s={search_term_string}"},"query-input":{"@type":"PropertyValueSpecification","valueRequired":true,"valueName":"search_term_string"}}],"inLanguage":"en-US"}]}},"_links":{"self":[{"href":"https:\/\/nortycod.com\/en\/wp-json\/wp\/v2\/pages\/3242","targetHints":{"allow":["GET"]}}],"collection":[{"href":"https:\/\/nortycod.com\/en\/wp-json\/wp\/v2\/pages"}],"about":[{"href":"https:\/\/nortycod.com\/en\/wp-json\/wp\/v2\/types\/page"}],"author":[{"embeddable":true,"href":"https:\/\/nortycod.com\/en\/wp-json\/wp\/v2\/users\/1"}],"replies":[{"embeddable":true,"href":"https:\/\/nortycod.com\/en\/wp-json\/wp\/v2\/comments?post=3242"}],"version-history":[{"count":8,"href":"https:\/\/nortycod.com\/en\/wp-json\/wp\/v2\/pages\/3242\/revisions"}],"predecessor-version":[{"id":4070,"href":"https:\/\/nortycod.com\/en\/wp-json\/wp\/v2\/pages\/3242\/revisions\/4070"}],"wp:attachment":[{"href":"https:\/\/nortycod.com\/en\/wp-json\/wp\/v2\/media?parent=3242"}],"curies":[{"name":"wp","href":"https:\/\/api.w.org\/{rel}","templated":true}]}}