{"id":3235,"date":"2020-06-22T13:47:28","date_gmt":"2020-06-22T12:47:28","guid":{"rendered":"http:\/\/nortycod.com\/contacto\/"},"modified":"2020-09-21T15:26:40","modified_gmt":"2020-09-21T14:26:40","slug":"contact-refurbishment-company-tenerife","status":"publish","type":"page","link":"https:\/\/nortycod.com\/en\/contact-refurbishment-company-tenerife\/","title":{"rendered":"Contact"},"content":{"rendered":"<div class=\"wpb-content-wrapper\"><p>[vc_row full_width=&#8221;stretch_row_content_no_spaces&#8221; css=&#8221;.vc_custom_1592829979996{padding-bottom: 250px !important;background-image: url(http:\/\/nortycod.com\/wp-content\/uploads\/2020\/06\/pag-contacto-portada.jpg?id=2348) !important;background-position: center !important;background-repeat: no-repeat !important;background-size: cover !important;}&#8221;][vc_column][vc_row_inner css=&#8221;.vc_custom_1591784735861{margin-top: -40px !important;padding-bottom: 50px !important;background-color: rgba(0,0,0,0.26) !important;*background-color: rgb(0,0,0) !important;}&#8221;][vc_column_inner][vc_custom_heading text=&#8221;Contact&#8221; font_container=&#8221;tag:h1|text_align:center|color:%23ffffff&#8221; use_theme_fonts=&#8221;yes&#8221;][vc_column_text el_class=&#8221;subheading&#8221;]<\/p>\n<div class=\"styled-subtitle subheading\" style=\"text-align: center;\"><span style=\"color: #ffffff;\">Do not hesitate to contact us if you have any questions.<\/span><\/div>\n<p>[\/vc_column_text][\/vc_column_inner][\/vc_row_inner][\/vc_column][\/vc_row][vc_row el_class=&#8221;row-form&#8221;][vc_column width=&#8221;1\/6&#8243;][\/vc_column][vc_column width=&#8221;2\/3&#8243; css=&#8221;.vc_custom_1592899877820{background-color: #e9d3f6 !important;}&#8221; el_class=&#8221;form-box&#8221;][vc_custom_heading text=&#8221;CONTACT FORM&#8221; font_container=&#8221;tag:h3|text_align:center|color:%23000000&#8243; use_theme_fonts=&#8221;yes&#8221; css=&#8221;.vc_custom_1592830690087{margin-bottom: 80px !important;}&#8221;]\n<div class=\"wpcf7 no-js\" id=\"wpcf7-f3240-o1\" lang=\"es-ES\" dir=\"ltr\" data-wpcf7-id=\"3240\">\n<div class=\"screen-reader-response\"><p role=\"status\" aria-live=\"polite\" aria-atomic=\"true\"><\/p> <ul><\/ul><\/div>\n<form action=\"\/en\/wp-json\/wp\/v2\/pages\/3235#wpcf7-f3240-o1\" method=\"post\" class=\"wpcf7-form init gem-contact-form-white\" aria-label=\"Formulario de contacto\" novalidate=\"novalidate\" data-status=\"init\">\n<fieldset class=\"hidden-fields-container\"><input type=\"hidden\" name=\"_wpcf7\" value=\"3240\" \/><input type=\"hidden\" name=\"_wpcf7_version\" value=\"6.1.5\" \/><input type=\"hidden\" name=\"_wpcf7_locale\" value=\"es_ES\" \/><input type=\"hidden\" name=\"_wpcf7_unit_tag\" value=\"wpcf7-f3240-o1\" \/><input type=\"hidden\" name=\"_wpcf7_container_post\" value=\"0\" \/><input type=\"hidden\" name=\"_wpcf7_posted_data_hash\" value=\"\" \/>\n<\/fieldset>\n<label> NAME:\n    <span class=\"wpcf7-form-control-wrap\" data-name=\"your-name\"><input size=\"40\" maxlength=\"400\" class=\"wpcf7-form-control wpcf7-text wpcf7-validates-as-required\" aria-required=\"true\" aria-invalid=\"false\" value=\"\" type=\"text\" name=\"your-name\" \/><\/span> <\/label>\n\n<label> EMAIL:\n    <span class=\"wpcf7-form-control-wrap\" data-name=\"your-email\"><input size=\"40\" maxlength=\"400\" class=\"wpcf7-form-control wpcf7-email wpcf7-validates-as-required wpcf7-text wpcf7-validates-as-email\" aria-required=\"true\" aria-invalid=\"false\" value=\"\" type=\"email\" name=\"your-email\" \/><\/span> <\/label>\n\n<label> PHONE:\n    <span class=\"wpcf7-form-control-wrap\" data-name=\"tel-967\"><input size=\"40\" maxlength=\"400\" class=\"wpcf7-form-control wpcf7-tel wpcf7-validates-as-required wpcf7-text wpcf7-validates-as-tel\" aria-required=\"true\" aria-invalid=\"false\" value=\"\" type=\"tel\" name=\"tel-967\" \/><\/span> <\/label>\n\n<label> MESSAGE:\n    <span class=\"wpcf7-form-control-wrap\" data-name=\"your-message\"><textarea cols=\"40\" rows=\"10\" maxlength=\"2000\" class=\"wpcf7-form-control wpcf7-textarea\" aria-invalid=\"false\" name=\"your-message\"><\/textarea><\/span> <\/label>\n\n<p><span class=\"wpcf7-form-control-wrap\" data-name=\"terminoslegales\"><span class=\"wpcf7-form-control wpcf7-acceptance\"><span class=\"wpcf7-list-item\"><label><input type=\"checkbox\" name=\"terminoslegales\" value=\"1\" aria-invalid=\"false\" \/><span class=\"wpcf7-list-item-label\">I have read and accept the <a href=\"https:\/\/nortycod.com\/es\/politica-privacidad\/\" target\"_blank\">privacy policy, <\/a><a href=\"https:\/\/nortycod.com\/es\/politica-de-cookies\/\" target\"_blank\">cookie policy<\/a> and the <a href=\"https:\/\/nortycod.com\/es\/aviso-legal\/\" target\"_blank\">legal notice.<\/a><\/span><\/label><\/span><\/span><\/span><p>\n<p class=\"rgdptxt\">LEY PROTECCI\u00d3N DE DATOS: Mediante el presente Aviso Legal y de acuerdo con lo establecido en la Ley Org\u00e1nica 15\/1999, de Protecci\u00f3n de Datos de Car\u00e1cter Personal, la empresa informa a los usuarios de su pol\u00edtica de protecci\u00f3n de datos, en la que ellos pueden determinar libremente y de forma voluntaria si quieren ceder sus datos personales a la compa\u00f1\u00eda en caso de darse de alta o suscribirse en algunos de los servicios ofrecidos. Salvo en los campos en que se indique lo contrario, las respuestas a las preguntas sobre datos personales son voluntarias. Los datos personales recogidos ser\u00e1n tratados de forma secreta y confidencial y su recogida tiene como finalidad la gesti\u00f3n y prestaci\u00f3n de los servicios ofrecidos por la Empresa en el Portal en cada momento. Los usuarios aceptan que los datos personales facilitados puedan ser objeto de tratamiento en ficheros automatizados titularidad y responsabilidad de la empresa. Los usuarios pueden ejercer su derecho de acceso, rectificaci\u00f3n, cancelaci\u00f3n y oposici\u00f3n a: ESVIRCO SL, info@nortycod.com, incluyendo copia de su DNI o documento identificativo equivalente.<\/p>\n\n\n<div class=\"gem-button-container gem-button-position-fullwidth thegem-button-69fb3793115be3497\"  ><input class=\"gem-button gem-button-size-small gem-button-style-flat gem-button-text-weight-normal wpcf7-form-control wpcf7-submit has-spinner gem-button-wpcf-custom\" data-ll-effect=\"drop-right-without-wrap\" style=\"border-radius: 3px;\" onmouseleave=\"\" onmouseenter=\"\" id=\"\" tabindex=\"\" type=\"submit\" value=\"SEND\" \/><\/div> <div class=\"wpcf7-response-output\" aria-hidden=\"true\"><\/div>\n<\/form>\n<\/div>\n[\/vc_column][vc_column width=&#8221;1\/6&#8243;][\/vc_column][\/vc_row]<\/p>\n<\/div>","protected":false},"excerpt":{"rendered":"<p>[vc_row full_width=&#8221;stretch_row_content_no_spaces&#8221; css=&#8221;.vc_custom_1592829979996{padding-bottom: 250px !important;background-image: url(http:\/\/nortycod.com\/wp-content\/uploads\/2020\/06\/pag-contacto-portada.jpg?id=2348) !important;background-position: center !important;background-repeat: no-repeat !important;background-size: cover !important;}&#8221;][vc_column][vc_row_inner css=&#8221;.vc_custom_1591784735861{margin-top: -40px !important;padding-bottom: 50px !important;background-color: rgba(0,0,0,0.26) !important;*background-color:&#8230;<\/p>\n","protected":false},"author":1,"featured_media":0,"parent":0,"menu_order":0,"comment_status":"closed","ping_status":"closed","template":"","meta":{"footnotes":""},"class_list":["post-3235","page","type-page","status-publish"],"yoast_head":"<!-- This site is optimized with the Yoast SEO plugin v27.5 - https:\/\/yoast.com\/product\/yoast-seo-wordpress\/ -->\n<title>Nortycod - Contact Us<\/title>\n<meta name=\"description\" content=\"Contact us and get an uncompromised quote for the renovation of your property, kithcen remodelling or interior design in Tenerife .\" \/>\n<meta name=\"robots\" content=\"index, follow, max-snippet:-1, max-image-preview:large, max-video-preview:-1\" \/>\n<link rel=\"canonical\" href=\"https:\/\/nortycod.com\/en\/contact-refurbishment-company-tenerife\/\" \/>\n<meta property=\"og:locale\" content=\"en_US\" \/>\n<meta property=\"og:type\" content=\"article\" \/>\n<meta property=\"og:title\" content=\"Nortycod - Contact Us\" \/>\n<meta property=\"og:description\" content=\"Contact us and get an uncompromised quote for the renovation of your property, kithcen remodelling or interior design in Tenerife .\" \/>\n<meta property=\"og:url\" content=\"https:\/\/nortycod.com\/en\/contact-refurbishment-company-tenerife\/\" \/>\n<meta property=\"og:site_name\" content=\"Nortycod - Dise&ntilde;o de muebles y reformas en Tenerife\" \/>\n<meta property=\"article:modified_time\" content=\"2020-09-21T14:26:40+00:00\" \/>\n<meta name=\"twitter:card\" content=\"summary_large_image\" \/>\n<meta name=\"twitter:label1\" content=\"Est. reading time\" \/>\n\t<meta name=\"twitter:data1\" content=\"1 minute\" \/>\n<script type=\"application\/ld+json\" class=\"yoast-schema-graph\">{\"@context\":\"https:\\\/\\\/schema.org\",\"@graph\":[{\"@type\":\"WebPage\",\"@id\":\"https:\\\/\\\/nortycod.com\\\/en\\\/contact-refurbishment-company-tenerife\\\/\",\"url\":\"https:\\\/\\\/nortycod.com\\\/en\\\/contact-refurbishment-company-tenerife\\\/\",\"name\":\"Nortycod - Contact Us\",\"isPartOf\":{\"@id\":\"https:\\\/\\\/nortycod.com\\\/en\\\/#website\"},\"datePublished\":\"2020-06-22T12:47:28+00:00\",\"dateModified\":\"2020-09-21T14:26:40+00:00\",\"description\":\"Contact us and get an uncompromised quote for the renovation of your property, kithcen remodelling or interior design in Tenerife .\",\"breadcrumb\":{\"@id\":\"https:\\\/\\\/nortycod.com\\\/en\\\/contact-refurbishment-company-tenerife\\\/#breadcrumb\"},\"inLanguage\":\"en-US\",\"potentialAction\":[{\"@type\":\"ReadAction\",\"target\":[\"https:\\\/\\\/nortycod.com\\\/en\\\/contact-refurbishment-company-tenerife\\\/\"]}]},{\"@type\":\"BreadcrumbList\",\"@id\":\"https:\\\/\\\/nortycod.com\\\/en\\\/contact-refurbishment-company-tenerife\\\/#breadcrumb\",\"itemListElement\":[{\"@type\":\"ListItem\",\"position\":1,\"name\":\"Portada\",\"item\":\"https:\\\/\\\/nortycod.com\\\/en\\\/inicio\\\/\"},{\"@type\":\"ListItem\",\"position\":2,\"name\":\"Contact\"}]},{\"@type\":\"WebSite\",\"@id\":\"https:\\\/\\\/nortycod.com\\\/en\\\/#website\",\"url\":\"https:\\\/\\\/nortycod.com\\\/en\\\/\",\"name\":\"Nortycod - Dise&ntilde;o de muebles y reformas en Tenerife\",\"description\":\"Empresa especializada en reformas de hogares, ba&ntilde;os, cocinas en Tenerife\",\"potentialAction\":[{\"@type\":\"SearchAction\",\"target\":{\"@type\":\"EntryPoint\",\"urlTemplate\":\"https:\\\/\\\/nortycod.com\\\/en\\\/?s={search_term_string}\"},\"query-input\":{\"@type\":\"PropertyValueSpecification\",\"valueRequired\":true,\"valueName\":\"search_term_string\"}}],\"inLanguage\":\"en-US\"}]}<\/script>\n<!-- \/ Yoast SEO plugin. -->","yoast_head_json":{"title":"Nortycod - Contact Us","description":"Contact us and get an uncompromised quote for the renovation of your property, kithcen remodelling or interior design in Tenerife .","robots":{"index":"index","follow":"follow","max-snippet":"max-snippet:-1","max-image-preview":"max-image-preview:large","max-video-preview":"max-video-preview:-1"},"canonical":"https:\/\/nortycod.com\/en\/contact-refurbishment-company-tenerife\/","og_locale":"en_US","og_type":"article","og_title":"Nortycod - Contact Us","og_description":"Contact us and get an uncompromised quote for the renovation of your property, kithcen remodelling or interior design in Tenerife .","og_url":"https:\/\/nortycod.com\/en\/contact-refurbishment-company-tenerife\/","og_site_name":"Nortycod - Dise&ntilde;o de muebles y reformas en Tenerife","article_modified_time":"2020-09-21T14:26:40+00:00","twitter_card":"summary_large_image","twitter_misc":{"Est. reading time":"1 minute"},"schema":{"@context":"https:\/\/schema.org","@graph":[{"@type":"WebPage","@id":"https:\/\/nortycod.com\/en\/contact-refurbishment-company-tenerife\/","url":"https:\/\/nortycod.com\/en\/contact-refurbishment-company-tenerife\/","name":"Nortycod - Contact Us","isPartOf":{"@id":"https:\/\/nortycod.com\/en\/#website"},"datePublished":"2020-06-22T12:47:28+00:00","dateModified":"2020-09-21T14:26:40+00:00","description":"Contact us and get an uncompromised quote for the renovation of your property, kithcen remodelling or interior design in Tenerife .","breadcrumb":{"@id":"https:\/\/nortycod.com\/en\/contact-refurbishment-company-tenerife\/#breadcrumb"},"inLanguage":"en-US","potentialAction":[{"@type":"ReadAction","target":["https:\/\/nortycod.com\/en\/contact-refurbishment-company-tenerife\/"]}]},{"@type":"BreadcrumbList","@id":"https:\/\/nortycod.com\/en\/contact-refurbishment-company-tenerife\/#breadcrumb","itemListElement":[{"@type":"ListItem","position":1,"name":"Portada","item":"https:\/\/nortycod.com\/en\/inicio\/"},{"@type":"ListItem","position":2,"name":"Contact"}]},{"@type":"WebSite","@id":"https:\/\/nortycod.com\/en\/#website","url":"https:\/\/nortycod.com\/en\/","name":"Nortycod - Dise&ntilde;o de muebles y reformas en Tenerife","description":"Empresa especializada en reformas de hogares, ba&ntilde;os, cocinas en Tenerife","potentialAction":[{"@type":"SearchAction","target":{"@type":"EntryPoint","urlTemplate":"https:\/\/nortycod.com\/en\/?s={search_term_string}"},"query-input":{"@type":"PropertyValueSpecification","valueRequired":true,"valueName":"search_term_string"}}],"inLanguage":"en-US"}]}},"_links":{"self":[{"href":"https:\/\/nortycod.com\/en\/wp-json\/wp\/v2\/pages\/3235","targetHints":{"allow":["GET"]}}],"collection":[{"href":"https:\/\/nortycod.com\/en\/wp-json\/wp\/v2\/pages"}],"about":[{"href":"https:\/\/nortycod.com\/en\/wp-json\/wp\/v2\/types\/page"}],"author":[{"embeddable":true,"href":"https:\/\/nortycod.com\/en\/wp-json\/wp\/v2\/users\/1"}],"replies":[{"embeddable":true,"href":"https:\/\/nortycod.com\/en\/wp-json\/wp\/v2\/comments?post=3235"}],"version-history":[{"count":7,"href":"https:\/\/nortycod.com\/en\/wp-json\/wp\/v2\/pages\/3235\/revisions"}],"predecessor-version":[{"id":4067,"href":"https:\/\/nortycod.com\/en\/wp-json\/wp\/v2\/pages\/3235\/revisions\/4067"}],"wp:attachment":[{"href":"https:\/\/nortycod.com\/en\/wp-json\/wp\/v2\/media?parent=3235"}],"curies":[{"name":"wp","href":"https:\/\/api.w.org\/{rel}","templated":true}]}}